{"id":4324,"date":"2025-10-23T12:48:40","date_gmt":"2025-10-23T10:48:40","guid":{"rendered":"https:\/\/eltecno.se\/?page_id=4324"},"modified":"2025-10-31T08:41:00","modified_gmt":"2025-10-31T07:41:00","slug":"visselblasartjanst","status":"publish","type":"page","link":"https:\/\/eltecno.se\/?page_id=4324","title":{"rendered":"Visselbl\u00e5sartj\u00e4nst"},"content":{"rendered":"\t\t<div data-elementor-type=\"wp-page\" data-elementor-id=\"4324\" class=\"elementor elementor-4324\">\n\t\t\t\t<div class=\"elementor-element elementor-element-8b869d4 e-con-full e-flex e-con e-parent\" data-id=\"8b869d4\" data-element_type=\"container\">\n\t\t\t\t<div class=\"elementor-element elementor-element-4f53c74 elementor-widget elementor-widget-spacer\" data-id=\"4f53c74\" data-element_type=\"widget\" data-widget_type=\"spacer.default\">\n\t\t\t\t\t\t\t<div class=\"elementor-spacer\">\n\t\t\t<div class=\"elementor-spacer-inner\"><\/div>\n\t\t<\/div>\n\t\t\t\t\t\t<\/div>\n\t\t\t\t<\/div>\n\t\t<div class=\"elementor-element elementor-element-41d46f8 e-flex e-con-boxed e-con e-parent\" data-id=\"41d46f8\" data-element_type=\"container\">\n\t\t\t\t\t<div class=\"e-con-inner\">\n\t\t<div class=\"elementor-element elementor-element-cf6d3ce e-con-full e-flex e-con e-child\" data-id=\"cf6d3ce\" data-element_type=\"container\">\n\t\t\t\t<div class=\"elementor-element elementor-element-d4c244d elementor-widget elementor-widget-heading\" data-id=\"d4c244d\" data-element_type=\"widget\" data-widget_type=\"heading.default\">\n\t\t\t\t\t<h2 class=\"elementor-heading-title elementor-size-default\">Visselbl\u00e5sartj\u00e4nst<\/h2>\t\t\t\t<\/div>\n\t\t\t\t<div class=\"elementor-element elementor-element-0d05931 elementor-widget elementor-widget-text-editor\" data-id=\"0d05931\" data-element_type=\"widget\" data-widget_type=\"text-editor.default\">\n\t\t\t\t\t\t\t\t\t<p>Eltecno \u00e4r en del av KAMIC Group och omfattas d\u00e4rmed av koncernens visselbl\u00e5sartj\u00e4nst.<br data-start=\"945\" data-end=\"948\" \/>Visselbl\u00e5sarfunktionen finns till f\u00f6r att du p\u00e5 ett tryggt och anonymt s\u00e4tt ska kunna rapportera misstankar om allvarliga oegentligheter som r\u00f6r v\u00e5ra bolag eller medarbetare.<\/p><p>Alla rapporter hanteras konfidentiellt via en extern, oberoende kanal.<br data-start=\"1244\" data-end=\"1247\" \/>Du kan l\u00e4sa mer om rutinerna och l\u00e4mna en rapport via KAMIC Groups visselbl\u00e5sarportal p\u00e5 knappen nedan:<\/p>\t\t\t\t\t\t\t\t<\/div>\n\t\t\t\t<div class=\"elementor-element elementor-element-d6ebbe0 elementor-align-left elementor-widget elementor-widget-button\" data-id=\"d6ebbe0\" data-element_type=\"widget\" data-widget_type=\"button.default\">\n\t\t\t\t\t\t\t\t\t\t<a class=\"elementor-button elementor-button-link elementor-size-sm\" href=\"https:\/\/kamicgroup.com\/index.php\/visselblasartjanst\/\">\n\t\t\t\t\t\t<span class=\"elementor-button-content-wrapper\">\n\t\t\t\t\t\t\t\t\t<span class=\"elementor-button-text\">\u00d6ppna visselbl\u00e5sartj\u00e4nst<\/span>\n\t\t\t\t\t<\/span>\n\t\t\t\t\t<\/a>\n\t\t\t\t\t\t\t\t<\/div>\n\t\t\t\t<\/div>\n\t\t<div class=\"elementor-element elementor-element-89d4260 e-con-full e-flex e-con e-child\" data-id=\"89d4260\" data-element_type=\"container\">\n\t\t\t\t<div class=\"elementor-element elementor-element-f07ce09 elementor-widget elementor-widget-image\" data-id=\"f07ce09\" data-element_type=\"widget\" data-widget_type=\"image.default\">\n\t\t\t\t\t\t\t\t\t\t\t\t\t\t\t<img fetchpriority=\"high\" decoding=\"async\" width=\"1024\" height=\"683\" src=\"https:\/\/eltecno.se\/wp-content\/uploads\/2025\/10\/AdobeStock_720591670-1024x683.jpeg\" class=\"attachment-large size-large wp-image-4329\" alt=\"\" srcset=\"https:\/\/eltecno.se\/wp-content\/uploads\/2025\/10\/AdobeStock_720591670-1024x683.jpeg 1024w, https:\/\/eltecno.se\/wp-content\/uploads\/2025\/10\/AdobeStock_720591670-600x400.jpeg 600w, https:\/\/eltecno.se\/wp-content\/uploads\/2025\/10\/AdobeStock_720591670-300x200.jpeg 300w, https:\/\/eltecno.se\/wp-content\/uploads\/2025\/10\/AdobeStock_720591670-768x512.jpeg 768w, https:\/\/eltecno.se\/wp-content\/uploads\/2025\/10\/AdobeStock_720591670-1536x1024.jpeg 1536w, https:\/\/eltecno.se\/wp-content\/uploads\/2025\/10\/AdobeStock_720591670-2048x1365.jpeg 2048w, https:\/\/eltecno.se\/wp-content\/uploads\/2025\/10\/AdobeStock_720591670-900x600.jpeg 900w\" sizes=\"(max-width: 1024px) 100vw, 1024px\" \/>\t\t\t\t\t\t\t\t\t\t\t\t\t\t\t<\/div>\n\t\t\t\t<\/div>\n\t\t\t\t\t<\/div>\n\t\t\t\t<\/div>\n\t\t<div class=\"elementor-element elementor-element-13d91f8 e-con-full e-flex e-con e-parent\" data-id=\"13d91f8\" data-element_type=\"container\">\n\t\t\t\t<div class=\"elementor-element elementor-element-64f9d7c elementor-widget elementor-widget-spacer\" data-id=\"64f9d7c\" data-element_type=\"widget\" data-widget_type=\"spacer.default\">\n\t\t\t\t\t\t\t<div class=\"elementor-spacer\">\n\t\t\t<div class=\"elementor-spacer-inner\"><\/div>\n\t\t<\/div>\n\t\t\t\t\t\t<\/div>\n\t\t\t\t<\/div>\n\t\t\t\t<\/div>\n\t\t","protected":false},"excerpt":{"rendered":"<p>Visselbl\u00e5sartj\u00e4nst Eltecno \u00e4r en del av KAMIC Group och omfattas d\u00e4rmed av koncernens visselbl\u00e5sartj\u00e4nst.Visselbl\u00e5sarfunktionen finns till f\u00f6r att du p\u00e5 [&hellip;]<\/p>\n","protected":false},"author":1093,"featured_media":0,"parent":0,"menu_order":0,"comment_status":"closed","ping_status":"closed","template":"","meta":{"_acf_changed":false,"om_disable_all_campaigns":false,"_monsterinsights_skip_tracking":false,"_monsterinsights_sitenote_active":false,"_monsterinsights_sitenote_note":"","_monsterinsights_sitenote_category":0,"site-sidebar-layout":"no-sidebar","site-content-layout":"","ast-site-content-layout":"full-width-container","site-content-style":"default","site-sidebar-style":"default","ast-global-header-display":"","ast-banner-title-visibility":"","ast-main-header-display":"","ast-hfb-above-header-display":"","ast-hfb-below-header-display":"","ast-hfb-mobile-header-display":"","site-post-title":"disabled","ast-breadcrumbs-content":"","ast-featured-img":"disabled","footer-sml-layout":"","theme-transparent-header-meta":"","adv-header-id-meta":"","stick-header-meta":"","header-above-stick-meta":"","header-main-stick-meta":"","header-below-stick-meta":"","astra-migrate-meta-layouts":"default","ast-page-background-enabled":"default","ast-page-background-meta":{"desktop":{"background-color":"var(--ast-global-color-5)","background-image":"","background-repeat":"repeat","background-position":"center center","background-size":"auto","background-attachment":"scroll","background-type":"","background-media":"","overlay-type":"","overlay-color":"","overlay-opacity":"","overlay-gradient":""},"tablet":{"background-color":"","background-image":"","background-repeat":"repeat","background-position":"center center","background-size":"auto","background-attachment":"scroll","background-type":"","background-media":"","overlay-type":"","overlay-color":"","overlay-opacity":"","overlay-gradient":""},"mobile":{"background-color":"","background-image":"","background-repeat":"repeat","background-position":"center center","background-size":"auto","background-attachment":"scroll","background-type":"","background-media":"","overlay-type":"","overlay-color":"","overlay-opacity":"","overlay-gradient":""}},"ast-content-background-meta":{"desktop":{"background-color":"var(--ast-global-color-4)","background-image":"","background-repeat":"repeat","background-position":"center center","background-size":"auto","background-attachment":"scroll","background-type":"","background-media":"","overlay-type":"","overlay-color":"","overlay-opacity":"","overlay-gradient":""},"tablet":{"background-color":"var(--ast-global-color-4)","background-image":"","background-repeat":"repeat","background-position":"center center","background-size":"auto","background-attachment":"scroll","background-type":"","background-media":"","overlay-type":"","overlay-color":"","overlay-opacity":"","overlay-gradient":""},"mobile":{"background-color":"var(--ast-global-color-4)","background-image":"","background-repeat":"repeat","background-position":"center center","background-size":"auto","background-attachment":"scroll","background-type":"","background-media":"","overlay-type":"","overlay-color":"","overlay-opacity":"","overlay-gradient":""}},"footnotes":""},"class_list":["post-4324","page","type-page","status-publish","hentry"],"acf":[],"aioseo_notices":[],"yoast_head":"<!-- This site is optimized with the Yoast SEO plugin v26.4 - https:\/\/yoast.com\/wordpress\/plugins\/seo\/ -->\n<title>Visselbl\u00e5sartj\u00e4nst -<\/title>\n<meta name=\"robots\" content=\"index, follow, max-snippet:-1, max-image-preview:large, max-video-preview:-1\" \/>\n<link rel=\"canonical\" href=\"https:\/\/eltecno.se\/?page_id=4324\" \/>\n<meta property=\"og:locale\" content=\"sv_SE\" \/>\n<meta property=\"og:type\" content=\"article\" \/>\n<meta property=\"og:title\" content=\"Visselbl\u00e5sartj\u00e4nst -\" \/>\n<meta property=\"og:description\" content=\"Visselbl\u00e5sartj\u00e4nst Eltecno \u00e4r en del av KAMIC Group och omfattas d\u00e4rmed av koncernens visselbl\u00e5sartj\u00e4nst.Visselbl\u00e5sarfunktionen finns till f\u00f6r att du p\u00e5 [&hellip;]\" \/>\n<meta property=\"og:url\" content=\"https:\/\/eltecno.se\/?page_id=4324\" \/>\n<meta property=\"article:publisher\" content=\"https:\/\/www.linkedin.com\/company\/eltecno-ab\/?viewAsMember=true\" \/>\n<meta property=\"article:modified_time\" content=\"2025-10-31T07:41:00+00:00\" \/>\n<meta property=\"og:image\" content=\"https:\/\/eltecno.se\/wp-content\/uploads\/2025\/10\/AdobeStock_720591670-1024x683.jpeg\" \/>\n<meta name=\"twitter:card\" content=\"summary_large_image\" \/>\n<script type=\"application\/ld+json\" class=\"yoast-schema-graph\">{\"@context\":\"https:\/\/schema.org\",\"@graph\":[{\"@type\":\"WebPage\",\"@id\":\"https:\/\/eltecno.se\/?page_id=4324\",\"url\":\"https:\/\/eltecno.se\/?page_id=4324\",\"name\":\"Visselbl\u00e5sartj\u00e4nst -\",\"isPartOf\":{\"@id\":\"https:\/\/eltecno.se\/#website\"},\"primaryImageOfPage\":{\"@id\":\"https:\/\/eltecno.se\/?page_id=4324#primaryimage\"},\"image\":{\"@id\":\"https:\/\/eltecno.se\/?page_id=4324#primaryimage\"},\"thumbnailUrl\":\"https:\/\/eltecno.se\/wp-content\/uploads\/2025\/10\/AdobeStock_720591670-1024x683.jpeg\",\"datePublished\":\"2025-10-23T10:48:40+00:00\",\"dateModified\":\"2025-10-31T07:41:00+00:00\",\"breadcrumb\":{\"@id\":\"https:\/\/eltecno.se\/?page_id=4324#breadcrumb\"},\"inLanguage\":\"sv-SE\",\"potentialAction\":[{\"@type\":\"ReadAction\",\"target\":[\"https:\/\/eltecno.se\/?page_id=4324\"]}]},{\"@type\":\"ImageObject\",\"inLanguage\":\"sv-SE\",\"@id\":\"https:\/\/eltecno.se\/?page_id=4324#primaryimage\",\"url\":\"https:\/\/eltecno.se\/wp-content\/uploads\/2025\/10\/AdobeStock_720591670-scaled.jpeg\",\"contentUrl\":\"https:\/\/eltecno.se\/wp-content\/uploads\/2025\/10\/AdobeStock_720591670-scaled.jpeg\",\"width\":2560,\"height\":1707},{\"@type\":\"BreadcrumbList\",\"@id\":\"https:\/\/eltecno.se\/?page_id=4324#breadcrumb\",\"itemListElement\":[{\"@type\":\"ListItem\",\"position\":1,\"name\":\"Hem\",\"item\":\"https:\/\/eltecno.se\/\"},{\"@type\":\"ListItem\",\"position\":2,\"name\":\"Visselbl\u00e5sartj\u00e4nst\"}]},{\"@type\":\"WebSite\",\"@id\":\"https:\/\/eltecno.se\/#website\",\"url\":\"https:\/\/eltecno.se\/\",\"name\":\"Eltecno\",\"description\":\"N\u00e4r du vill vara i fas med livet\",\"publisher\":{\"@id\":\"https:\/\/eltecno.se\/#organization\"},\"potentialAction\":[{\"@type\":\"SearchAction\",\"target\":{\"@type\":\"EntryPoint\",\"urlTemplate\":\"https:\/\/eltecno.se\/?s={search_term_string}\"},\"query-input\":{\"@type\":\"PropertyValueSpecification\",\"valueRequired\":true,\"valueName\":\"search_term_string\"}}],\"inLanguage\":\"sv-SE\"},{\"@type\":\"Organization\",\"@id\":\"https:\/\/eltecno.se\/#organization\",\"name\":\"Eltecno\",\"url\":\"https:\/\/eltecno.se\/\",\"logo\":{\"@type\":\"ImageObject\",\"inLanguage\":\"sv-SE\",\"@id\":\"https:\/\/eltecno.se\/#\/schema\/logo\/image\/\",\"url\":\"https:\/\/eltecno.se\/wp-content\/uploads\/2025\/11\/cropped-Eltecno-logotyp-liggande.png\",\"contentUrl\":\"https:\/\/eltecno.se\/wp-content\/uploads\/2025\/11\/cropped-Eltecno-logotyp-liggande.png\",\"width\":1494,\"height\":316,\"caption\":\"Eltecno\"},\"image\":{\"@id\":\"https:\/\/eltecno.se\/#\/schema\/logo\/image\/\"},\"sameAs\":[\"https:\/\/www.linkedin.com\/company\/eltecno-ab\/?viewAsMember=true\"]}]}<\/script>\n<!-- \/ Yoast SEO plugin. -->","yoast_head_json":{"title":"Visselbl\u00e5sartj\u00e4nst -","robots":{"index":"index","follow":"follow","max-snippet":"max-snippet:-1","max-image-preview":"max-image-preview:large","max-video-preview":"max-video-preview:-1"},"canonical":"https:\/\/eltecno.se\/?page_id=4324","og_locale":"sv_SE","og_type":"article","og_title":"Visselbl\u00e5sartj\u00e4nst -","og_description":"Visselbl\u00e5sartj\u00e4nst Eltecno \u00e4r en del av KAMIC Group och omfattas d\u00e4rmed av koncernens visselbl\u00e5sartj\u00e4nst.Visselbl\u00e5sarfunktionen finns till f\u00f6r att du p\u00e5 [&hellip;]","og_url":"https:\/\/eltecno.se\/?page_id=4324","article_publisher":"https:\/\/www.linkedin.com\/company\/eltecno-ab\/?viewAsMember=true","article_modified_time":"2025-10-31T07:41:00+00:00","og_image":[{"url":"https:\/\/eltecno.se\/wp-content\/uploads\/2025\/10\/AdobeStock_720591670-1024x683.jpeg","type":"","width":"","height":""}],"twitter_card":"summary_large_image","schema":{"@context":"https:\/\/schema.org","@graph":[{"@type":"WebPage","@id":"https:\/\/eltecno.se\/?page_id=4324","url":"https:\/\/eltecno.se\/?page_id=4324","name":"Visselbl\u00e5sartj\u00e4nst -","isPartOf":{"@id":"https:\/\/eltecno.se\/#website"},"primaryImageOfPage":{"@id":"https:\/\/eltecno.se\/?page_id=4324#primaryimage"},"image":{"@id":"https:\/\/eltecno.se\/?page_id=4324#primaryimage"},"thumbnailUrl":"https:\/\/eltecno.se\/wp-content\/uploads\/2025\/10\/AdobeStock_720591670-1024x683.jpeg","datePublished":"2025-10-23T10:48:40+00:00","dateModified":"2025-10-31T07:41:00+00:00","breadcrumb":{"@id":"https:\/\/eltecno.se\/?page_id=4324#breadcrumb"},"inLanguage":"sv-SE","potentialAction":[{"@type":"ReadAction","target":["https:\/\/eltecno.se\/?page_id=4324"]}]},{"@type":"ImageObject","inLanguage":"sv-SE","@id":"https:\/\/eltecno.se\/?page_id=4324#primaryimage","url":"https:\/\/eltecno.se\/wp-content\/uploads\/2025\/10\/AdobeStock_720591670-scaled.jpeg","contentUrl":"https:\/\/eltecno.se\/wp-content\/uploads\/2025\/10\/AdobeStock_720591670-scaled.jpeg","width":2560,"height":1707},{"@type":"BreadcrumbList","@id":"https:\/\/eltecno.se\/?page_id=4324#breadcrumb","itemListElement":[{"@type":"ListItem","position":1,"name":"Hem","item":"https:\/\/eltecno.se\/"},{"@type":"ListItem","position":2,"name":"Visselbl\u00e5sartj\u00e4nst"}]},{"@type":"WebSite","@id":"https:\/\/eltecno.se\/#website","url":"https:\/\/eltecno.se\/","name":"Eltecno","description":"N\u00e4r du vill vara i fas med livet","publisher":{"@id":"https:\/\/eltecno.se\/#organization"},"potentialAction":[{"@type":"SearchAction","target":{"@type":"EntryPoint","urlTemplate":"https:\/\/eltecno.se\/?s={search_term_string}"},"query-input":{"@type":"PropertyValueSpecification","valueRequired":true,"valueName":"search_term_string"}}],"inLanguage":"sv-SE"},{"@type":"Organization","@id":"https:\/\/eltecno.se\/#organization","name":"Eltecno","url":"https:\/\/eltecno.se\/","logo":{"@type":"ImageObject","inLanguage":"sv-SE","@id":"https:\/\/eltecno.se\/#\/schema\/logo\/image\/","url":"https:\/\/eltecno.se\/wp-content\/uploads\/2025\/11\/cropped-Eltecno-logotyp-liggande.png","contentUrl":"https:\/\/eltecno.se\/wp-content\/uploads\/2025\/11\/cropped-Eltecno-logotyp-liggande.png","width":1494,"height":316,"caption":"Eltecno"},"image":{"@id":"https:\/\/eltecno.se\/#\/schema\/logo\/image\/"},"sameAs":["https:\/\/www.linkedin.com\/company\/eltecno-ab\/?viewAsMember=true"]}]}},"_links":{"self":[{"href":"https:\/\/eltecno.se\/index.php?rest_route=\/wp\/v2\/pages\/4324","targetHints":{"allow":["GET"]}}],"collection":[{"href":"https:\/\/eltecno.se\/index.php?rest_route=\/wp\/v2\/pages"}],"about":[{"href":"https:\/\/eltecno.se\/index.php?rest_route=\/wp\/v2\/types\/page"}],"author":[{"embeddable":true,"href":"https:\/\/eltecno.se\/index.php?rest_route=\/wp\/v2\/users\/1093"}],"replies":[{"embeddable":true,"href":"https:\/\/eltecno.se\/index.php?rest_route=%2Fwp%2Fv2%2Fcomments&post=4324"}],"version-history":[{"count":14,"href":"https:\/\/eltecno.se\/index.php?rest_route=\/wp\/v2\/pages\/4324\/revisions"}],"predecessor-version":[{"id":4877,"href":"https:\/\/eltecno.se\/index.php?rest_route=\/wp\/v2\/pages\/4324\/revisions\/4877"}],"wp:attachment":[{"href":"https:\/\/eltecno.se\/index.php?rest_route=%2Fwp%2Fv2%2Fmedia&parent=4324"}],"curies":[{"name":"wp","href":"https:\/\/api.w.org\/{rel}","templated":true}]}}