{"id":4400,"date":"2025-10-23T14:11:02","date_gmt":"2025-10-23T12:11:02","guid":{"rendered":"https:\/\/eltecno.se\/?page_id=4400"},"modified":"2025-11-26T07:01:33","modified_gmt":"2025-11-26T06:01:33","slug":"caroli-kopcentrummalmo","status":"publish","type":"page","link":"https:\/\/eltecno.se\/?page_id=4400","title":{"rendered":"Caroli k\u00f6pcentrum, Malm\u00f6"},"content":{"rendered":"\t\t<div data-elementor-type=\"wp-page\" data-elementor-id=\"4400\" class=\"elementor elementor-4400\">\n\t\t\t\t<div class=\"elementor-element elementor-element-640e8b88 e-flex e-con-boxed e-con e-parent\" data-id=\"640e8b88\" data-element_type=\"container\">\n\t\t\t\t\t<div class=\"e-con-inner\">\n\t\t\t\t<div class=\"elementor-element elementor-element-cac9906 elementor-widget elementor-widget-spacer\" data-id=\"cac9906\" data-element_type=\"widget\" data-widget_type=\"spacer.default\">\n\t\t\t\t\t\t\t<div class=\"elementor-spacer\">\n\t\t\t<div class=\"elementor-spacer-inner\"><\/div>\n\t\t<\/div>\n\t\t\t\t\t\t<\/div>\n\t\t\t\t<div class=\"elementor-element elementor-element-16c07a1 elementor-widget elementor-widget-heading\" data-id=\"16c07a1\" data-element_type=\"widget\" data-widget_type=\"heading.default\">\n\t\t\t\t\t<h2 class=\"elementor-heading-title elementor-size-default\">Caroli k\u00f6pcentrum, \nMalm\u00f6<\/h2>\t\t\t\t<\/div>\n\t\t\t\t\t<\/div>\n\t\t\t\t<\/div>\n\t\t<div class=\"elementor-element elementor-element-420e96ad e-flex e-con-boxed e-con e-parent\" data-id=\"420e96ad\" data-element_type=\"container\">\n\t\t\t\t\t<div class=\"e-con-inner\">\n\t\t<div class=\"elementor-element elementor-element-6b490af3 e-con-full e-flex e-con e-child\" data-id=\"6b490af3\" data-element_type=\"container\">\n\t\t\t\t<\/div>\n\t\t<div class=\"elementor-element elementor-element-76d230ce e-con-full e-flex e-con e-child\" data-id=\"76d230ce\" data-element_type=\"container\">\n\t\t\t\t<div class=\"elementor-element elementor-element-6ab26e2c elementor-widget elementor-widget-image\" data-id=\"6ab26e2c\" data-element_type=\"widget\" data-widget_type=\"image.default\">\n\t\t\t\t\t\t\t\t\t\t\t\t\t\t\t<img fetchpriority=\"high\" decoding=\"async\" width=\"600\" height=\"600\" src=\"https:\/\/eltecno.se\/wp-content\/uploads\/2025\/10\/Kv-Caroli.png\" class=\"attachment-large size-large wp-image-4403\" alt=\"Kv Caroli\" srcset=\"https:\/\/eltecno.se\/wp-content\/uploads\/2025\/10\/Kv-Caroli.png 600w, https:\/\/eltecno.se\/wp-content\/uploads\/2025\/10\/Kv-Caroli-300x300.png 300w, https:\/\/eltecno.se\/wp-content\/uploads\/2025\/10\/Kv-Caroli-100x100.png 100w\" sizes=\"(max-width: 600px) 100vw, 600px\" \/>\t\t\t\t\t\t\t\t\t\t\t\t\t\t\t<\/div>\n\t\t\t\t<\/div>\n\t\t\t\t\t<\/div>\n\t\t\t\t<\/div>\n\t\t\t\t<\/div>\n\t\t","protected":false},"excerpt":{"rendered":"<p>Caroli k\u00f6pcentrum, Malm\u00f6<\/p>\n","protected":false},"author":1093,"featured_media":0,"parent":0,"menu_order":0,"comment_status":"closed","ping_status":"closed","template":"","meta":{"_acf_changed":false,"om_disable_all_campaigns":false,"_monsterinsights_skip_tracking":false,"_monsterinsights_sitenote_active":false,"_monsterinsights_sitenote_note":"","_monsterinsights_sitenote_category":0,"site-sidebar-layout":"no-sidebar","site-content-layout":"","ast-site-content-layout":"full-width-container","site-content-style":"default","site-sidebar-style":"default","ast-global-header-display":"","ast-banner-title-visibility":"","ast-main-header-display":"","ast-hfb-above-header-display":"","ast-hfb-below-header-display":"","ast-hfb-mobile-header-display":"","site-post-title":"disabled","ast-breadcrumbs-content":"","ast-featured-img":"disabled","footer-sml-layout":"","theme-transparent-header-meta":"","adv-header-id-meta":"","stick-header-meta":"","header-above-stick-meta":"","header-main-stick-meta":"","header-below-stick-meta":"","astra-migrate-meta-layouts":"default","ast-page-background-enabled":"default","ast-page-background-meta":{"desktop":{"background-color":"var(--ast-global-color-5)","background-image":"","background-repeat":"repeat","background-position":"center center","background-size":"auto","background-attachment":"scroll","background-type":"","background-media":"","overlay-type":"","overlay-color":"","overlay-opacity":"","overlay-gradient":""},"tablet":{"background-color":"","background-image":"","background-repeat":"repeat","background-position":"center center","background-size":"auto","background-attachment":"scroll","background-type":"","background-media":"","overlay-type":"","overlay-color":"","overlay-opacity":"","overlay-gradient":""},"mobile":{"background-color":"","background-image":"","background-repeat":"repeat","background-position":"center center","background-size":"auto","background-attachment":"scroll","background-type":"","background-media":"","overlay-type":"","overlay-color":"","overlay-opacity":"","overlay-gradient":""}},"ast-content-background-meta":{"desktop":{"background-color":"var(--ast-global-color-4)","background-image":"","background-repeat":"repeat","background-position":"center center","background-size":"auto","background-attachment":"scroll","background-type":"","background-media":"","overlay-type":"","overlay-color":"","overlay-opacity":"","overlay-gradient":""},"tablet":{"background-color":"var(--ast-global-color-4)","background-image":"","background-repeat":"repeat","background-position":"center center","background-size":"auto","background-attachment":"scroll","background-type":"","background-media":"","overlay-type":"","overlay-color":"","overlay-opacity":"","overlay-gradient":""},"mobile":{"background-color":"var(--ast-global-color-4)","background-image":"","background-repeat":"repeat","background-position":"center center","background-size":"auto","background-attachment":"scroll","background-type":"","background-media":"","overlay-type":"","overlay-color":"","overlay-opacity":"","overlay-gradient":""}},"footnotes":""},"class_list":["post-4400","page","type-page","status-publish","hentry"],"acf":[],"aioseo_notices":[],"yoast_head":"<!-- This site is optimized with the Yoast SEO plugin v26.4 - https:\/\/yoast.com\/wordpress\/plugins\/seo\/ -->\n<title>Caroli k\u00f6pcentrum, Malm\u00f6 -<\/title>\n<meta name=\"robots\" content=\"index, follow, max-snippet:-1, max-image-preview:large, max-video-preview:-1\" \/>\n<link rel=\"canonical\" href=\"https:\/\/eltecno.se\/?page_id=4400\" \/>\n<meta property=\"og:locale\" content=\"sv_SE\" \/>\n<meta property=\"og:type\" content=\"article\" \/>\n<meta property=\"og:title\" content=\"Caroli k\u00f6pcentrum, Malm\u00f6 -\" \/>\n<meta property=\"og:description\" content=\"Caroli k\u00f6pcentrum, Malm\u00f6\" \/>\n<meta property=\"og:url\" content=\"https:\/\/eltecno.se\/?page_id=4400\" \/>\n<meta property=\"article:publisher\" content=\"https:\/\/www.linkedin.com\/company\/eltecno-ab\/?viewAsMember=true\" \/>\n<meta property=\"article:modified_time\" content=\"2025-11-26T06:01:33+00:00\" \/>\n<meta property=\"og:image\" content=\"https:\/\/eltecno.se\/wp-content\/uploads\/2025\/10\/Kv-Caroli.png\" \/>\n\t<meta property=\"og:image:width\" content=\"600\" \/>\n\t<meta property=\"og:image:height\" content=\"600\" \/>\n\t<meta property=\"og:image:type\" content=\"image\/png\" \/>\n<meta name=\"twitter:card\" content=\"summary_large_image\" \/>\n<meta name=\"twitter:label1\" content=\"Ber\u00e4knad l\u00e4stid\" \/>\n\t<meta name=\"twitter:data1\" content=\"1 minut\" \/>\n<script type=\"application\/ld+json\" class=\"yoast-schema-graph\">{\"@context\":\"https:\/\/schema.org\",\"@graph\":[{\"@type\":\"WebPage\",\"@id\":\"https:\/\/eltecno.se\/?page_id=4400\",\"url\":\"https:\/\/eltecno.se\/?page_id=4400\",\"name\":\"Caroli k\u00f6pcentrum, Malm\u00f6 -\",\"isPartOf\":{\"@id\":\"https:\/\/eltecno.se\/#website\"},\"primaryImageOfPage\":{\"@id\":\"https:\/\/eltecno.se\/?page_id=4400#primaryimage\"},\"image\":{\"@id\":\"https:\/\/eltecno.se\/?page_id=4400#primaryimage\"},\"thumbnailUrl\":\"https:\/\/eltecno.se\/wp-content\/uploads\/2025\/10\/Kv-Caroli.png\",\"datePublished\":\"2025-10-23T12:11:02+00:00\",\"dateModified\":\"2025-11-26T06:01:33+00:00\",\"breadcrumb\":{\"@id\":\"https:\/\/eltecno.se\/?page_id=4400#breadcrumb\"},\"inLanguage\":\"sv-SE\",\"potentialAction\":[{\"@type\":\"ReadAction\",\"target\":[\"https:\/\/eltecno.se\/?page_id=4400\"]}]},{\"@type\":\"ImageObject\",\"inLanguage\":\"sv-SE\",\"@id\":\"https:\/\/eltecno.se\/?page_id=4400#primaryimage\",\"url\":\"https:\/\/eltecno.se\/wp-content\/uploads\/2025\/10\/Kv-Caroli.png\",\"contentUrl\":\"https:\/\/eltecno.se\/wp-content\/uploads\/2025\/10\/Kv-Caroli.png\",\"width\":600,\"height\":600,\"caption\":\"Kv Caroli\"},{\"@type\":\"BreadcrumbList\",\"@id\":\"https:\/\/eltecno.se\/?page_id=4400#breadcrumb\",\"itemListElement\":[{\"@type\":\"ListItem\",\"position\":1,\"name\":\"Hem\",\"item\":\"https:\/\/eltecno.se\/\"},{\"@type\":\"ListItem\",\"position\":2,\"name\":\"Caroli k\u00f6pcentrum, Malm\u00f6\"}]},{\"@type\":\"WebSite\",\"@id\":\"https:\/\/eltecno.se\/#website\",\"url\":\"https:\/\/eltecno.se\/\",\"name\":\"Eltecno\",\"description\":\"N\u00e4r du vill vara i fas med livet\",\"publisher\":{\"@id\":\"https:\/\/eltecno.se\/#organization\"},\"potentialAction\":[{\"@type\":\"SearchAction\",\"target\":{\"@type\":\"EntryPoint\",\"urlTemplate\":\"https:\/\/eltecno.se\/?s={search_term_string}\"},\"query-input\":{\"@type\":\"PropertyValueSpecification\",\"valueRequired\":true,\"valueName\":\"search_term_string\"}}],\"inLanguage\":\"sv-SE\"},{\"@type\":\"Organization\",\"@id\":\"https:\/\/eltecno.se\/#organization\",\"name\":\"Eltecno\",\"url\":\"https:\/\/eltecno.se\/\",\"logo\":{\"@type\":\"ImageObject\",\"inLanguage\":\"sv-SE\",\"@id\":\"https:\/\/eltecno.se\/#\/schema\/logo\/image\/\",\"url\":\"https:\/\/eltecno.se\/wp-content\/uploads\/2025\/11\/cropped-Eltecno-logotyp-liggande.png\",\"contentUrl\":\"https:\/\/eltecno.se\/wp-content\/uploads\/2025\/11\/cropped-Eltecno-logotyp-liggande.png\",\"width\":1494,\"height\":316,\"caption\":\"Eltecno\"},\"image\":{\"@id\":\"https:\/\/eltecno.se\/#\/schema\/logo\/image\/\"},\"sameAs\":[\"https:\/\/www.linkedin.com\/company\/eltecno-ab\/?viewAsMember=true\"]}]}<\/script>\n<!-- \/ Yoast SEO plugin. -->","yoast_head_json":{"title":"Caroli k\u00f6pcentrum, Malm\u00f6 -","robots":{"index":"index","follow":"follow","max-snippet":"max-snippet:-1","max-image-preview":"max-image-preview:large","max-video-preview":"max-video-preview:-1"},"canonical":"https:\/\/eltecno.se\/?page_id=4400","og_locale":"sv_SE","og_type":"article","og_title":"Caroli k\u00f6pcentrum, Malm\u00f6 -","og_description":"Caroli k\u00f6pcentrum, Malm\u00f6","og_url":"https:\/\/eltecno.se\/?page_id=4400","article_publisher":"https:\/\/www.linkedin.com\/company\/eltecno-ab\/?viewAsMember=true","article_modified_time":"2025-11-26T06:01:33+00:00","og_image":[{"width":600,"height":600,"url":"https:\/\/eltecno.se\/wp-content\/uploads\/2025\/10\/Kv-Caroli.png","type":"image\/png"}],"twitter_card":"summary_large_image","twitter_misc":{"Ber\u00e4knad l\u00e4stid":"1 minut"},"schema":{"@context":"https:\/\/schema.org","@graph":[{"@type":"WebPage","@id":"https:\/\/eltecno.se\/?page_id=4400","url":"https:\/\/eltecno.se\/?page_id=4400","name":"Caroli k\u00f6pcentrum, Malm\u00f6 -","isPartOf":{"@id":"https:\/\/eltecno.se\/#website"},"primaryImageOfPage":{"@id":"https:\/\/eltecno.se\/?page_id=4400#primaryimage"},"image":{"@id":"https:\/\/eltecno.se\/?page_id=4400#primaryimage"},"thumbnailUrl":"https:\/\/eltecno.se\/wp-content\/uploads\/2025\/10\/Kv-Caroli.png","datePublished":"2025-10-23T12:11:02+00:00","dateModified":"2025-11-26T06:01:33+00:00","breadcrumb":{"@id":"https:\/\/eltecno.se\/?page_id=4400#breadcrumb"},"inLanguage":"sv-SE","potentialAction":[{"@type":"ReadAction","target":["https:\/\/eltecno.se\/?page_id=4400"]}]},{"@type":"ImageObject","inLanguage":"sv-SE","@id":"https:\/\/eltecno.se\/?page_id=4400#primaryimage","url":"https:\/\/eltecno.se\/wp-content\/uploads\/2025\/10\/Kv-Caroli.png","contentUrl":"https:\/\/eltecno.se\/wp-content\/uploads\/2025\/10\/Kv-Caroli.png","width":600,"height":600,"caption":"Kv Caroli"},{"@type":"BreadcrumbList","@id":"https:\/\/eltecno.se\/?page_id=4400#breadcrumb","itemListElement":[{"@type":"ListItem","position":1,"name":"Hem","item":"https:\/\/eltecno.se\/"},{"@type":"ListItem","position":2,"name":"Caroli k\u00f6pcentrum, Malm\u00f6"}]},{"@type":"WebSite","@id":"https:\/\/eltecno.se\/#website","url":"https:\/\/eltecno.se\/","name":"Eltecno","description":"N\u00e4r du vill vara i fas med livet","publisher":{"@id":"https:\/\/eltecno.se\/#organization"},"potentialAction":[{"@type":"SearchAction","target":{"@type":"EntryPoint","urlTemplate":"https:\/\/eltecno.se\/?s={search_term_string}"},"query-input":{"@type":"PropertyValueSpecification","valueRequired":true,"valueName":"search_term_string"}}],"inLanguage":"sv-SE"},{"@type":"Organization","@id":"https:\/\/eltecno.se\/#organization","name":"Eltecno","url":"https:\/\/eltecno.se\/","logo":{"@type":"ImageObject","inLanguage":"sv-SE","@id":"https:\/\/eltecno.se\/#\/schema\/logo\/image\/","url":"https:\/\/eltecno.se\/wp-content\/uploads\/2025\/11\/cropped-Eltecno-logotyp-liggande.png","contentUrl":"https:\/\/eltecno.se\/wp-content\/uploads\/2025\/11\/cropped-Eltecno-logotyp-liggande.png","width":1494,"height":316,"caption":"Eltecno"},"image":{"@id":"https:\/\/eltecno.se\/#\/schema\/logo\/image\/"},"sameAs":["https:\/\/www.linkedin.com\/company\/eltecno-ab\/?viewAsMember=true"]}]}},"_links":{"self":[{"href":"https:\/\/eltecno.se\/index.php?rest_route=\/wp\/v2\/pages\/4400","targetHints":{"allow":["GET"]}}],"collection":[{"href":"https:\/\/eltecno.se\/index.php?rest_route=\/wp\/v2\/pages"}],"about":[{"href":"https:\/\/eltecno.se\/index.php?rest_route=\/wp\/v2\/types\/page"}],"author":[{"embeddable":true,"href":"https:\/\/eltecno.se\/index.php?rest_route=\/wp\/v2\/users\/1093"}],"replies":[{"embeddable":true,"href":"https:\/\/eltecno.se\/index.php?rest_route=%2Fwp%2Fv2%2Fcomments&post=4400"}],"version-history":[{"count":12,"href":"https:\/\/eltecno.se\/index.php?rest_route=\/wp\/v2\/pages\/4400\/revisions"}],"predecessor-version":[{"id":5232,"href":"https:\/\/eltecno.se\/index.php?rest_route=\/wp\/v2\/pages\/4400\/revisions\/5232"}],"wp:attachment":[{"href":"https:\/\/eltecno.se\/index.php?rest_route=%2Fwp%2Fv2%2Fmedia&parent=4400"}],"curies":[{"name":"wp","href":"https:\/\/api.w.org\/{rel}","templated":true}]}}