{"id":4894,"date":"2025-10-31T09:10:29","date_gmt":"2025-10-31T08:10:29","guid":{"rendered":"https:\/\/eltecno.se\/?page_id=4894"},"modified":"2025-11-26T06:54:10","modified_gmt":"2025-11-26T05:54:10","slug":"var-historia-2","status":"publish","type":"page","link":"https:\/\/eltecno.se\/?page_id=4894","title":{"rendered":"V\u00e5r historia"},"content":{"rendered":"\t\t<div data-elementor-type=\"wp-page\" data-elementor-id=\"4894\" class=\"elementor elementor-4894\">\n\t\t\t\t<div class=\"elementor-element elementor-element-72f9f579 e-con-full e-flex e-con e-parent\" data-id=\"72f9f579\" data-element_type=\"container\">\n\t\t\t\t<div class=\"elementor-element elementor-element-739862d6 elementor-widget elementor-widget-spacer\" data-id=\"739862d6\" data-element_type=\"widget\" data-widget_type=\"spacer.default\">\n\t\t\t\t\t\t\t<div class=\"elementor-spacer\">\n\t\t\t<div class=\"elementor-spacer-inner\"><\/div>\n\t\t<\/div>\n\t\t\t\t\t\t<\/div>\n\t\t\t\t<div class=\"elementor-element elementor-element-2c02c3dc elementor-widget elementor-widget-heading\" data-id=\"2c02c3dc\" data-element_type=\"widget\" data-widget_type=\"heading.default\">\n\t\t\t\t\t<h1 class=\"elementor-heading-title elementor-size-default\">V\u00e5r Historia<\/h1>\t\t\t\t<\/div>\n\t\t\t\t<\/div>\n\t\t<div class=\"elementor-element elementor-element-42ddf0bc e-con-full e-flex e-con e-parent\" data-id=\"42ddf0bc\" data-element_type=\"container\">\n\t\t\t\t<div class=\"elementor-element elementor-element-2769acc3 premium-wrapper-link-yes elementor-widget elementor-widget-timeline-widget-addon\" data-id=\"2769acc3\" data-element_type=\"widget\" data-widget_type=\"timeline-widget-addon.default\">\n\t\t\t\t<div class=\"elementor-widget-container\">\n\t\t\t\t\t<!-- ========= Timeline Widget Addon For Elementor 1.6.18 ========= -->\n<div id=\"twae-wrapper-2769acc3\" class=\"twae-vertical twae-wrapper  twae-both-sided\">   \n    <div class=\"twae-start\"><\/div>    \n    <div id=\"twea-timeline-2769acc3\" class=\"twae-timeline\" ><!-- Start of Story Repeater Content --><div id=\"story-68065ab\" class=\"twae-story twae-repeater-item twae-story-right twae-story-no-icon\"><!-- Story Label --><div class=\"twae-labels\"><div class=\"twae-label-big\">1993 <\/div><\/div><!-- Story Icon --><div class=\"twae-icon\"><i aria-hidden=\"true\" class=\"far fa-clock\"><\/i><\/div><!-- Story Arrow --><div class=\"twae-arrow\"><\/div><!-- Start of Story Content --><div class=\"twae-content\"><!-- Story Title --><div class=\"twae-title\">Grunden l\u00e4ggs<\/div><!-- Story Image --><div class=\"twae-media medium\"><img fetchpriority=\"high\" decoding=\"async\" width=\"600\" height=\"600\" src=\"https:\/\/eltecno.se\/wp-content\/uploads\/2025\/11\/1.png\" class=\"attachment-medium size-medium\" alt=\"\" srcset=\"https:\/\/eltecno.se\/wp-content\/uploads\/2025\/11\/1.png 600w, https:\/\/eltecno.se\/wp-content\/uploads\/2025\/11\/1-300x300.png 300w, https:\/\/eltecno.se\/wp-content\/uploads\/2025\/11\/1-100x100.png 100w\" sizes=\"(max-width: 600px) 100vw, 600px\" \/><\/div><!-- Story Description --><div class=\"twae-description\"><p>I en liten lada utanf\u00f6r sk\u00e5nska Tygelsj\u00f6 startar <strong data-start=\"693\" data-end=\"715\">Magnus Fritiofsson<\/strong> och <strong data-start=\"720\" data-end=\"737\">H\u00e5kan Nilsson<\/strong> Eltecno.\u00a0<\/p><\/div><\/div><\/div><!-- Start of Story Repeater Content --><div id=\"story-d2a067a\" class=\"twae-story twae-repeater-item twae-story-left twae-story-no-icon\"><!-- Story Label --><div class=\"twae-labels\"><div class=\"twae-label-big\">1993 <\/div><\/div><!-- Story Icon --><div class=\"twae-icon\"><i aria-hidden=\"true\" class=\"far fa-clock\"><\/i><\/div><!-- Story Arrow --><div class=\"twae-arrow\"><\/div><!-- Start of Story Content --><div class=\"twae-content\"><!-- Story Title --><div class=\"twae-title\">Portabel jordfelsbrytare<\/div><!-- Story Image --><div class=\"twae-media medium\"><img decoding=\"async\" width=\"600\" height=\"600\" src=\"https:\/\/eltecno.se\/wp-content\/uploads\/2025\/11\/4.png\" class=\"attachment-medium size-medium\" alt=\"\" srcset=\"https:\/\/eltecno.se\/wp-content\/uploads\/2025\/11\/4.png 600w, https:\/\/eltecno.se\/wp-content\/uploads\/2025\/11\/4-300x300.png 300w, https:\/\/eltecno.se\/wp-content\/uploads\/2025\/11\/4-100x100.png 100w\" sizes=\"(max-width: 600px) 100vw, 600px\" \/><\/div><!-- Story Description --><div class=\"twae-description\"><p>Samma \u00e5r konstruerar de en <strong data-start=\"776\" data-end=\"821\">revolutionerande portabel jordfelsbrytare<\/strong> som blir utsedd till <em data-start=\"843\" data-end=\"878\">Sveriges b\u00e4sta els\u00e4kerhetsprodukt, <\/em>en innovation som r\u00e4ddar liv.<\/p><\/div><\/div><\/div><!-- Start of Story Repeater Content --><div id=\"story-717a178\" class=\"twae-story twae-repeater-item twae-story-right twae-story-no-icon\"><!-- Story Label --><div class=\"twae-labels\"><div class=\"twae-label-big\">1997<\/div><\/div><!-- Story Icon --><div class=\"twae-icon\"><i aria-hidden=\"true\" class=\"far fa-clock\"><\/i><\/div><!-- Story Arrow --><div class=\"twae-arrow\"><\/div><!-- Start of Story Content --><div class=\"twae-content\"><!-- Story Title --><div class=\"twae-title\">Egen pl\u00e5ttillverkning &amp; skr\u00e4ddarsydda l\u00f6sningar<\/div><!-- Story Image --><div class=\"twae-media medium\"><img decoding=\"async\" width=\"600\" height=\"600\" src=\"https:\/\/eltecno.se\/wp-content\/uploads\/2025\/11\/2.png\" class=\"attachment-medium size-medium\" alt=\"\" srcset=\"https:\/\/eltecno.se\/wp-content\/uploads\/2025\/11\/2.png 600w, https:\/\/eltecno.se\/wp-content\/uploads\/2025\/11\/2-300x300.png 300w, https:\/\/eltecno.se\/wp-content\/uploads\/2025\/11\/2-100x100.png 100w\" sizes=\"(max-width: 600px) 100vw, 600px\" \/><\/div><!-- Story Description --><div class=\"twae-description\"><p>Efter framg\u00e5ngen med jordfelsbrytaren b\u00f6rjar Eltecno tillverka <strong data-start=\"1043\" data-end=\"1058\">elcentraler<\/strong> och startar <strong data-start=\"1071\" data-end=\"1094\">egen pl\u00e5tproduktion<\/strong>. Det g\u00f6r det m\u00f6jligt att erbjuda <strong data-start=\"1130\" data-end=\"1159\">skr\u00e4ddarsydda elcentraler<\/strong> genom ett unikt <em data-start=\"1176\" data-end=\"1190\">multikoncept,<\/em>\u00a0n\u00e5got helt nytt p\u00e5 den svenska marknaden.<\/p><\/div><\/div><\/div><!-- Start of Story Repeater Content --><div id=\"story-776fe0d\" class=\"twae-story twae-repeater-item twae-story-left twae-story-no-icon\"><!-- Story Label --><div class=\"twae-labels\"><div class=\"twae-label-big\">2007<\/div><\/div><!-- Story Icon --><div class=\"twae-icon\"><i aria-hidden=\"true\" class=\"far fa-clock\"><\/i><\/div><!-- Story Arrow --><div class=\"twae-arrow\"><\/div><!-- Start of Story Content --><div class=\"twae-content\"><!-- Story Title --><div class=\"twae-title\">Innovationen El &amp; Multimedia<\/div><!-- Story Image --><div class=\"twae-media medium\"><img loading=\"lazy\" decoding=\"async\" width=\"600\" height=\"600\" src=\"https:\/\/eltecno.se\/wp-content\/uploads\/2025\/11\/6.png\" class=\"attachment-medium size-medium\" alt=\"\" srcset=\"https:\/\/eltecno.se\/wp-content\/uploads\/2025\/11\/6.png 600w, https:\/\/eltecno.se\/wp-content\/uploads\/2025\/11\/6-300x300.png 300w, https:\/\/eltecno.se\/wp-content\/uploads\/2025\/11\/6-100x100.png 100w\" sizes=\"(max-width: 600px) 100vw, 600px\" \/><\/div><!-- Story Description --><div class=\"twae-description\"><p>Eltecno lanserar <strong data-start=\"1302\" data-end=\"1321\">El &amp; Multimedia<\/strong> \u2013 en innovativ kombination av elcentral och datal\u00f6sning. Den presenteras p\u00e5 <strong data-start=\"1400\" data-end=\"1417\">m\u00e4ssan Elfack<\/strong>, d\u00e4r den blir en omedelbar succ\u00e9. Under tre \u00e5r \u00e4r Eltecno ensamma p\u00e5 marknaden med sitt originalsystem innan konkurrenter b\u00f6rjar lansera liknande koncept.<\/p><\/div><\/div><\/div><!-- Start of Story Repeater Content --><div id=\"story-2d0fb75\" class=\"twae-story twae-repeater-item twae-story-right twae-story-no-icon\"><!-- Story Label --><div class=\"twae-labels\"><div class=\"twae-label-big\">2021<\/div><\/div><!-- Story Icon --><div class=\"twae-icon\"><i aria-hidden=\"true\" class=\"far fa-clock\"><\/i><\/div><!-- Story Arrow --><div class=\"twae-arrow\"><\/div><!-- Start of Story Content --><div class=\"twae-content\"><!-- Story Title --><div class=\"twae-title\">En del av KAMIC Group<\/div><!-- Story Image --><div class=\"twae-media medium\"><img loading=\"lazy\" decoding=\"async\" width=\"600\" height=\"600\" src=\"https:\/\/eltecno.se\/wp-content\/uploads\/2025\/11\/3.png\" class=\"attachment-medium size-medium\" alt=\"\" srcset=\"https:\/\/eltecno.se\/wp-content\/uploads\/2025\/11\/3.png 600w, https:\/\/eltecno.se\/wp-content\/uploads\/2025\/11\/3-300x300.png 300w, https:\/\/eltecno.se\/wp-content\/uploads\/2025\/11\/3-100x100.png 100w\" sizes=\"(max-width: 600px) 100vw, 600px\" \/><\/div><!-- Story Description --><div class=\"twae-description\"><p>I januari 2021 f\u00f6rv\u00e4rvas <strong>Eltecno<\/strong> tillsammans med systerbolaget <br \/><strong data-start=\"1681\" data-end=\"1703\">Eltecno Components<\/strong> av <strong data-start=\"1707\" data-end=\"1722\"><a href=\"https:\/\/kamicgroup.com\/\">KAMIC Group<\/a>,<\/strong>\u00a0en internationell teknik- och industrikoncern med verksamhet i \u00f6ver 15 l\u00e4nder. F\u00f6rv\u00e4rvet st\u00e4rker Eltecnos position p\u00e5 den svenska elmarknaden.<\/p><\/div><\/div><\/div><!-- Start of Story Repeater Content --><div id=\"story-7cf6dd9\" class=\"twae-story twae-repeater-item twae-story-left twae-story-no-icon\"><!-- Story Label --><div class=\"twae-labels\"><div class=\"twae-label-big\">2025<\/div><\/div><!-- Story Icon --><div class=\"twae-icon\"><i aria-hidden=\"true\" class=\"far fa-clock\"><\/i><\/div><!-- Story Arrow --><div class=\"twae-arrow\"><\/div><!-- Start of Story Content --><div class=\"twae-content\"><!-- Story Title --><div class=\"twae-title\">Idag<\/div><!-- Story Image --><div class=\"twae-media medium\"><img loading=\"lazy\" decoding=\"async\" width=\"600\" height=\"600\" src=\"https:\/\/eltecno.se\/wp-content\/uploads\/2025\/11\/7.png\" class=\"attachment-medium size-medium\" alt=\"\" srcset=\"https:\/\/eltecno.se\/wp-content\/uploads\/2025\/11\/7.png 600w, https:\/\/eltecno.se\/wp-content\/uploads\/2025\/11\/7-300x300.png 300w, https:\/\/eltecno.se\/wp-content\/uploads\/2025\/11\/7-100x100.png 100w\" sizes=\"(max-width: 600px) 100vw, 600px\" \/><\/div><!-- Story Description --><div class=\"twae-description\"><p data-start=\"1903\" data-end=\"2245\">Idag \u00e4r Eltecno <strong data-start=\"1919\" data-end=\"1972\">en ledande tillverkare p\u00e5 den svenska elmarknaden<\/strong> med cirka <strong data-start=\"1983\" data-end=\"1999\">60 anst\u00e4llda<\/strong>. All produktion sker i <strong data-start=\"2025\" data-end=\"2052\">egna lokaler i Vellinge<\/strong>, s\u00f6der om Malm\u00f6. Eltecno forts\u00e4tter att utveckla och producera <strong data-start=\"2118\" data-end=\"2190\">svensktillverkade elcentraler, st\u00e4llverk och kundanpassade l\u00f6sningar<\/strong> med samma innovationsanda som allt b\u00f6rjade med 1993.<\/p><\/div><\/div><\/div><\/div>\n    <div class=\"twae-end\"><\/div>\n    <\/div><style type=\"text\/css\">@media (max-width: 1024px){ .twae-wrapper{--tw-ybx-size: 80px !important;}}@media (max-width: 767px){ .twae-wrapper{--tw-ybx-size: 80px !important}}<\/style>\t\t\t\t<\/div>\n\t\t\t\t<\/div>\n\t\t\t\t<\/div>\n\t\t\t\t<\/div>\n\t\t","protected":false},"excerpt":{"rendered":"<p>V\u00e5r Historia 1993 Grunden l\u00e4ggs I en liten lada utanf\u00f6r sk\u00e5nska Tygelsj\u00f6 startar Magnus Fritiofsson och H\u00e5kan Nilsson Eltecno.\u00a0 1993 [&hellip;]<\/p>\n","protected":false},"author":1093,"featured_media":0,"parent":0,"menu_order":0,"comment_status":"closed","ping_status":"closed","template":"","meta":{"_acf_changed":false,"om_disable_all_campaigns":false,"_monsterinsights_skip_tracking":false,"_monsterinsights_sitenote_active":false,"_monsterinsights_sitenote_note":"","_monsterinsights_sitenote_category":0,"site-sidebar-layout":"no-sidebar","site-content-layout":"","ast-site-content-layout":"full-width-container","site-content-style":"default","site-sidebar-style":"default","ast-global-header-display":"","ast-banner-title-visibility":"","ast-main-header-display":"","ast-hfb-above-header-display":"","ast-hfb-below-header-display":"","ast-hfb-mobile-header-display":"","site-post-title":"disabled","ast-breadcrumbs-content":"","ast-featured-img":"disabled","footer-sml-layout":"","theme-transparent-header-meta":"","adv-header-id-meta":"","stick-header-meta":"","header-above-stick-meta":"","header-main-stick-meta":"","header-below-stick-meta":"","astra-migrate-meta-layouts":"default","ast-page-background-enabled":"default","ast-page-background-meta":{"desktop":{"background-color":"var(--ast-global-color-5)","background-image":"","background-repeat":"repeat","background-position":"center center","background-size":"auto","background-attachment":"scroll","background-type":"","background-media":"","overlay-type":"","overlay-color":"","overlay-opacity":"","overlay-gradient":""},"tablet":{"background-color":"","background-image":"","background-repeat":"repeat","background-position":"center center","background-size":"auto","background-attachment":"scroll","background-type":"","background-media":"","overlay-type":"","overlay-color":"","overlay-opacity":"","overlay-gradient":""},"mobile":{"background-color":"","background-image":"","background-repeat":"repeat","background-position":"center center","background-size":"auto","background-attachment":"scroll","background-type":"","background-media":"","overlay-type":"","overlay-color":"","overlay-opacity":"","overlay-gradient":""}},"ast-content-background-meta":{"desktop":{"background-color":"var(--ast-global-color-4)","background-image":"","background-repeat":"repeat","background-position":"center center","background-size":"auto","background-attachment":"scroll","background-type":"","background-media":"","overlay-type":"","overlay-color":"","overlay-opacity":"","overlay-gradient":""},"tablet":{"background-color":"var(--ast-global-color-4)","background-image":"","background-repeat":"repeat","background-position":"center center","background-size":"auto","background-attachment":"scroll","background-type":"","background-media":"","overlay-type":"","overlay-color":"","overlay-opacity":"","overlay-gradient":""},"mobile":{"background-color":"var(--ast-global-color-4)","background-image":"","background-repeat":"repeat","background-position":"center center","background-size":"auto","background-attachment":"scroll","background-type":"","background-media":"","overlay-type":"","overlay-color":"","overlay-opacity":"","overlay-gradient":""}},"footnotes":""},"class_list":["post-4894","page","type-page","status-publish","hentry"],"acf":[],"aioseo_notices":[],"yoast_head":"<!-- This site is optimized with the Yoast SEO plugin v26.4 - https:\/\/yoast.com\/wordpress\/plugins\/seo\/ -->\n<title>V\u00e5r historia -<\/title>\n<meta name=\"robots\" content=\"index, follow, max-snippet:-1, max-image-preview:large, max-video-preview:-1\" \/>\n<link rel=\"canonical\" href=\"https:\/\/eltecno.se\/?page_id=4894\" \/>\n<meta property=\"og:locale\" content=\"sv_SE\" \/>\n<meta property=\"og:type\" content=\"article\" \/>\n<meta property=\"og:title\" content=\"V\u00e5r historia -\" \/>\n<meta property=\"og:description\" content=\"V\u00e5r Historia 1993 Grunden l\u00e4ggs I en liten lada utanf\u00f6r sk\u00e5nska Tygelsj\u00f6 startar Magnus Fritiofsson och H\u00e5kan Nilsson Eltecno.\u00a0 1993 [&hellip;]\" \/>\n<meta property=\"og:url\" content=\"https:\/\/eltecno.se\/?page_id=4894\" \/>\n<meta property=\"article:publisher\" content=\"https:\/\/www.linkedin.com\/company\/eltecno-ab\/?viewAsMember=true\" \/>\n<meta property=\"article:modified_time\" content=\"2025-11-26T05:54:10+00:00\" \/>\n<meta property=\"og:image\" content=\"https:\/\/eltecno.se\/wp-content\/uploads\/2025\/11\/1.png\" \/>\n<meta name=\"twitter:card\" content=\"summary_large_image\" \/>\n<meta name=\"twitter:label1\" content=\"Ber\u00e4knad l\u00e4stid\" \/>\n\t<meta name=\"twitter:data1\" content=\"3 minuter\" \/>\n<script type=\"application\/ld+json\" class=\"yoast-schema-graph\">{\"@context\":\"https:\/\/schema.org\",\"@graph\":[{\"@type\":\"WebPage\",\"@id\":\"https:\/\/eltecno.se\/?page_id=4894\",\"url\":\"https:\/\/eltecno.se\/?page_id=4894\",\"name\":\"V\u00e5r historia -\",\"isPartOf\":{\"@id\":\"https:\/\/eltecno.se\/#website\"},\"primaryImageOfPage\":{\"@id\":\"https:\/\/eltecno.se\/?page_id=4894#primaryimage\"},\"image\":{\"@id\":\"https:\/\/eltecno.se\/?page_id=4894#primaryimage\"},\"thumbnailUrl\":\"https:\/\/eltecno.se\/wp-content\/uploads\/2025\/11\/1.png\",\"datePublished\":\"2025-10-31T08:10:29+00:00\",\"dateModified\":\"2025-11-26T05:54:10+00:00\",\"breadcrumb\":{\"@id\":\"https:\/\/eltecno.se\/?page_id=4894#breadcrumb\"},\"inLanguage\":\"sv-SE\",\"potentialAction\":[{\"@type\":\"ReadAction\",\"target\":[\"https:\/\/eltecno.se\/?page_id=4894\"]}]},{\"@type\":\"ImageObject\",\"inLanguage\":\"sv-SE\",\"@id\":\"https:\/\/eltecno.se\/?page_id=4894#primaryimage\",\"url\":\"https:\/\/eltecno.se\/wp-content\/uploads\/2025\/11\/1.png\",\"contentUrl\":\"https:\/\/eltecno.se\/wp-content\/uploads\/2025\/11\/1.png\",\"width\":600,\"height\":600},{\"@type\":\"BreadcrumbList\",\"@id\":\"https:\/\/eltecno.se\/?page_id=4894#breadcrumb\",\"itemListElement\":[{\"@type\":\"ListItem\",\"position\":1,\"name\":\"Hem\",\"item\":\"https:\/\/eltecno.se\/\"},{\"@type\":\"ListItem\",\"position\":2,\"name\":\"V\u00e5r historia\"}]},{\"@type\":\"WebSite\",\"@id\":\"https:\/\/eltecno.se\/#website\",\"url\":\"https:\/\/eltecno.se\/\",\"name\":\"Eltecno\",\"description\":\"N\u00e4r du vill vara i fas med livet\",\"publisher\":{\"@id\":\"https:\/\/eltecno.se\/#organization\"},\"potentialAction\":[{\"@type\":\"SearchAction\",\"target\":{\"@type\":\"EntryPoint\",\"urlTemplate\":\"https:\/\/eltecno.se\/?s={search_term_string}\"},\"query-input\":{\"@type\":\"PropertyValueSpecification\",\"valueRequired\":true,\"valueName\":\"search_term_string\"}}],\"inLanguage\":\"sv-SE\"},{\"@type\":\"Organization\",\"@id\":\"https:\/\/eltecno.se\/#organization\",\"name\":\"Eltecno\",\"url\":\"https:\/\/eltecno.se\/\",\"logo\":{\"@type\":\"ImageObject\",\"inLanguage\":\"sv-SE\",\"@id\":\"https:\/\/eltecno.se\/#\/schema\/logo\/image\/\",\"url\":\"https:\/\/eltecno.se\/wp-content\/uploads\/2025\/11\/cropped-Eltecno-logotyp-liggande.png\",\"contentUrl\":\"https:\/\/eltecno.se\/wp-content\/uploads\/2025\/11\/cropped-Eltecno-logotyp-liggande.png\",\"width\":1494,\"height\":316,\"caption\":\"Eltecno\"},\"image\":{\"@id\":\"https:\/\/eltecno.se\/#\/schema\/logo\/image\/\"},\"sameAs\":[\"https:\/\/www.linkedin.com\/company\/eltecno-ab\/?viewAsMember=true\"]}]}<\/script>\n<!-- \/ Yoast SEO plugin. -->","yoast_head_json":{"title":"V\u00e5r historia -","robots":{"index":"index","follow":"follow","max-snippet":"max-snippet:-1","max-image-preview":"max-image-preview:large","max-video-preview":"max-video-preview:-1"},"canonical":"https:\/\/eltecno.se\/?page_id=4894","og_locale":"sv_SE","og_type":"article","og_title":"V\u00e5r historia -","og_description":"V\u00e5r Historia 1993 Grunden l\u00e4ggs I en liten lada utanf\u00f6r sk\u00e5nska Tygelsj\u00f6 startar Magnus Fritiofsson och H\u00e5kan Nilsson Eltecno.\u00a0 1993 [&hellip;]","og_url":"https:\/\/eltecno.se\/?page_id=4894","article_publisher":"https:\/\/www.linkedin.com\/company\/eltecno-ab\/?viewAsMember=true","article_modified_time":"2025-11-26T05:54:10+00:00","og_image":[{"url":"https:\/\/eltecno.se\/wp-content\/uploads\/2025\/11\/1.png","type":"","width":"","height":""}],"twitter_card":"summary_large_image","twitter_misc":{"Ber\u00e4knad l\u00e4stid":"3 minuter"},"schema":{"@context":"https:\/\/schema.org","@graph":[{"@type":"WebPage","@id":"https:\/\/eltecno.se\/?page_id=4894","url":"https:\/\/eltecno.se\/?page_id=4894","name":"V\u00e5r historia -","isPartOf":{"@id":"https:\/\/eltecno.se\/#website"},"primaryImageOfPage":{"@id":"https:\/\/eltecno.se\/?page_id=4894#primaryimage"},"image":{"@id":"https:\/\/eltecno.se\/?page_id=4894#primaryimage"},"thumbnailUrl":"https:\/\/eltecno.se\/wp-content\/uploads\/2025\/11\/1.png","datePublished":"2025-10-31T08:10:29+00:00","dateModified":"2025-11-26T05:54:10+00:00","breadcrumb":{"@id":"https:\/\/eltecno.se\/?page_id=4894#breadcrumb"},"inLanguage":"sv-SE","potentialAction":[{"@type":"ReadAction","target":["https:\/\/eltecno.se\/?page_id=4894"]}]},{"@type":"ImageObject","inLanguage":"sv-SE","@id":"https:\/\/eltecno.se\/?page_id=4894#primaryimage","url":"https:\/\/eltecno.se\/wp-content\/uploads\/2025\/11\/1.png","contentUrl":"https:\/\/eltecno.se\/wp-content\/uploads\/2025\/11\/1.png","width":600,"height":600},{"@type":"BreadcrumbList","@id":"https:\/\/eltecno.se\/?page_id=4894#breadcrumb","itemListElement":[{"@type":"ListItem","position":1,"name":"Hem","item":"https:\/\/eltecno.se\/"},{"@type":"ListItem","position":2,"name":"V\u00e5r historia"}]},{"@type":"WebSite","@id":"https:\/\/eltecno.se\/#website","url":"https:\/\/eltecno.se\/","name":"Eltecno","description":"N\u00e4r du vill vara i fas med livet","publisher":{"@id":"https:\/\/eltecno.se\/#organization"},"potentialAction":[{"@type":"SearchAction","target":{"@type":"EntryPoint","urlTemplate":"https:\/\/eltecno.se\/?s={search_term_string}"},"query-input":{"@type":"PropertyValueSpecification","valueRequired":true,"valueName":"search_term_string"}}],"inLanguage":"sv-SE"},{"@type":"Organization","@id":"https:\/\/eltecno.se\/#organization","name":"Eltecno","url":"https:\/\/eltecno.se\/","logo":{"@type":"ImageObject","inLanguage":"sv-SE","@id":"https:\/\/eltecno.se\/#\/schema\/logo\/image\/","url":"https:\/\/eltecno.se\/wp-content\/uploads\/2025\/11\/cropped-Eltecno-logotyp-liggande.png","contentUrl":"https:\/\/eltecno.se\/wp-content\/uploads\/2025\/11\/cropped-Eltecno-logotyp-liggande.png","width":1494,"height":316,"caption":"Eltecno"},"image":{"@id":"https:\/\/eltecno.se\/#\/schema\/logo\/image\/"},"sameAs":["https:\/\/www.linkedin.com\/company\/eltecno-ab\/?viewAsMember=true"]}]}},"_links":{"self":[{"href":"https:\/\/eltecno.se\/index.php?rest_route=\/wp\/v2\/pages\/4894","targetHints":{"allow":["GET"]}}],"collection":[{"href":"https:\/\/eltecno.se\/index.php?rest_route=\/wp\/v2\/pages"}],"about":[{"href":"https:\/\/eltecno.se\/index.php?rest_route=\/wp\/v2\/types\/page"}],"author":[{"embeddable":true,"href":"https:\/\/eltecno.se\/index.php?rest_route=\/wp\/v2\/users\/1093"}],"replies":[{"embeddable":true,"href":"https:\/\/eltecno.se\/index.php?rest_route=%2Fwp%2Fv2%2Fcomments&post=4894"}],"version-history":[{"count":22,"href":"https:\/\/eltecno.se\/index.php?rest_route=\/wp\/v2\/pages\/4894\/revisions"}],"predecessor-version":[{"id":5211,"href":"https:\/\/eltecno.se\/index.php?rest_route=\/wp\/v2\/pages\/4894\/revisions\/5211"}],"wp:attachment":[{"href":"https:\/\/eltecno.se\/index.php?rest_route=%2Fwp%2Fv2%2Fmedia&parent=4894"}],"curies":[{"name":"wp","href":"https:\/\/api.w.org\/{rel}","templated":true}]}}