{"id":5147,"date":"2025-11-21T14:36:44","date_gmt":"2025-11-21T13:36:44","guid":{"rendered":"https:\/\/eltecno.se\/?page_id=5147"},"modified":"2025-11-27T07:31:43","modified_gmt":"2025-11-27T06:31:43","slug":"vara-produkter","status":"publish","type":"page","link":"https:\/\/eltecno.se\/?page_id=5147","title":{"rendered":"V\u00e5ra produkter"},"content":{"rendered":"\t\t<div data-elementor-type=\"wp-page\" data-elementor-id=\"5147\" class=\"elementor elementor-5147\">\n\t\t\t\t<div class=\"elementor-element elementor-element-ab8ad38 e-flex e-con-boxed e-con e-parent\" data-id=\"ab8ad38\" data-element_type=\"container\">\n\t\t\t\t\t<div class=\"e-con-inner\">\n\t\t\t\t<div class=\"elementor-element elementor-element-cbb56fa elementor-widget elementor-widget-spacer\" data-id=\"cbb56fa\" data-element_type=\"widget\" data-widget_type=\"spacer.default\">\n\t\t\t\t\t\t\t<div class=\"elementor-spacer\">\n\t\t\t<div class=\"elementor-spacer-inner\"><\/div>\n\t\t<\/div>\n\t\t\t\t\t\t<\/div>\n\t\t\t\t<div class=\"elementor-element elementor-element-4d6170f elementor-widget elementor-widget-heading\" data-id=\"4d6170f\" data-element_type=\"widget\" data-widget_type=\"heading.default\">\n\t\t\t\t\t<h2 class=\"elementor-heading-title elementor-size-default\">V\u00e5ra produktomr\u00e5den<\/h2>\t\t\t\t<\/div>\n\t\t\t\t\t<\/div>\n\t\t\t\t<\/div>\n\t\t<div class=\"elementor-element elementor-element-2e5f5a6 e-flex e-con-boxed e-con e-parent\" data-id=\"2e5f5a6\" data-element_type=\"container\">\n\t\t\t\t\t<div class=\"e-con-inner\">\n\t\t<div class=\"elementor-element elementor-element-a7004ab e-con-full e-flex e-con e-child\" data-id=\"a7004ab\" data-element_type=\"container\">\n\t\t\t\t<div class=\"elementor-element elementor-element-a3267ba elementor-widget elementor-widget-heading\" data-id=\"a3267ba\" data-element_type=\"widget\" data-widget_type=\"heading.default\">\n\t\t\t\t\t<h2 class=\"elementor-heading-title elementor-size-default\">L\u00e4genhetscentraler<\/h2>\t\t\t\t<\/div>\n\t\t\t\t<div class=\"elementor-element elementor-element-790c210 elementor-widget elementor-widget-image\" data-id=\"790c210\" data-element_type=\"widget\" data-widget_type=\"image.default\">\n\t\t\t\t\t\t\t\t\t\t\t\t\t\t\t\t<a href=\"https:\/\/eltecno.se\/?product_cat=lagenhetscentraler\">\n\t\t\t\t\t\t\t<img fetchpriority=\"high\" decoding=\"async\" width=\"800\" height=\"800\" src=\"https:\/\/eltecno.se\/wp-content\/uploads\/2025\/10\/Lagenhetscentral.png\" class=\"attachment-large size-large wp-image-4188\" alt=\"L\u00e4genhetscentral\" srcset=\"https:\/\/eltecno.se\/wp-content\/uploads\/2025\/10\/Lagenhetscentral.png 800w, https:\/\/eltecno.se\/wp-content\/uploads\/2025\/10\/Lagenhetscentral-600x600.png 600w, https:\/\/eltecno.se\/wp-content\/uploads\/2025\/10\/Lagenhetscentral-300x300.png 300w, https:\/\/eltecno.se\/wp-content\/uploads\/2025\/10\/Lagenhetscentral-768x768.png 768w, https:\/\/eltecno.se\/wp-content\/uploads\/2025\/10\/Lagenhetscentral-100x100.png 100w\" sizes=\"(max-width: 800px) 100vw, 800px\" \/>\t\t\t\t\t\t\t\t<\/a>\n\t\t\t\t\t\t\t\t\t\t\t\t\t\t\t<\/div>\n\t\t\t\t<\/div>\n\t\t<div class=\"elementor-element elementor-element-b4fa827 e-con-full e-flex e-con e-child\" data-id=\"b4fa827\" data-element_type=\"container\">\n\t\t\t\t<div class=\"elementor-element elementor-element-3386526 elementor-widget elementor-widget-heading\" data-id=\"3386526\" data-element_type=\"widget\" data-widget_type=\"heading.default\">\n\t\t\t\t\t<h2 class=\"elementor-heading-title elementor-size-default\">F\u00f6rdelningscentraler<\/h2>\t\t\t\t<\/div>\n\t\t\t\t<div class=\"elementor-element elementor-element-a364525 elementor-widget elementor-widget-image\" data-id=\"a364525\" data-element_type=\"widget\" data-widget_type=\"image.default\">\n\t\t\t\t\t\t\t\t\t\t\t\t\t\t\t\t<a href=\"https:\/\/eltecno.se\/?product_cat=fordelingscentraler\">\n\t\t\t\t\t\t\t<img decoding=\"async\" width=\"800\" height=\"800\" src=\"https:\/\/eltecno.se\/wp-content\/uploads\/2025\/10\/Fordelningscentraler.png\" class=\"attachment-large size-large wp-image-4187\" alt=\"F\u00f6rdelningscentraler\" srcset=\"https:\/\/eltecno.se\/wp-content\/uploads\/2025\/10\/Fordelningscentraler.png 800w, https:\/\/eltecno.se\/wp-content\/uploads\/2025\/10\/Fordelningscentraler-600x600.png 600w, https:\/\/eltecno.se\/wp-content\/uploads\/2025\/10\/Fordelningscentraler-300x300.png 300w, https:\/\/eltecno.se\/wp-content\/uploads\/2025\/10\/Fordelningscentraler-768x768.png 768w, https:\/\/eltecno.se\/wp-content\/uploads\/2025\/10\/Fordelningscentraler-100x100.png 100w\" sizes=\"(max-width: 800px) 100vw, 800px\" \/>\t\t\t\t\t\t\t\t<\/a>\n\t\t\t\t\t\t\t\t\t\t\t\t\t\t\t<\/div>\n\t\t\t\t<\/div>\n\t\t<div class=\"elementor-element elementor-element-a4a7156 e-con-full e-flex e-con e-child\" data-id=\"a4a7156\" data-element_type=\"container\">\n\t\t\t\t<div class=\"elementor-element elementor-element-0ca1b08 elementor-widget elementor-widget-heading\" data-id=\"0ca1b08\" data-element_type=\"widget\" data-widget_type=\"heading.default\">\n\t\t\t\t\t<h2 class=\"elementor-heading-title elementor-size-default\">St\u00e4llverk<\/h2>\t\t\t\t<\/div>\n\t\t\t\t<div class=\"elementor-element elementor-element-fac80d2 elementor-widget elementor-widget-image\" data-id=\"fac80d2\" data-element_type=\"widget\" data-widget_type=\"image.default\">\n\t\t\t\t\t\t\t\t\t\t\t\t\t\t\t\t<a href=\"https:\/\/eltecno.se\/?product_cat=stallverk\">\n\t\t\t\t\t\t\t<img decoding=\"async\" width=\"800\" height=\"800\" src=\"https:\/\/eltecno.se\/wp-content\/uploads\/2025\/10\/Stallverk.png\" class=\"attachment-large size-large wp-image-4191\" alt=\"St\u00e4llverk fr\u00e5n Eltecno \u2013 svensktillverkat l\u00e5gsp\u00e4nningsst\u00e4llverk byggt enligt g\u00e4llande standarder f\u00f6r s\u00e4ker och effektiv eldistribution.\" srcset=\"https:\/\/eltecno.se\/wp-content\/uploads\/2025\/10\/Stallverk.png 800w, https:\/\/eltecno.se\/wp-content\/uploads\/2025\/10\/Stallverk-600x600.png 600w, https:\/\/eltecno.se\/wp-content\/uploads\/2025\/10\/Stallverk-300x300.png 300w, https:\/\/eltecno.se\/wp-content\/uploads\/2025\/10\/Stallverk-768x768.png 768w, https:\/\/eltecno.se\/wp-content\/uploads\/2025\/10\/Stallverk-100x100.png 100w\" sizes=\"(max-width: 800px) 100vw, 800px\" \/>\t\t\t\t\t\t\t\t<\/a>\n\t\t\t\t\t\t\t\t\t\t\t\t\t\t\t<\/div>\n\t\t\t\t<\/div>\n\t\t<div class=\"elementor-element elementor-element-a78cfb6 e-con-full e-flex e-con e-child\" data-id=\"a78cfb6\" data-element_type=\"container\">\n\t\t\t\t<div class=\"elementor-element elementor-element-392efa5 elementor-widget elementor-widget-heading\" data-id=\"392efa5\" data-element_type=\"widget\" data-widget_type=\"heading.default\">\n\t\t\t\t\t<h2 class=\"elementor-heading-title elementor-size-default\">Marksk\u00e5p<\/h2>\t\t\t\t<\/div>\n\t\t\t\t<div class=\"elementor-element elementor-element-c721777 elementor-widget elementor-widget-image\" data-id=\"c721777\" data-element_type=\"widget\" data-widget_type=\"image.default\">\n\t\t\t\t\t\t\t\t\t\t\t\t\t\t\t\t<a href=\"https:\/\/eltecno.se\/?product_cat=markskap\">\n\t\t\t\t\t\t\t<img loading=\"lazy\" decoding=\"async\" width=\"800\" height=\"800\" src=\"https:\/\/eltecno.se\/wp-content\/uploads\/2025\/10\/Markskap.png\" class=\"attachment-large size-large wp-image-4189\" alt=\"Marksk\u00e5p\" srcset=\"https:\/\/eltecno.se\/wp-content\/uploads\/2025\/10\/Markskap.png 800w, https:\/\/eltecno.se\/wp-content\/uploads\/2025\/10\/Markskap-600x600.png 600w, https:\/\/eltecno.se\/wp-content\/uploads\/2025\/10\/Markskap-300x300.png 300w, https:\/\/eltecno.se\/wp-content\/uploads\/2025\/10\/Markskap-768x768.png 768w, https:\/\/eltecno.se\/wp-content\/uploads\/2025\/10\/Markskap-100x100.png 100w\" sizes=\"(max-width: 800px) 100vw, 800px\" \/>\t\t\t\t\t\t\t\t<\/a>\n\t\t\t\t\t\t\t\t\t\t\t\t\t\t\t<\/div>\n\t\t\t\t<\/div>\n\t\t\t\t\t<\/div>\n\t\t\t\t<\/div>\n\t\t<div class=\"elementor-element elementor-element-0620d73 e-flex e-con-boxed e-con e-parent\" data-id=\"0620d73\" data-element_type=\"container\">\n\t\t\t\t\t<div class=\"e-con-inner\">\n\t\t<div class=\"elementor-element elementor-element-52e85fc e-con-full e-flex e-con e-child\" data-id=\"52e85fc\" data-element_type=\"container\">\n\t\t\t\t<div class=\"elementor-element elementor-element-1dbc19f elementor-widget elementor-widget-heading\" data-id=\"1dbc19f\" data-element_type=\"widget\" data-widget_type=\"heading.default\">\n\t\t\t\t\t<h2 class=\"elementor-heading-title elementor-size-default\">Elektrifiering<\/h2>\t\t\t\t<\/div>\n\t\t\t\t<div class=\"elementor-element elementor-element-5863801 elementor-widget elementor-widget-image\" data-id=\"5863801\" data-element_type=\"widget\" data-widget_type=\"image.default\">\n\t\t\t\t\t\t\t\t\t\t\t\t\t\t\t\t<a href=\"https:\/\/eltecno.se\/?product_cat=elektrifiering\">\n\t\t\t\t\t\t\t<img loading=\"lazy\" decoding=\"async\" width=\"800\" height=\"800\" src=\"https:\/\/eltecno.se\/wp-content\/uploads\/2025\/10\/Elektrifiering.png\" class=\"attachment-large size-large wp-image-4186\" alt=\"Elektrifiering\" srcset=\"https:\/\/eltecno.se\/wp-content\/uploads\/2025\/10\/Elektrifiering.png 800w, https:\/\/eltecno.se\/wp-content\/uploads\/2025\/10\/Elektrifiering-600x600.png 600w, https:\/\/eltecno.se\/wp-content\/uploads\/2025\/10\/Elektrifiering-300x300.png 300w, https:\/\/eltecno.se\/wp-content\/uploads\/2025\/10\/Elektrifiering-768x768.png 768w, https:\/\/eltecno.se\/wp-content\/uploads\/2025\/10\/Elektrifiering-100x100.png 100w\" sizes=\"(max-width: 800px) 100vw, 800px\" \/>\t\t\t\t\t\t\t\t<\/a>\n\t\t\t\t\t\t\t\t\t\t\t\t\t\t\t<\/div>\n\t\t\t\t<\/div>\n\t\t<div class=\"elementor-element elementor-element-545940b e-con-full e-flex e-con e-child\" data-id=\"545940b\" data-element_type=\"container\">\n\t\t\t\t<div class=\"elementor-element elementor-element-f4dd344 elementor-widget elementor-widget-heading\" data-id=\"f4dd344\" data-element_type=\"widget\" data-widget_type=\"heading.default\">\n\t\t\t\t\t<h2 class=\"elementor-heading-title elementor-size-default\">M\u00e4tarblock<\/h2>\t\t\t\t<\/div>\n\t\t\t\t<div class=\"elementor-element elementor-element-93f23d3 elementor-widget elementor-widget-image\" data-id=\"93f23d3\" data-element_type=\"widget\" data-widget_type=\"image.default\">\n\t\t\t\t\t\t\t\t\t\t\t\t\t\t\t\t<a href=\"https:\/\/eltecno.se\/?product_cat=matarblock\">\n\t\t\t\t\t\t\t<img loading=\"lazy\" decoding=\"async\" width=\"800\" height=\"800\" src=\"https:\/\/eltecno.se\/wp-content\/uploads\/2025\/10\/Matartavla.png\" class=\"attachment-large size-large wp-image-4190\" alt=\"M\u00e4tartavla fr\u00e5n Eltecno \u2013 svensktillverkad central med h\u00f6g kvalitet och anpassning f\u00f6r moderna elm\u00e4tare\" srcset=\"https:\/\/eltecno.se\/wp-content\/uploads\/2025\/10\/Matartavla.png 800w, https:\/\/eltecno.se\/wp-content\/uploads\/2025\/10\/Matartavla-600x600.png 600w, https:\/\/eltecno.se\/wp-content\/uploads\/2025\/10\/Matartavla-300x300.png 300w, https:\/\/eltecno.se\/wp-content\/uploads\/2025\/10\/Matartavla-768x768.png 768w, https:\/\/eltecno.se\/wp-content\/uploads\/2025\/10\/Matartavla-100x100.png 100w\" sizes=\"(max-width: 800px) 100vw, 800px\" \/>\t\t\t\t\t\t\t\t<\/a>\n\t\t\t\t\t\t\t\t\t\t\t\t\t\t\t<\/div>\n\t\t\t\t<\/div>\n\t\t<div class=\"elementor-element elementor-element-90f5e4a e-con-full e-flex e-con e-child\" data-id=\"90f5e4a\" data-element_type=\"container\">\n\t\t\t\t<div class=\"elementor-element elementor-element-6406e20 elementor-widget elementor-widget-heading\" data-id=\"6406e20\" data-element_type=\"widget\" data-widget_type=\"heading.default\">\n\t\t\t\t\t<h2 class=\"elementor-heading-title elementor-size-default\">Tillf\u00e4llig el<\/h2>\t\t\t\t<\/div>\n\t\t\t\t<div class=\"elementor-element elementor-element-2a48285 elementor-widget elementor-widget-image\" data-id=\"2a48285\" data-element_type=\"widget\" data-widget_type=\"image.default\">\n\t\t\t\t\t\t\t\t\t\t\t\t\t\t\t\t<a href=\"https:\/\/eltecno.se\/?product_cat=tillfallig-el\">\n\t\t\t\t\t\t\t<img loading=\"lazy\" decoding=\"async\" width=\"800\" height=\"800\" src=\"https:\/\/eltecno.se\/wp-content\/uploads\/2025\/10\/Tillfalligel.png\" class=\"attachment-large size-large wp-image-4192\" alt=\"Tillf\u00e4llig el fr\u00e5n Eltecno \u2013 robusta och s\u00e4kra elcentraler anpassade f\u00f6r byggplatser, event och tillf\u00e4lliga installationer.\" srcset=\"https:\/\/eltecno.se\/wp-content\/uploads\/2025\/10\/Tillfalligel.png 800w, https:\/\/eltecno.se\/wp-content\/uploads\/2025\/10\/Tillfalligel-600x600.png 600w, https:\/\/eltecno.se\/wp-content\/uploads\/2025\/10\/Tillfalligel-300x300.png 300w, https:\/\/eltecno.se\/wp-content\/uploads\/2025\/10\/Tillfalligel-768x768.png 768w, https:\/\/eltecno.se\/wp-content\/uploads\/2025\/10\/Tillfalligel-100x100.png 100w\" sizes=\"(max-width: 800px) 100vw, 800px\" \/>\t\t\t\t\t\t\t\t<\/a>\n\t\t\t\t\t\t\t\t\t\t\t\t\t\t\t<\/div>\n\t\t\t\t<\/div>\n\t\t<div class=\"elementor-element elementor-element-b87d740 e-con-full e-flex e-con e-child\" data-id=\"b87d740\" data-element_type=\"container\">\n\t\t\t\t<div class=\"elementor-element elementor-element-676526c elementor-widget elementor-widget-heading\" data-id=\"676526c\" data-element_type=\"widget\" data-widget_type=\"heading.default\">\n\t\t\t\t\t<h2 class=\"elementor-heading-title elementor-size-default\">V\u00e5ra komponenter<\/h2>\t\t\t\t<\/div>\n\t\t\t\t<div class=\"elementor-element elementor-element-f61df6c elementor-widget elementor-widget-image\" data-id=\"f61df6c\" data-element_type=\"widget\" data-widget_type=\"image.default\">\n\t\t\t\t\t\t\t\t\t\t\t\t\t\t\t\t<a href=\"https:\/\/eltecno.se\/?product_cat=vara-komponenter\">\n\t\t\t\t\t\t\t<img loading=\"lazy\" decoding=\"async\" width=\"800\" height=\"800\" src=\"https:\/\/eltecno.se\/wp-content\/uploads\/2025\/10\/Vara-komponenter.png\" class=\"attachment-large size-large wp-image-4193\" alt=\"V\u00e5ra komponenter\" srcset=\"https:\/\/eltecno.se\/wp-content\/uploads\/2025\/10\/Vara-komponenter.png 800w, https:\/\/eltecno.se\/wp-content\/uploads\/2025\/10\/Vara-komponenter-600x600.png 600w, https:\/\/eltecno.se\/wp-content\/uploads\/2025\/10\/Vara-komponenter-300x300.png 300w, https:\/\/eltecno.se\/wp-content\/uploads\/2025\/10\/Vara-komponenter-768x768.png 768w, https:\/\/eltecno.se\/wp-content\/uploads\/2025\/10\/Vara-komponenter-100x100.png 100w\" sizes=\"(max-width: 800px) 100vw, 800px\" \/>\t\t\t\t\t\t\t\t<\/a>\n\t\t\t\t\t\t\t\t\t\t\t\t\t\t\t<\/div>\n\t\t\t\t<\/div>\n\t\t\t\t\t<\/div>\n\t\t\t\t<\/div>\n\t\t\t\t<\/div>\n\t\t","protected":false},"excerpt":{"rendered":"<p>V\u00e5ra produktomr\u00e5den L\u00e4genhetscentraler F\u00f6rdelningscentraler St\u00e4llverk Marksk\u00e5p Elektrifiering M\u00e4tarblock Tillf\u00e4llig el V\u00e5ra komponenter<\/p>\n","protected":false},"author":1093,"featured_media":0,"parent":0,"menu_order":0,"comment_status":"closed","ping_status":"closed","template":"","meta":{"_acf_changed":false,"om_disable_all_campaigns":false,"_monsterinsights_skip_tracking":false,"_monsterinsights_sitenote_active":false,"_monsterinsights_sitenote_note":"","_monsterinsights_sitenote_category":0,"site-sidebar-layout":"no-sidebar","site-content-layout":"","ast-site-content-layout":"full-width-container","site-content-style":"default","site-sidebar-style":"default","ast-global-header-display":"","ast-banner-title-visibility":"","ast-main-header-display":"","ast-hfb-above-header-display":"","ast-hfb-below-header-display":"","ast-hfb-mobile-header-display":"","site-post-title":"disabled","ast-breadcrumbs-content":"","ast-featured-img":"disabled","footer-sml-layout":"","theme-transparent-header-meta":"","adv-header-id-meta":"","stick-header-meta":"","header-above-stick-meta":"","header-main-stick-meta":"","header-below-stick-meta":"","astra-migrate-meta-layouts":"default","ast-page-background-enabled":"default","ast-page-background-meta":{"desktop":{"background-color":"var(--ast-global-color-5)","background-image":"","background-repeat":"repeat","background-position":"center center","background-size":"auto","background-attachment":"scroll","background-type":"","background-media":"","overlay-type":"","overlay-color":"","overlay-opacity":"","overlay-gradient":""},"tablet":{"background-color":"","background-image":"","background-repeat":"repeat","background-position":"center center","background-size":"auto","background-attachment":"scroll","background-type":"","background-media":"","overlay-type":"","overlay-color":"","overlay-opacity":"","overlay-gradient":""},"mobile":{"background-color":"","background-image":"","background-repeat":"repeat","background-position":"center center","background-size":"auto","background-attachment":"scroll","background-type":"","background-media":"","overlay-type":"","overlay-color":"","overlay-opacity":"","overlay-gradient":""}},"ast-content-background-meta":{"desktop":{"background-color":"var(--ast-global-color-4)","background-image":"","background-repeat":"repeat","background-position":"center center","background-size":"auto","background-attachment":"scroll","background-type":"","background-media":"","overlay-type":"","overlay-color":"","overlay-opacity":"","overlay-gradient":""},"tablet":{"background-color":"var(--ast-global-color-4)","background-image":"","background-repeat":"repeat","background-position":"center center","background-size":"auto","background-attachment":"scroll","background-type":"","background-media":"","overlay-type":"","overlay-color":"","overlay-opacity":"","overlay-gradient":""},"mobile":{"background-color":"var(--ast-global-color-4)","background-image":"","background-repeat":"repeat","background-position":"center center","background-size":"auto","background-attachment":"scroll","background-type":"","background-media":"","overlay-type":"","overlay-color":"","overlay-opacity":"","overlay-gradient":""}},"footnotes":""},"class_list":["post-5147","page","type-page","status-publish","hentry"],"acf":[],"aioseo_notices":[],"yoast_head":"<!-- This site is optimized with the Yoast SEO plugin v26.4 - https:\/\/yoast.com\/wordpress\/plugins\/seo\/ -->\n<title>V\u00e5ra produkter -<\/title>\n<meta name=\"robots\" content=\"index, follow, max-snippet:-1, max-image-preview:large, max-video-preview:-1\" \/>\n<link rel=\"canonical\" href=\"https:\/\/eltecno.se\/?page_id=5147\" \/>\n<meta property=\"og:locale\" content=\"sv_SE\" \/>\n<meta property=\"og:type\" content=\"article\" \/>\n<meta property=\"og:title\" content=\"V\u00e5ra produkter -\" \/>\n<meta property=\"og:description\" content=\"V\u00e5ra produktomr\u00e5den L\u00e4genhetscentraler F\u00f6rdelningscentraler St\u00e4llverk Marksk\u00e5p Elektrifiering M\u00e4tarblock Tillf\u00e4llig el V\u00e5ra komponenter\" \/>\n<meta property=\"og:url\" content=\"https:\/\/eltecno.se\/?page_id=5147\" \/>\n<meta property=\"article:publisher\" content=\"https:\/\/www.linkedin.com\/company\/eltecno-ab\/?viewAsMember=true\" \/>\n<meta property=\"article:modified_time\" content=\"2025-11-27T06:31:43+00:00\" \/>\n<meta property=\"og:image\" content=\"https:\/\/eltecno.se\/wp-content\/uploads\/2025\/10\/Lagenhetscentral.png\" \/>\n\t<meta property=\"og:image:width\" content=\"800\" \/>\n\t<meta property=\"og:image:height\" content=\"800\" \/>\n\t<meta property=\"og:image:type\" content=\"image\/png\" \/>\n<meta name=\"twitter:card\" content=\"summary_large_image\" \/>\n<meta name=\"twitter:label1\" content=\"Ber\u00e4knad l\u00e4stid\" \/>\n\t<meta name=\"twitter:data1\" content=\"2 minuter\" \/>\n<script type=\"application\/ld+json\" class=\"yoast-schema-graph\">{\"@context\":\"https:\/\/schema.org\",\"@graph\":[{\"@type\":\"WebPage\",\"@id\":\"https:\/\/eltecno.se\/?page_id=5147\",\"url\":\"https:\/\/eltecno.se\/?page_id=5147\",\"name\":\"V\u00e5ra produkter -\",\"isPartOf\":{\"@id\":\"https:\/\/eltecno.se\/#website\"},\"primaryImageOfPage\":{\"@id\":\"https:\/\/eltecno.se\/?page_id=5147#primaryimage\"},\"image\":{\"@id\":\"https:\/\/eltecno.se\/?page_id=5147#primaryimage\"},\"thumbnailUrl\":\"https:\/\/eltecno.se\/wp-content\/uploads\/2025\/10\/Lagenhetscentral.png\",\"datePublished\":\"2025-11-21T13:36:44+00:00\",\"dateModified\":\"2025-11-27T06:31:43+00:00\",\"breadcrumb\":{\"@id\":\"https:\/\/eltecno.se\/?page_id=5147#breadcrumb\"},\"inLanguage\":\"sv-SE\",\"potentialAction\":[{\"@type\":\"ReadAction\",\"target\":[\"https:\/\/eltecno.se\/?page_id=5147\"]}]},{\"@type\":\"ImageObject\",\"inLanguage\":\"sv-SE\",\"@id\":\"https:\/\/eltecno.se\/?page_id=5147#primaryimage\",\"url\":\"https:\/\/eltecno.se\/wp-content\/uploads\/2025\/10\/Lagenhetscentral.png\",\"contentUrl\":\"https:\/\/eltecno.se\/wp-content\/uploads\/2025\/10\/Lagenhetscentral.png\",\"width\":800,\"height\":800,\"caption\":\"L\u00e4genhetscentral\"},{\"@type\":\"BreadcrumbList\",\"@id\":\"https:\/\/eltecno.se\/?page_id=5147#breadcrumb\",\"itemListElement\":[{\"@type\":\"ListItem\",\"position\":1,\"name\":\"Hem\",\"item\":\"https:\/\/eltecno.se\/\"},{\"@type\":\"ListItem\",\"position\":2,\"name\":\"V\u00e5ra produkter\"}]},{\"@type\":\"WebSite\",\"@id\":\"https:\/\/eltecno.se\/#website\",\"url\":\"https:\/\/eltecno.se\/\",\"name\":\"Eltecno\",\"description\":\"N\u00e4r du vill vara i fas med livet\",\"publisher\":{\"@id\":\"https:\/\/eltecno.se\/#organization\"},\"potentialAction\":[{\"@type\":\"SearchAction\",\"target\":{\"@type\":\"EntryPoint\",\"urlTemplate\":\"https:\/\/eltecno.se\/?s={search_term_string}\"},\"query-input\":{\"@type\":\"PropertyValueSpecification\",\"valueRequired\":true,\"valueName\":\"search_term_string\"}}],\"inLanguage\":\"sv-SE\"},{\"@type\":\"Organization\",\"@id\":\"https:\/\/eltecno.se\/#organization\",\"name\":\"Eltecno\",\"url\":\"https:\/\/eltecno.se\/\",\"logo\":{\"@type\":\"ImageObject\",\"inLanguage\":\"sv-SE\",\"@id\":\"https:\/\/eltecno.se\/#\/schema\/logo\/image\/\",\"url\":\"https:\/\/eltecno.se\/wp-content\/uploads\/2025\/11\/cropped-Eltecno-logotyp-liggande.png\",\"contentUrl\":\"https:\/\/eltecno.se\/wp-content\/uploads\/2025\/11\/cropped-Eltecno-logotyp-liggande.png\",\"width\":1494,\"height\":316,\"caption\":\"Eltecno\"},\"image\":{\"@id\":\"https:\/\/eltecno.se\/#\/schema\/logo\/image\/\"},\"sameAs\":[\"https:\/\/www.linkedin.com\/company\/eltecno-ab\/?viewAsMember=true\"]}]}<\/script>\n<!-- \/ Yoast SEO plugin. -->","yoast_head_json":{"title":"V\u00e5ra produkter -","robots":{"index":"index","follow":"follow","max-snippet":"max-snippet:-1","max-image-preview":"max-image-preview:large","max-video-preview":"max-video-preview:-1"},"canonical":"https:\/\/eltecno.se\/?page_id=5147","og_locale":"sv_SE","og_type":"article","og_title":"V\u00e5ra produkter -","og_description":"V\u00e5ra produktomr\u00e5den L\u00e4genhetscentraler F\u00f6rdelningscentraler St\u00e4llverk Marksk\u00e5p Elektrifiering M\u00e4tarblock Tillf\u00e4llig el V\u00e5ra komponenter","og_url":"https:\/\/eltecno.se\/?page_id=5147","article_publisher":"https:\/\/www.linkedin.com\/company\/eltecno-ab\/?viewAsMember=true","article_modified_time":"2025-11-27T06:31:43+00:00","og_image":[{"width":800,"height":800,"url":"https:\/\/eltecno.se\/wp-content\/uploads\/2025\/10\/Lagenhetscentral.png","type":"image\/png"}],"twitter_card":"summary_large_image","twitter_misc":{"Ber\u00e4knad l\u00e4stid":"2 minuter"},"schema":{"@context":"https:\/\/schema.org","@graph":[{"@type":"WebPage","@id":"https:\/\/eltecno.se\/?page_id=5147","url":"https:\/\/eltecno.se\/?page_id=5147","name":"V\u00e5ra produkter -","isPartOf":{"@id":"https:\/\/eltecno.se\/#website"},"primaryImageOfPage":{"@id":"https:\/\/eltecno.se\/?page_id=5147#primaryimage"},"image":{"@id":"https:\/\/eltecno.se\/?page_id=5147#primaryimage"},"thumbnailUrl":"https:\/\/eltecno.se\/wp-content\/uploads\/2025\/10\/Lagenhetscentral.png","datePublished":"2025-11-21T13:36:44+00:00","dateModified":"2025-11-27T06:31:43+00:00","breadcrumb":{"@id":"https:\/\/eltecno.se\/?page_id=5147#breadcrumb"},"inLanguage":"sv-SE","potentialAction":[{"@type":"ReadAction","target":["https:\/\/eltecno.se\/?page_id=5147"]}]},{"@type":"ImageObject","inLanguage":"sv-SE","@id":"https:\/\/eltecno.se\/?page_id=5147#primaryimage","url":"https:\/\/eltecno.se\/wp-content\/uploads\/2025\/10\/Lagenhetscentral.png","contentUrl":"https:\/\/eltecno.se\/wp-content\/uploads\/2025\/10\/Lagenhetscentral.png","width":800,"height":800,"caption":"L\u00e4genhetscentral"},{"@type":"BreadcrumbList","@id":"https:\/\/eltecno.se\/?page_id=5147#breadcrumb","itemListElement":[{"@type":"ListItem","position":1,"name":"Hem","item":"https:\/\/eltecno.se\/"},{"@type":"ListItem","position":2,"name":"V\u00e5ra produkter"}]},{"@type":"WebSite","@id":"https:\/\/eltecno.se\/#website","url":"https:\/\/eltecno.se\/","name":"Eltecno","description":"N\u00e4r du vill vara i fas med livet","publisher":{"@id":"https:\/\/eltecno.se\/#organization"},"potentialAction":[{"@type":"SearchAction","target":{"@type":"EntryPoint","urlTemplate":"https:\/\/eltecno.se\/?s={search_term_string}"},"query-input":{"@type":"PropertyValueSpecification","valueRequired":true,"valueName":"search_term_string"}}],"inLanguage":"sv-SE"},{"@type":"Organization","@id":"https:\/\/eltecno.se\/#organization","name":"Eltecno","url":"https:\/\/eltecno.se\/","logo":{"@type":"ImageObject","inLanguage":"sv-SE","@id":"https:\/\/eltecno.se\/#\/schema\/logo\/image\/","url":"https:\/\/eltecno.se\/wp-content\/uploads\/2025\/11\/cropped-Eltecno-logotyp-liggande.png","contentUrl":"https:\/\/eltecno.se\/wp-content\/uploads\/2025\/11\/cropped-Eltecno-logotyp-liggande.png","width":1494,"height":316,"caption":"Eltecno"},"image":{"@id":"https:\/\/eltecno.se\/#\/schema\/logo\/image\/"},"sameAs":["https:\/\/www.linkedin.com\/company\/eltecno-ab\/?viewAsMember=true"]}]}},"_links":{"self":[{"href":"https:\/\/eltecno.se\/index.php?rest_route=\/wp\/v2\/pages\/5147","targetHints":{"allow":["GET"]}}],"collection":[{"href":"https:\/\/eltecno.se\/index.php?rest_route=\/wp\/v2\/pages"}],"about":[{"href":"https:\/\/eltecno.se\/index.php?rest_route=\/wp\/v2\/types\/page"}],"author":[{"embeddable":true,"href":"https:\/\/eltecno.se\/index.php?rest_route=\/wp\/v2\/users\/1093"}],"replies":[{"embeddable":true,"href":"https:\/\/eltecno.se\/index.php?rest_route=%2Fwp%2Fv2%2Fcomments&post=5147"}],"version-history":[{"count":18,"href":"https:\/\/eltecno.se\/index.php?rest_route=\/wp\/v2\/pages\/5147\/revisions"}],"predecessor-version":[{"id":5271,"href":"https:\/\/eltecno.se\/index.php?rest_route=\/wp\/v2\/pages\/5147\/revisions\/5271"}],"wp:attachment":[{"href":"https:\/\/eltecno.se\/index.php?rest_route=%2Fwp%2Fv2%2Fmedia&parent=5147"}],"curies":[{"name":"wp","href":"https:\/\/api.w.org\/{rel}","templated":true}]}}