{"id":5384,"date":"2025-12-12T14:00:57","date_gmt":"2025-12-12T13:00:57","guid":{"rendered":"https:\/\/eltecno.se\/?page_id=5384"},"modified":"2025-12-12T14:11:18","modified_gmt":"2025-12-12T13:11:18","slug":"diverse-sakerhetsklassade-projekt","status":"publish","type":"page","link":"https:\/\/eltecno.se\/?page_id=5384","title":{"rendered":"Diverse s\u00e4kerhetsklassade projekt"},"content":{"rendered":"\t\t<div data-elementor-type=\"wp-page\" data-elementor-id=\"5384\" class=\"elementor elementor-5384\">\n\t\t\t\t<div class=\"elementor-element elementor-element-327b6353 e-flex e-con-boxed e-con e-parent\" data-id=\"327b6353\" data-element_type=\"container\">\n\t\t\t\t\t<div class=\"e-con-inner\">\n\t\t\t\t<div class=\"elementor-element elementor-element-17c8c5fc elementor-widget elementor-widget-heading\" data-id=\"17c8c5fc\" data-element_type=\"widget\" data-widget_type=\"heading.default\">\n\t\t\t\t\t<h2 class=\"elementor-heading-title elementor-size-default\">Diverse s\u00e4kerhetsklassade projekt<\/h2>\t\t\t\t<\/div>\n\t\t\t\t\t<\/div>\n\t\t\t\t<\/div>\n\t\t<div class=\"elementor-element elementor-element-45835d84 e-flex e-con-boxed e-con e-parent\" data-id=\"45835d84\" data-element_type=\"container\">\n\t\t\t\t\t<div class=\"e-con-inner\">\n\t\t<div class=\"elementor-element elementor-element-5cb6e6c0 e-con-full e-flex e-con e-child\" data-id=\"5cb6e6c0\" data-element_type=\"container\">\n\t\t\t\t<div class=\"elementor-element elementor-element-1397ae43 elementor-widget elementor-widget-heading\" data-id=\"1397ae43\" data-element_type=\"widget\" data-widget_type=\"heading.default\">\n\t\t\t\t\t<h2 class=\"elementor-heading-title elementor-size-default\">Projekt<\/h2>\t\t\t\t<\/div>\n\t\t\t\t<div class=\"elementor-element elementor-element-8c51218 elementor-widget elementor-widget-text-editor\" data-id=\"8c51218\" data-element_type=\"widget\" data-widget_type=\"text-editor.default\">\n\t\t\t\t\t\t\t\t\t<div class=\"flex flex-col text-sm @w-xl\/main:pt-header-height pb-25\"><article class=\"text-token-text-primary w-full focus:outline-none [--shadow-height:45px] has-data-writing-block:pointer-events-none has-data-writing-block:-mt-(--shadow-height) has-data-writing-block:pt-(--shadow-height) [&amp;:has([data-writing-block])&gt;*]:pointer-events-auto scroll-mt-[calc(var(--header-height)+min(200px,max(70px,20svh)))]\" dir=\"auto\" tabindex=\"-1\" data-turn-id=\"request-WEB:8d17c563-fdb1-4427-97fd-d0de0064a82f-11\" data-testid=\"conversation-turn-24\" data-scroll-anchor=\"true\" data-turn=\"assistant\"><div class=\"text-base my-auto mx-auto pb-10 [--thread-content-margin:--spacing(4)] @w-sm\/main:[--thread-content-margin:--spacing(6)] @w-lg\/main:[--thread-content-margin:--spacing(16)] px-(--thread-content-margin)\"><div class=\"[--thread-content-max-width:40rem] @w-lg\/main:[--thread-content-max-width:48rem] mx-auto max-w-(--thread-content-max-width) flex-1 group\/turn-messages focus-visible:outline-hidden relative flex w-full min-w-0 flex-col agent-turn\" tabindex=\"-1\"><div class=\"flex max-w-full flex-col grow\"><div class=\"min-h-8 text-message relative flex w-full flex-col items-end gap-2 text-start break-words whitespace-normal [.text-message+&amp;]:mt-1\" dir=\"auto\" data-message-author-role=\"assistant\" data-message-id=\"c1445b8f-67f2-410a-9bc7-9c053cb2d50e\" data-message-model-slug=\"gpt-5-2\"><div class=\"flex w-full flex-col gap-1 empty:hidden first:pt-[1px]\"><div class=\"markdown prose dark:prose-invert w-full break-words light markdown-new-styling\"><p data-start=\"125\" data-end=\"367\"><strong data-start=\"125\" data-end=\"215\">Vi har haft f\u00f6rtroendet att leverera till n\u00e5gra av Sveriges mest kr\u00e4vande verksamheter<\/strong>, d\u00e4ribland <strong>Polisen, F\u00f6rsvarsmakten och Fortifikationsverket.<\/strong> Uppdragen st\u00e4ller h\u00f6ga krav p\u00e5 kvalitet, drifts\u00e4kerhet och noggrann informationshantering.<\/p><p data-start=\"369\" data-end=\"576\">Av naturliga sk\u00e4l kan vi inte redovisa detaljer, men vi har <strong data-start=\"429\" data-end=\"477\">organisationen, erfarenheten och processerna<\/strong> som kr\u00e4vs f\u00f6r att m\u00f6ta myndigheternas strikta krav p\u00e5 s\u00e4kerhet, sekretess och tekniska egenskaper.<\/p><p data-start=\"578\" data-end=\"754\" data-is-last-node=\"\" data-is-only-node=\"\">\u00a0<\/p><\/div><\/div><\/div><\/div><div class=\"z-0 flex min-h-[46px] justify-start\">\u00a0<\/div><div class=\"mt-3 w-full empty:hidden\"><div class=\"text-center\">\u00a0<\/div><\/div><\/div><\/div><\/article><\/div><div class=\"pointer-events-none h-px w-px absolute bottom-0\" aria-hidden=\"true\" data-edge=\"true\">\u00a0<\/div>\t\t\t\t\t\t\t\t<\/div>\n\t\t\t\t<\/div>\n\t\t<div class=\"elementor-element elementor-element-7bcc84b4 e-con-full e-flex e-con e-child\" data-id=\"7bcc84b4\" data-element_type=\"container\">\n\t\t\t\t<div class=\"elementor-element elementor-element-79794f24 elementor-widget elementor-widget-image\" data-id=\"79794f24\" data-element_type=\"widget\" data-widget_type=\"image.default\">\n\t\t\t\t\t\t\t\t\t\t\t\t\t\t\t<img fetchpriority=\"high\" decoding=\"async\" width=\"600\" height=\"600\" src=\"https:\/\/eltecno.se\/wp-content\/uploads\/2025\/12\/refsak.png\" class=\"attachment-large size-large wp-image-5387\" alt=\"Diverse s\u00e4kerhetsklassade projekt\" srcset=\"https:\/\/eltecno.se\/wp-content\/uploads\/2025\/12\/refsak.png 600w, https:\/\/eltecno.se\/wp-content\/uploads\/2025\/12\/refsak-300x300.png 300w, https:\/\/eltecno.se\/wp-content\/uploads\/2025\/12\/refsak-100x100.png 100w\" sizes=\"(max-width: 600px) 100vw, 600px\" \/>\t\t\t\t\t\t\t\t\t\t\t\t\t\t\t<\/div>\n\t\t\t\t<\/div>\n\t\t\t\t\t<\/div>\n\t\t\t\t<\/div>\n\t\t<div class=\"elementor-element elementor-element-8475728 e-flex e-con-boxed e-con e-parent\" data-id=\"8475728\" data-element_type=\"container\">\n\t\t\t\t\t<div class=\"e-con-inner\">\n\t\t<div class=\"elementor-element elementor-element-360c921 e-con-full e-flex e-con e-child\" data-id=\"360c921\" data-element_type=\"container\">\n\t\t\t\t<div class=\"elementor-element elementor-element-6784543 elementor-widget elementor-widget-image\" data-id=\"6784543\" data-element_type=\"widget\" data-widget_type=\"image.default\">\n\t\t\t\t\t\t\t\t\t\t\t\t\t\t\t<img decoding=\"async\" width=\"567\" height=\"363\" src=\"https:\/\/eltecno.se\/wp-content\/uploads\/2025\/12\/2021_FORTLOGO_centrerad_rgb.avif\" class=\"attachment-large size-large wp-image-5398\" alt=\"\" \/>\t\t\t\t\t\t\t\t\t\t\t\t\t\t\t<\/div>\n\t\t\t\t<\/div>\n\t\t<div class=\"elementor-element elementor-element-6a3913b e-con-full e-flex e-con e-child\" data-id=\"6a3913b\" data-element_type=\"container\">\n\t\t\t\t<div class=\"elementor-element elementor-element-86b8f64 elementor-widget elementor-widget-image\" data-id=\"86b8f64\" data-element_type=\"widget\" data-widget_type=\"image.default\">\n\t\t\t\t\t\t\t\t\t\t\t\t\t\t\t<img decoding=\"async\" width=\"474\" height=\"474\" src=\"https:\/\/eltecno.se\/wp-content\/uploads\/2025\/12\/OIP.webp\" class=\"attachment-medium size-medium wp-image-5396\" alt=\"\" srcset=\"https:\/\/eltecno.se\/wp-content\/uploads\/2025\/12\/OIP.webp 474w, https:\/\/eltecno.se\/wp-content\/uploads\/2025\/12\/OIP-300x300.webp 300w, https:\/\/eltecno.se\/wp-content\/uploads\/2025\/12\/OIP-100x100.webp 100w\" sizes=\"(max-width: 474px) 100vw, 474px\" \/>\t\t\t\t\t\t\t\t\t\t\t\t\t\t\t<\/div>\n\t\t\t\t<\/div>\n\t\t<div class=\"elementor-element elementor-element-1ccf2e8 e-con-full e-flex e-con e-child\" data-id=\"1ccf2e8\" data-element_type=\"container\">\n\t\t\t\t<div class=\"elementor-element elementor-element-c8e9e45 elementor-widget elementor-widget-image\" data-id=\"c8e9e45\" data-element_type=\"widget\" data-widget_type=\"image.default\">\n\t\t\t\t\t\t\t\t\t\t\t\t\t\t\t<img loading=\"lazy\" decoding=\"async\" width=\"731\" height=\"540\" src=\"https:\/\/eltecno.se\/wp-content\/uploads\/2025\/12\/forsvarsmakten-2.png\" class=\"attachment-large size-large wp-image-5395\" alt=\"\" srcset=\"https:\/\/eltecno.se\/wp-content\/uploads\/2025\/12\/forsvarsmakten-2.png 731w, https:\/\/eltecno.se\/wp-content\/uploads\/2025\/12\/forsvarsmakten-2-600x443.png 600w, https:\/\/eltecno.se\/wp-content\/uploads\/2025\/12\/forsvarsmakten-2-300x222.png 300w\" sizes=\"(max-width: 731px) 100vw, 731px\" \/>\t\t\t\t\t\t\t\t\t\t\t\t\t\t\t<\/div>\n\t\t\t\t<\/div>\n\t\t\t\t\t<\/div>\n\t\t\t\t<\/div>\n\t\t<div class=\"elementor-element elementor-element-2db8ca8 e-flex e-con-boxed e-con e-parent\" data-id=\"2db8ca8\" data-element_type=\"container\">\n\t\t\t\t\t<div class=\"e-con-inner\">\n\t\t\t\t<div class=\"elementor-element elementor-element-f97cbbe elementor-widget elementor-widget-spacer\" data-id=\"f97cbbe\" data-element_type=\"widget\" data-widget_type=\"spacer.default\">\n\t\t\t\t\t\t\t<div class=\"elementor-spacer\">\n\t\t\t<div class=\"elementor-spacer-inner\"><\/div>\n\t\t<\/div>\n\t\t\t\t\t\t<\/div>\n\t\t\t\t\t<\/div>\n\t\t\t\t<\/div>\n\t\t\t\t<\/div>\n\t\t","protected":false},"excerpt":{"rendered":"<p>Diverse s\u00e4kerhetsklassade projekt Projekt Vi har haft f\u00f6rtroendet att leverera till n\u00e5gra av Sveriges mest kr\u00e4vande verksamheter, d\u00e4ribland Polisen, F\u00f6rsvarsmakten [&hellip;]<\/p>\n","protected":false},"author":1093,"featured_media":0,"parent":0,"menu_order":0,"comment_status":"closed","ping_status":"closed","template":"","meta":{"_acf_changed":false,"om_disable_all_campaigns":false,"_monsterinsights_skip_tracking":false,"_monsterinsights_sitenote_active":false,"_monsterinsights_sitenote_note":"","_monsterinsights_sitenote_category":0,"site-sidebar-layout":"no-sidebar","site-content-layout":"","ast-site-content-layout":"full-width-container","site-content-style":"default","site-sidebar-style":"default","ast-global-header-display":"","ast-banner-title-visibility":"","ast-main-header-display":"","ast-hfb-above-header-display":"","ast-hfb-below-header-display":"","ast-hfb-mobile-header-display":"","site-post-title":"disabled","ast-breadcrumbs-content":"","ast-featured-img":"disabled","footer-sml-layout":"","theme-transparent-header-meta":"","adv-header-id-meta":"","stick-header-meta":"","header-above-stick-meta":"","header-main-stick-meta":"","header-below-stick-meta":"","astra-migrate-meta-layouts":"default","ast-page-background-enabled":"default","ast-page-background-meta":{"desktop":{"background-color":"var(--ast-global-color-5)","background-image":"","background-repeat":"repeat","background-position":"center center","background-size":"auto","background-attachment":"scroll","background-type":"","background-media":"","overlay-type":"","overlay-color":"","overlay-opacity":"","overlay-gradient":""},"tablet":{"background-color":"","background-image":"","background-repeat":"repeat","background-position":"center center","background-size":"auto","background-attachment":"scroll","background-type":"","background-media":"","overlay-type":"","overlay-color":"","overlay-opacity":"","overlay-gradient":""},"mobile":{"background-color":"","background-image":"","background-repeat":"repeat","background-position":"center center","background-size":"auto","background-attachment":"scroll","background-type":"","background-media":"","overlay-type":"","overlay-color":"","overlay-opacity":"","overlay-gradient":""}},"ast-content-background-meta":{"desktop":{"background-color":"var(--ast-global-color-4)","background-image":"","background-repeat":"repeat","background-position":"center center","background-size":"auto","background-attachment":"scroll","background-type":"","background-media":"","overlay-type":"","overlay-color":"","overlay-opacity":"","overlay-gradient":""},"tablet":{"background-color":"var(--ast-global-color-4)","background-image":"","background-repeat":"repeat","background-position":"center center","background-size":"auto","background-attachment":"scroll","background-type":"","background-media":"","overlay-type":"","overlay-color":"","overlay-opacity":"","overlay-gradient":""},"mobile":{"background-color":"var(--ast-global-color-4)","background-image":"","background-repeat":"repeat","background-position":"center center","background-size":"auto","background-attachment":"scroll","background-type":"","background-media":"","overlay-type":"","overlay-color":"","overlay-opacity":"","overlay-gradient":""}},"footnotes":""},"class_list":["post-5384","page","type-page","status-publish","hentry"],"acf":[],"aioseo_notices":[],"yoast_head":"<!-- This site is optimized with the Yoast SEO plugin v26.4 - https:\/\/yoast.com\/wordpress\/plugins\/seo\/ -->\n<title>Diverse s\u00e4kerhetsklassade projekt -<\/title>\n<meta name=\"robots\" content=\"index, follow, max-snippet:-1, max-image-preview:large, max-video-preview:-1\" \/>\n<link rel=\"canonical\" href=\"https:\/\/eltecno.se\/?page_id=5384\" \/>\n<meta property=\"og:locale\" content=\"sv_SE\" \/>\n<meta property=\"og:type\" content=\"article\" \/>\n<meta property=\"og:title\" content=\"Diverse s\u00e4kerhetsklassade projekt -\" \/>\n<meta property=\"og:description\" content=\"Diverse s\u00e4kerhetsklassade projekt Projekt Vi har haft f\u00f6rtroendet att leverera till n\u00e5gra av Sveriges mest kr\u00e4vande verksamheter, d\u00e4ribland Polisen, F\u00f6rsvarsmakten [&hellip;]\" \/>\n<meta property=\"og:url\" content=\"https:\/\/eltecno.se\/?page_id=5384\" \/>\n<meta property=\"article:publisher\" content=\"https:\/\/www.linkedin.com\/company\/eltecno-ab\/?viewAsMember=true\" \/>\n<meta property=\"article:modified_time\" content=\"2025-12-12T13:11:18+00:00\" \/>\n<meta property=\"og:image\" content=\"https:\/\/eltecno.se\/wp-content\/uploads\/2025\/12\/refsak.png\" \/>\n\t<meta property=\"og:image:width\" content=\"600\" \/>\n\t<meta property=\"og:image:height\" content=\"600\" \/>\n\t<meta property=\"og:image:type\" content=\"image\/png\" \/>\n<meta name=\"twitter:card\" content=\"summary_large_image\" \/>\n<meta name=\"twitter:label1\" content=\"Ber\u00e4knad l\u00e4stid\" \/>\n\t<meta name=\"twitter:data1\" content=\"1 minut\" \/>\n<script type=\"application\/ld+json\" class=\"yoast-schema-graph\">{\"@context\":\"https:\/\/schema.org\",\"@graph\":[{\"@type\":\"WebPage\",\"@id\":\"https:\/\/eltecno.se\/?page_id=5384\",\"url\":\"https:\/\/eltecno.se\/?page_id=5384\",\"name\":\"Diverse s\u00e4kerhetsklassade projekt -\",\"isPartOf\":{\"@id\":\"https:\/\/eltecno.se\/#website\"},\"primaryImageOfPage\":{\"@id\":\"https:\/\/eltecno.se\/?page_id=5384#primaryimage\"},\"image\":{\"@id\":\"https:\/\/eltecno.se\/?page_id=5384#primaryimage\"},\"thumbnailUrl\":\"https:\/\/eltecno.se\/wp-content\/uploads\/2025\/12\/refsak.png\",\"datePublished\":\"2025-12-12T13:00:57+00:00\",\"dateModified\":\"2025-12-12T13:11:18+00:00\",\"breadcrumb\":{\"@id\":\"https:\/\/eltecno.se\/?page_id=5384#breadcrumb\"},\"inLanguage\":\"sv-SE\",\"potentialAction\":[{\"@type\":\"ReadAction\",\"target\":[\"https:\/\/eltecno.se\/?page_id=5384\"]}]},{\"@type\":\"ImageObject\",\"inLanguage\":\"sv-SE\",\"@id\":\"https:\/\/eltecno.se\/?page_id=5384#primaryimage\",\"url\":\"https:\/\/eltecno.se\/wp-content\/uploads\/2025\/12\/refsak.png\",\"contentUrl\":\"https:\/\/eltecno.se\/wp-content\/uploads\/2025\/12\/refsak.png\",\"width\":600,\"height\":600,\"caption\":\"Diverse s\u00e4kerhetsklassade projekt\"},{\"@type\":\"BreadcrumbList\",\"@id\":\"https:\/\/eltecno.se\/?page_id=5384#breadcrumb\",\"itemListElement\":[{\"@type\":\"ListItem\",\"position\":1,\"name\":\"Hem\",\"item\":\"https:\/\/eltecno.se\/\"},{\"@type\":\"ListItem\",\"position\":2,\"name\":\"Diverse s\u00e4kerhetsklassade projekt\"}]},{\"@type\":\"WebSite\",\"@id\":\"https:\/\/eltecno.se\/#website\",\"url\":\"https:\/\/eltecno.se\/\",\"name\":\"Eltecno\",\"description\":\"N\u00e4r du vill vara i fas med livet\",\"publisher\":{\"@id\":\"https:\/\/eltecno.se\/#organization\"},\"potentialAction\":[{\"@type\":\"SearchAction\",\"target\":{\"@type\":\"EntryPoint\",\"urlTemplate\":\"https:\/\/eltecno.se\/?s={search_term_string}\"},\"query-input\":{\"@type\":\"PropertyValueSpecification\",\"valueRequired\":true,\"valueName\":\"search_term_string\"}}],\"inLanguage\":\"sv-SE\"},{\"@type\":\"Organization\",\"@id\":\"https:\/\/eltecno.se\/#organization\",\"name\":\"Eltecno\",\"url\":\"https:\/\/eltecno.se\/\",\"logo\":{\"@type\":\"ImageObject\",\"inLanguage\":\"sv-SE\",\"@id\":\"https:\/\/eltecno.se\/#\/schema\/logo\/image\/\",\"url\":\"https:\/\/eltecno.se\/wp-content\/uploads\/2025\/11\/cropped-Eltecno-logotyp-liggande.png\",\"contentUrl\":\"https:\/\/eltecno.se\/wp-content\/uploads\/2025\/11\/cropped-Eltecno-logotyp-liggande.png\",\"width\":1494,\"height\":316,\"caption\":\"Eltecno\"},\"image\":{\"@id\":\"https:\/\/eltecno.se\/#\/schema\/logo\/image\/\"},\"sameAs\":[\"https:\/\/www.linkedin.com\/company\/eltecno-ab\/?viewAsMember=true\"]}]}<\/script>\n<!-- \/ Yoast SEO plugin. -->","yoast_head_json":{"title":"Diverse s\u00e4kerhetsklassade projekt -","robots":{"index":"index","follow":"follow","max-snippet":"max-snippet:-1","max-image-preview":"max-image-preview:large","max-video-preview":"max-video-preview:-1"},"canonical":"https:\/\/eltecno.se\/?page_id=5384","og_locale":"sv_SE","og_type":"article","og_title":"Diverse s\u00e4kerhetsklassade projekt -","og_description":"Diverse s\u00e4kerhetsklassade projekt Projekt Vi har haft f\u00f6rtroendet att leverera till n\u00e5gra av Sveriges mest kr\u00e4vande verksamheter, d\u00e4ribland Polisen, F\u00f6rsvarsmakten [&hellip;]","og_url":"https:\/\/eltecno.se\/?page_id=5384","article_publisher":"https:\/\/www.linkedin.com\/company\/eltecno-ab\/?viewAsMember=true","article_modified_time":"2025-12-12T13:11:18+00:00","og_image":[{"width":600,"height":600,"url":"https:\/\/eltecno.se\/wp-content\/uploads\/2025\/12\/refsak.png","type":"image\/png"}],"twitter_card":"summary_large_image","twitter_misc":{"Ber\u00e4knad l\u00e4stid":"1 minut"},"schema":{"@context":"https:\/\/schema.org","@graph":[{"@type":"WebPage","@id":"https:\/\/eltecno.se\/?page_id=5384","url":"https:\/\/eltecno.se\/?page_id=5384","name":"Diverse s\u00e4kerhetsklassade projekt -","isPartOf":{"@id":"https:\/\/eltecno.se\/#website"},"primaryImageOfPage":{"@id":"https:\/\/eltecno.se\/?page_id=5384#primaryimage"},"image":{"@id":"https:\/\/eltecno.se\/?page_id=5384#primaryimage"},"thumbnailUrl":"https:\/\/eltecno.se\/wp-content\/uploads\/2025\/12\/refsak.png","datePublished":"2025-12-12T13:00:57+00:00","dateModified":"2025-12-12T13:11:18+00:00","breadcrumb":{"@id":"https:\/\/eltecno.se\/?page_id=5384#breadcrumb"},"inLanguage":"sv-SE","potentialAction":[{"@type":"ReadAction","target":["https:\/\/eltecno.se\/?page_id=5384"]}]},{"@type":"ImageObject","inLanguage":"sv-SE","@id":"https:\/\/eltecno.se\/?page_id=5384#primaryimage","url":"https:\/\/eltecno.se\/wp-content\/uploads\/2025\/12\/refsak.png","contentUrl":"https:\/\/eltecno.se\/wp-content\/uploads\/2025\/12\/refsak.png","width":600,"height":600,"caption":"Diverse s\u00e4kerhetsklassade projekt"},{"@type":"BreadcrumbList","@id":"https:\/\/eltecno.se\/?page_id=5384#breadcrumb","itemListElement":[{"@type":"ListItem","position":1,"name":"Hem","item":"https:\/\/eltecno.se\/"},{"@type":"ListItem","position":2,"name":"Diverse s\u00e4kerhetsklassade projekt"}]},{"@type":"WebSite","@id":"https:\/\/eltecno.se\/#website","url":"https:\/\/eltecno.se\/","name":"Eltecno","description":"N\u00e4r du vill vara i fas med livet","publisher":{"@id":"https:\/\/eltecno.se\/#organization"},"potentialAction":[{"@type":"SearchAction","target":{"@type":"EntryPoint","urlTemplate":"https:\/\/eltecno.se\/?s={search_term_string}"},"query-input":{"@type":"PropertyValueSpecification","valueRequired":true,"valueName":"search_term_string"}}],"inLanguage":"sv-SE"},{"@type":"Organization","@id":"https:\/\/eltecno.se\/#organization","name":"Eltecno","url":"https:\/\/eltecno.se\/","logo":{"@type":"ImageObject","inLanguage":"sv-SE","@id":"https:\/\/eltecno.se\/#\/schema\/logo\/image\/","url":"https:\/\/eltecno.se\/wp-content\/uploads\/2025\/11\/cropped-Eltecno-logotyp-liggande.png","contentUrl":"https:\/\/eltecno.se\/wp-content\/uploads\/2025\/11\/cropped-Eltecno-logotyp-liggande.png","width":1494,"height":316,"caption":"Eltecno"},"image":{"@id":"https:\/\/eltecno.se\/#\/schema\/logo\/image\/"},"sameAs":["https:\/\/www.linkedin.com\/company\/eltecno-ab\/?viewAsMember=true"]}]}},"_links":{"self":[{"href":"https:\/\/eltecno.se\/index.php?rest_route=\/wp\/v2\/pages\/5384","targetHints":{"allow":["GET"]}}],"collection":[{"href":"https:\/\/eltecno.se\/index.php?rest_route=\/wp\/v2\/pages"}],"about":[{"href":"https:\/\/eltecno.se\/index.php?rest_route=\/wp\/v2\/types\/page"}],"author":[{"embeddable":true,"href":"https:\/\/eltecno.se\/index.php?rest_route=\/wp\/v2\/users\/1093"}],"replies":[{"embeddable":true,"href":"https:\/\/eltecno.se\/index.php?rest_route=%2Fwp%2Fv2%2Fcomments&post=5384"}],"version-history":[{"count":13,"href":"https:\/\/eltecno.se\/index.php?rest_route=\/wp\/v2\/pages\/5384\/revisions"}],"predecessor-version":[{"id":5407,"href":"https:\/\/eltecno.se\/index.php?rest_route=\/wp\/v2\/pages\/5384\/revisions\/5407"}],"wp:attachment":[{"href":"https:\/\/eltecno.se\/index.php?rest_route=%2Fwp%2Fv2%2Fmedia&parent=5384"}],"curies":[{"name":"wp","href":"https:\/\/api.w.org\/{rel}","templated":true}]}}