{"id":2368,"date":"2022-01-17T07:49:18","date_gmt":"2022-01-17T06:49:18","guid":{"rendered":"https:\/\/eltecno.se\/?post_type=product&#038;p=2368"},"modified":"2025-12-05T13:40:55","modified_gmt":"2025-12-05T12:40:55","slug":"vkc-1-18-m-infalld","status":"publish","type":"product","link":"https:\/\/eltecno.se\/?product=vkc-1-18-m-infalld","title":{"rendered":"VKC-1-18 M, INF\u00c4LLD"},"content":{"rendered":"","protected":false},"excerpt":{"rendered":"<p><strong data-start=\"121\" data-end=\"284\">Eltecno presenterar stolt den vikbara kombinationscentralen VKC \u2013 en innovativ l\u00f6sning som s\u00e4tter en ny standard f\u00f6r effektivitet vid montage och installation.\u00a0<\/strong>VKC bygger p\u00e5 ett banbrytande och patenterat koncept f\u00f6r hantering av inf\u00e4llnadsl\u00e5dor till l\u00e4genhetscentraler. Tack vare den unika konstruktionen levereras inf\u00e4llnadsl\u00e5dan som en vikbar platta, vilket drastiskt minskar tids\u00e5tg\u00e5ng, transport- och lagerkostnader samt milj\u00f6p\u00e5verkan. Ut\u00f6ver dessa f\u00f6rdelar \u00e4r inf\u00e4llnadsplattan utrustad med ett eget patent som optimerar wifi-genomsl\u00e4pp \u2013 \u00e4ven genom centralens baksida. Resultatet \u00e4r en framtidss\u00e4ker l\u00f6sning som kombinerar smart design, funktionalitet och h\u00e5llbarhet i ett.<\/p>\n<p><a href=\"https:\/\/eltecno.se\/wp-content\/uploads\/2025\/10\/VKC-1-18-M-INFALLD-Artikelnr-VKC-1-18-M.pdf\">Ladda ned produktblad h\u00e4r<\/a><\/p>\n<p>Vill ni veta mer om denna produkt?<br \/>\nTa en titt i v\u00e5rt produktblad eller kontakta oss s\u00e5 hj\u00e4lper vi er.<\/p>\n","protected":false},"featured_media":2362,"template":"","meta":{"_acf_changed":false,"om_disable_all_campaigns":false,"_monsterinsights_skip_tracking":false,"_monsterinsights_sitenote_active":false,"_monsterinsights_sitenote_note":"","_monsterinsights_sitenote_category":0,"site-sidebar-layout":"default","site-content-layout":"","ast-site-content-layout":"default","site-content-style":"default","site-sidebar-style":"default","ast-global-header-display":"","ast-banner-title-visibility":"","ast-main-header-display":"","ast-hfb-above-header-display":"","ast-hfb-below-header-display":"","ast-hfb-mobile-header-display":"","site-post-title":"","ast-breadcrumbs-content":"","ast-featured-img":"","footer-sml-layout":"","theme-transparent-header-meta":"default","adv-header-id-meta":"","stick-header-meta":"","header-above-stick-meta":"","header-main-stick-meta":"","header-below-stick-meta":"","astra-migrate-meta-layouts":"set","ast-page-background-enabled":"default","ast-page-background-meta":{"desktop":{"background-color":"var(--ast-global-color-5)","background-image":"","background-repeat":"repeat","background-position":"center center","background-size":"auto","background-attachment":"scroll","background-type":"","background-media":"","overlay-type":"","overlay-color":"","overlay-opacity":"","overlay-gradient":""},"tablet":{"background-color":"","background-image":"","background-repeat":"repeat","background-position":"center center","background-size":"auto","background-attachment":"scroll","background-type":"","background-media":"","overlay-type":"","overlay-color":"","overlay-opacity":"","overlay-gradient":""},"mobile":{"background-color":"","background-image":"","background-repeat":"repeat","background-position":"center center","background-size":"auto","background-attachment":"scroll","background-type":"","background-media":"","overlay-type":"","overlay-color":"","overlay-opacity":"","overlay-gradient":""}},"ast-content-background-meta":{"desktop":{"background-color":"var(--ast-global-color-4)","background-image":"","background-repeat":"repeat","background-position":"center center","background-size":"auto","background-attachment":"scroll","background-type":"","background-media":"","overlay-type":"","overlay-color":"","overlay-opacity":"","overlay-gradient":""},"tablet":{"background-color":"var(--ast-global-color-4)","background-image":"","background-repeat":"repeat","background-position":"center center","background-size":"auto","background-attachment":"scroll","background-type":"","background-media":"","overlay-type":"","overlay-color":"","overlay-opacity":"","overlay-gradient":""},"mobile":{"background-color":"var(--ast-global-color-4)","background-image":"","background-repeat":"repeat","background-position":"center center","background-size":"auto","background-attachment":"scroll","background-type":"","background-media":"","overlay-type":"","overlay-color":"","overlay-opacity":"","overlay-gradient":""}}},"product_brand":[],"product_cat":[111,19],"product_tag":[],"class_list":{"0":"post-2368","1":"product","2":"type-product","3":"status-publish","4":"has-post-thumbnail","6":"product_cat-vkc","7":"product_cat-lagenhetscentraler","8":"desktop-align-left","9":"tablet-align-left","10":"mobile-align-left","12":"first","13":"instock","14":"shipping-taxable","15":"product-type-simple"},"acf":[],"aioseo_notices":[],"yoast_head":"<!-- This site is optimized with the Yoast SEO plugin v26.4 - https:\/\/yoast.com\/wordpress\/plugins\/seo\/ -->\n<title>VKC-1-18 M, INF\u00c4LLD -<\/title>\n<meta name=\"robots\" content=\"index, follow, max-snippet:-1, max-image-preview:large, max-video-preview:-1\" \/>\n<link rel=\"canonical\" href=\"https:\/\/eltecno.se\/?product=vkc-1-18-m-infalld\" \/>\n<meta property=\"og:locale\" content=\"sv_SE\" \/>\n<meta property=\"og:type\" content=\"article\" \/>\n<meta property=\"og:title\" content=\"VKC-1-18 M, INF\u00c4LLD -\" \/>\n<meta property=\"og:description\" content=\"Eltecno presenterar stolt den vikbara kombinationscentralen VKC \u2013 en innovativ l\u00f6sning som s\u00e4tter en ny standard f\u00f6r effektivitet vid montage och installation.\u00a0VKC bygger p\u00e5 ett banbrytande och patenterat koncept f\u00f6r hantering av inf\u00e4llnadsl\u00e5dor till l\u00e4genhetscentraler. Tack vare den unika konstruktionen levereras inf\u00e4llnadsl\u00e5dan som en vikbar platta, vilket drastiskt minskar tids\u00e5tg\u00e5ng, transport- och lagerkostnader samt milj\u00f6p\u00e5verkan. Ut\u00f6ver dessa f\u00f6rdelar \u00e4r inf\u00e4llnadsplattan utrustad med ett eget patent som optimerar wifi-genomsl\u00e4pp \u2013 \u00e4ven genom centralens baksida. Resultatet \u00e4r en framtidss\u00e4ker l\u00f6sning som kombinerar smart design, funktionalitet och h\u00e5llbarhet i ett.  Ladda ned produktblad h\u00e4r  Vill ni veta mer om denna produkt? Ta en titt i v\u00e5rt produktblad eller kontakta oss s\u00e5 hj\u00e4lper vi er.\" \/>\n<meta property=\"og:url\" content=\"https:\/\/eltecno.se\/?product=vkc-1-18-m-infalld\" \/>\n<meta property=\"article:publisher\" content=\"https:\/\/www.linkedin.com\/company\/eltecno-ab\/?viewAsMember=true\" \/>\n<meta property=\"article:modified_time\" content=\"2025-12-05T12:40:55+00:00\" \/>\n<meta property=\"og:image\" content=\"https:\/\/eltecno.se\/wp-content\/uploads\/2023\/03\/VKC-1-18-M.jpg\" \/>\n\t<meta property=\"og:image:width\" content=\"2048\" \/>\n\t<meta property=\"og:image:height\" content=\"2048\" \/>\n\t<meta property=\"og:image:type\" content=\"image\/jpeg\" \/>\n<meta name=\"twitter:card\" content=\"summary_large_image\" \/>\n<meta name=\"twitter:label1\" content=\"Ber\u00e4knad l\u00e4stid\" \/>\n\t<meta name=\"twitter:data1\" content=\"1 minut\" \/>\n<script type=\"application\/ld+json\" class=\"yoast-schema-graph\">{\"@context\":\"https:\/\/schema.org\",\"@graph\":[{\"@type\":\"WebPage\",\"@id\":\"https:\/\/eltecno.se\/?product=vkc-1-18-m-infalld\",\"url\":\"https:\/\/eltecno.se\/?product=vkc-1-18-m-infalld\",\"name\":\"VKC-1-18 M, INF\u00c4LLD -\",\"isPartOf\":{\"@id\":\"https:\/\/eltecno.se\/#website\"},\"primaryImageOfPage\":{\"@id\":\"https:\/\/eltecno.se\/?product=vkc-1-18-m-infalld#primaryimage\"},\"image\":{\"@id\":\"https:\/\/eltecno.se\/?product=vkc-1-18-m-infalld#primaryimage\"},\"thumbnailUrl\":\"https:\/\/eltecno.se\/wp-content\/uploads\/2023\/03\/VKC-1-18-M.jpg\",\"datePublished\":\"2022-01-17T06:49:18+00:00\",\"dateModified\":\"2025-12-05T12:40:55+00:00\",\"breadcrumb\":{\"@id\":\"https:\/\/eltecno.se\/?product=vkc-1-18-m-infalld#breadcrumb\"},\"inLanguage\":\"sv-SE\",\"potentialAction\":[{\"@type\":\"ReadAction\",\"target\":[\"https:\/\/eltecno.se\/?product=vkc-1-18-m-infalld\"]}]},{\"@type\":\"ImageObject\",\"inLanguage\":\"sv-SE\",\"@id\":\"https:\/\/eltecno.se\/?product=vkc-1-18-m-infalld#primaryimage\",\"url\":\"https:\/\/eltecno.se\/wp-content\/uploads\/2023\/03\/VKC-1-18-M.jpg\",\"contentUrl\":\"https:\/\/eltecno.se\/wp-content\/uploads\/2023\/03\/VKC-1-18-M.jpg\",\"width\":2048,\"height\":2048},{\"@type\":\"BreadcrumbList\",\"@id\":\"https:\/\/eltecno.se\/?product=vkc-1-18-m-infalld#breadcrumb\",\"itemListElement\":[{\"@type\":\"ListItem\",\"position\":1,\"name\":\"Hem\",\"item\":\"https:\/\/eltecno.se\/\"},{\"@type\":\"ListItem\",\"position\":2,\"name\":\"Produkter\",\"item\":\"https:\/\/eltecno.se\/alla-produkter\/\"},{\"@type\":\"ListItem\",\"position\":3,\"name\":\"VKC-1-18 M, INF\u00c4LLD\"}]},{\"@type\":\"WebSite\",\"@id\":\"https:\/\/eltecno.se\/#website\",\"url\":\"https:\/\/eltecno.se\/\",\"name\":\"Eltecno\",\"description\":\"N\u00e4r du vill vara i fas med livet\",\"publisher\":{\"@id\":\"https:\/\/eltecno.se\/#organization\"},\"potentialAction\":[{\"@type\":\"SearchAction\",\"target\":{\"@type\":\"EntryPoint\",\"urlTemplate\":\"https:\/\/eltecno.se\/?s={search_term_string}\"},\"query-input\":{\"@type\":\"PropertyValueSpecification\",\"valueRequired\":true,\"valueName\":\"search_term_string\"}}],\"inLanguage\":\"sv-SE\"},{\"@type\":\"Organization\",\"@id\":\"https:\/\/eltecno.se\/#organization\",\"name\":\"Eltecno\",\"url\":\"https:\/\/eltecno.se\/\",\"logo\":{\"@type\":\"ImageObject\",\"inLanguage\":\"sv-SE\",\"@id\":\"https:\/\/eltecno.se\/#\/schema\/logo\/image\/\",\"url\":\"https:\/\/eltecno.se\/wp-content\/uploads\/2025\/11\/cropped-Eltecno-logotyp-liggande.png\",\"contentUrl\":\"https:\/\/eltecno.se\/wp-content\/uploads\/2025\/11\/cropped-Eltecno-logotyp-liggande.png\",\"width\":1494,\"height\":316,\"caption\":\"Eltecno\"},\"image\":{\"@id\":\"https:\/\/eltecno.se\/#\/schema\/logo\/image\/\"},\"sameAs\":[\"https:\/\/www.linkedin.com\/company\/eltecno-ab\/?viewAsMember=true\"]}]}<\/script>\n<!-- \/ Yoast SEO plugin. -->","yoast_head_json":{"title":"VKC-1-18 M, INF\u00c4LLD -","robots":{"index":"index","follow":"follow","max-snippet":"max-snippet:-1","max-image-preview":"max-image-preview:large","max-video-preview":"max-video-preview:-1"},"canonical":"https:\/\/eltecno.se\/?product=vkc-1-18-m-infalld","og_locale":"sv_SE","og_type":"article","og_title":"VKC-1-18 M, INF\u00c4LLD -","og_description":"Eltecno presenterar stolt den vikbara kombinationscentralen VKC \u2013 en innovativ l\u00f6sning som s\u00e4tter en ny standard f\u00f6r effektivitet vid montage och installation.\u00a0VKC bygger p\u00e5 ett banbrytande och patenterat koncept f\u00f6r hantering av inf\u00e4llnadsl\u00e5dor till l\u00e4genhetscentraler. Tack vare den unika konstruktionen levereras inf\u00e4llnadsl\u00e5dan som en vikbar platta, vilket drastiskt minskar tids\u00e5tg\u00e5ng, transport- och lagerkostnader samt milj\u00f6p\u00e5verkan. Ut\u00f6ver dessa f\u00f6rdelar \u00e4r inf\u00e4llnadsplattan utrustad med ett eget patent som optimerar wifi-genomsl\u00e4pp \u2013 \u00e4ven genom centralens baksida. Resultatet \u00e4r en framtidss\u00e4ker l\u00f6sning som kombinerar smart design, funktionalitet och h\u00e5llbarhet i ett.  Ladda ned produktblad h\u00e4r  Vill ni veta mer om denna produkt? Ta en titt i v\u00e5rt produktblad eller kontakta oss s\u00e5 hj\u00e4lper vi er.","og_url":"https:\/\/eltecno.se\/?product=vkc-1-18-m-infalld","article_publisher":"https:\/\/www.linkedin.com\/company\/eltecno-ab\/?viewAsMember=true","article_modified_time":"2025-12-05T12:40:55+00:00","og_image":[{"width":2048,"height":2048,"url":"https:\/\/eltecno.se\/wp-content\/uploads\/2023\/03\/VKC-1-18-M.jpg","type":"image\/jpeg"}],"twitter_card":"summary_large_image","twitter_misc":{"Ber\u00e4knad l\u00e4stid":"1 minut"},"schema":{"@context":"https:\/\/schema.org","@graph":[{"@type":"WebPage","@id":"https:\/\/eltecno.se\/?product=vkc-1-18-m-infalld","url":"https:\/\/eltecno.se\/?product=vkc-1-18-m-infalld","name":"VKC-1-18 M, INF\u00c4LLD -","isPartOf":{"@id":"https:\/\/eltecno.se\/#website"},"primaryImageOfPage":{"@id":"https:\/\/eltecno.se\/?product=vkc-1-18-m-infalld#primaryimage"},"image":{"@id":"https:\/\/eltecno.se\/?product=vkc-1-18-m-infalld#primaryimage"},"thumbnailUrl":"https:\/\/eltecno.se\/wp-content\/uploads\/2023\/03\/VKC-1-18-M.jpg","datePublished":"2022-01-17T06:49:18+00:00","dateModified":"2025-12-05T12:40:55+00:00","breadcrumb":{"@id":"https:\/\/eltecno.se\/?product=vkc-1-18-m-infalld#breadcrumb"},"inLanguage":"sv-SE","potentialAction":[{"@type":"ReadAction","target":["https:\/\/eltecno.se\/?product=vkc-1-18-m-infalld"]}]},{"@type":"ImageObject","inLanguage":"sv-SE","@id":"https:\/\/eltecno.se\/?product=vkc-1-18-m-infalld#primaryimage","url":"https:\/\/eltecno.se\/wp-content\/uploads\/2023\/03\/VKC-1-18-M.jpg","contentUrl":"https:\/\/eltecno.se\/wp-content\/uploads\/2023\/03\/VKC-1-18-M.jpg","width":2048,"height":2048},{"@type":"BreadcrumbList","@id":"https:\/\/eltecno.se\/?product=vkc-1-18-m-infalld#breadcrumb","itemListElement":[{"@type":"ListItem","position":1,"name":"Hem","item":"https:\/\/eltecno.se\/"},{"@type":"ListItem","position":2,"name":"Produkter","item":"https:\/\/eltecno.se\/alla-produkter\/"},{"@type":"ListItem","position":3,"name":"VKC-1-18 M, INF\u00c4LLD"}]},{"@type":"WebSite","@id":"https:\/\/eltecno.se\/#website","url":"https:\/\/eltecno.se\/","name":"Eltecno","description":"N\u00e4r du vill vara i fas med livet","publisher":{"@id":"https:\/\/eltecno.se\/#organization"},"potentialAction":[{"@type":"SearchAction","target":{"@type":"EntryPoint","urlTemplate":"https:\/\/eltecno.se\/?s={search_term_string}"},"query-input":{"@type":"PropertyValueSpecification","valueRequired":true,"valueName":"search_term_string"}}],"inLanguage":"sv-SE"},{"@type":"Organization","@id":"https:\/\/eltecno.se\/#organization","name":"Eltecno","url":"https:\/\/eltecno.se\/","logo":{"@type":"ImageObject","inLanguage":"sv-SE","@id":"https:\/\/eltecno.se\/#\/schema\/logo\/image\/","url":"https:\/\/eltecno.se\/wp-content\/uploads\/2025\/11\/cropped-Eltecno-logotyp-liggande.png","contentUrl":"https:\/\/eltecno.se\/wp-content\/uploads\/2025\/11\/cropped-Eltecno-logotyp-liggande.png","width":1494,"height":316,"caption":"Eltecno"},"image":{"@id":"https:\/\/eltecno.se\/#\/schema\/logo\/image\/"},"sameAs":["https:\/\/www.linkedin.com\/company\/eltecno-ab\/?viewAsMember=true"]}]}},"_links":{"self":[{"href":"https:\/\/eltecno.se\/index.php?rest_route=\/wp\/v2\/product\/2368","targetHints":{"allow":["GET"]}}],"collection":[{"href":"https:\/\/eltecno.se\/index.php?rest_route=\/wp\/v2\/product"}],"about":[{"href":"https:\/\/eltecno.se\/index.php?rest_route=\/wp\/v2\/types\/product"}],"wp:featuredmedia":[{"embeddable":true,"href":"https:\/\/eltecno.se\/index.php?rest_route=\/wp\/v2\/media\/2362"}],"wp:attachment":[{"href":"https:\/\/eltecno.se\/index.php?rest_route=%2Fwp%2Fv2%2Fmedia&parent=2368"}],"wp:term":[{"taxonomy":"product_brand","embeddable":true,"href":"https:\/\/eltecno.se\/index.php?rest_route=%2Fwp%2Fv2%2Fproduct_brand&post=2368"},{"taxonomy":"product_cat","embeddable":true,"href":"https:\/\/eltecno.se\/index.php?rest_route=%2Fwp%2Fv2%2Fproduct_cat&post=2368"},{"taxonomy":"product_tag","embeddable":true,"href":"https:\/\/eltecno.se\/index.php?rest_route=%2Fwp%2Fv2%2Fproduct_tag&post=2368"}],"curies":[{"name":"wp","href":"https:\/\/api.w.org\/{rel}","templated":true}]}}