{"id":2521,"date":"2023-11-10T12:02:01","date_gmt":"2023-11-10T11:02:01","guid":{"rendered":"https:\/\/eltecno.se\/?post_type=product&#038;p=2521"},"modified":"2025-12-19T09:49:39","modified_gmt":"2025-12-19T08:49:39","slug":"solcellsbrytare","status":"publish","type":"product","link":"https:\/\/eltecno.se\/?product=solcellsbrytare","title":{"rendered":"Solcellsbrytare"},"content":{"rendered":"","protected":false},"excerpt":{"rendered":"<p>Eltecnos kapslade brytare i Magnelis-kapsling (korrossionsklass C5) \u00e4r utformade f\u00f6r st\u00f6rsta flexibilitet samt enkelt och snabbt montage ute p\u00e5 plats. Solcellsbrytare placeras mellan konvertern och elcentralen p\u00e5 st\u00f6rre anl\u00e4ggningar. Kapslingen \u00e4r robust i IP55 klass och passar b\u00e5de utomhus och inomhus. Konstruktionen \u00e4r genomt\u00e4nkt och bidrar till maximerat utrymme i kapslingen, med tillg\u00e4nglighet b\u00e5de uppifr\u00e5n och nedifr\u00e5n. Alla tillbeh\u00f6r s\u00e5som kabelmuffar, aluminiumanslutningar, kondensplugg, upph\u00e4ng mm. ing\u00e5r och levereras med produkten. Alla instruktioner och montageanvisningar finns tillg\u00e4ngliga via QR-kod. Brytaren \u00e4r 3-polig och godk\u00e4nd enl. IEC 60947-3 samt har dubbla brytst\u00e4llen. Brytarna finns i utf\u00f6rande p\u00e5 250 Ampere (110kW) eller 160<br \/>\nAmpere (110kW). Hj\u00e4lpkontakt med v\u00e4xlande kontakt finns 173kM som tillbeh\u00f6r.<\/p>\n<p><strong>\u00d6verl\u00e4gset skydd i tuffa milj\u00f6er. <\/strong>Magnelis\u00ae \u00e4r den enda metallbel\u00e4ggningen f\u00f6r st\u00e5l med 3% magnesium och det \u00e4r just tillsatsen av magnesium med denna halt i legeringen som \u00e4r hemligheten. Den noggrant utpr\u00f6vade magnesiumhalten i legeringen \u00f6kar korrosionsmotst\u00e5ndet radikalt vid j\u00e4mf\u00f6relser med andra rostskyddsbehandlingar. Magnelis\u00ae kan i m\u00e5nga fall ers\u00e4tta eftergalvaniserade detaljer, samt i vissa fall \u00e4ven rostfria applikationer. Magnelis\u00ae \u00e4r testad och godk\u00e4nd av RISE (fd SITAC). Godk\u00e4nt enligt korrosivitetsklass C5.<\/p>\n<p><a href=\"https:\/\/eltecno.se\/wp-content\/uploads\/2024\/10\/eltecno-mall-solcellsbrytare-160-ampere-new-uptaterat.pdf\">Ladda ned produktblad h\u00e4r<\/a><\/p>\n<p>Vill ni veta mer om denna produkt?<br \/>\nTa en titt i v\u00e5rt produktblad eller kontakta oss s\u00e5 hj\u00e4lper vi er.<\/p>\n","protected":false},"featured_media":2536,"template":"","meta":{"_acf_changed":false,"om_disable_all_campaigns":false,"_monsterinsights_skip_tracking":false,"_monsterinsights_sitenote_active":false,"_monsterinsights_sitenote_note":"","_monsterinsights_sitenote_category":0,"site-sidebar-layout":"default","site-content-layout":"","ast-site-content-layout":"default","site-content-style":"default","site-sidebar-style":"default","ast-global-header-display":"","ast-banner-title-visibility":"","ast-main-header-display":"","ast-hfb-above-header-display":"","ast-hfb-below-header-display":"","ast-hfb-mobile-header-display":"","site-post-title":"","ast-breadcrumbs-content":"","ast-featured-img":"","footer-sml-layout":"","theme-transparent-header-meta":"default","adv-header-id-meta":"","stick-header-meta":"","header-above-stick-meta":"","header-main-stick-meta":"","header-below-stick-meta":"","astra-migrate-meta-layouts":"set","ast-page-background-enabled":"default","ast-page-background-meta":{"desktop":{"background-color":"var(--ast-global-color-5)","background-image":"","background-repeat":"repeat","background-position":"center center","background-size":"auto","background-attachment":"scroll","background-type":"","background-media":"","overlay-type":"","overlay-color":"","overlay-opacity":"","overlay-gradient":""},"tablet":{"background-color":"","background-image":"","background-repeat":"repeat","background-position":"center center","background-size":"auto","background-attachment":"scroll","background-type":"","background-media":"","overlay-type":"","overlay-color":"","overlay-opacity":"","overlay-gradient":""},"mobile":{"background-color":"","background-image":"","background-repeat":"repeat","background-position":"center center","background-size":"auto","background-attachment":"scroll","background-type":"","background-media":"","overlay-type":"","overlay-color":"","overlay-opacity":"","overlay-gradient":""}},"ast-content-background-meta":{"desktop":{"background-color":"var(--ast-global-color-4)","background-image":"","background-repeat":"repeat","background-position":"center center","background-size":"auto","background-attachment":"scroll","background-type":"","background-media":"","overlay-type":"","overlay-color":"","overlay-opacity":"","overlay-gradient":""},"tablet":{"background-color":"var(--ast-global-color-4)","background-image":"","background-repeat":"repeat","background-position":"center center","background-size":"auto","background-attachment":"scroll","background-type":"","background-media":"","overlay-type":"","overlay-color":"","overlay-opacity":"","overlay-gradient":""},"mobile":{"background-color":"var(--ast-global-color-4)","background-image":"","background-repeat":"repeat","background-position":"center center","background-size":"auto","background-attachment":"scroll","background-type":"","background-media":"","overlay-type":"","overlay-color":"","overlay-opacity":"","overlay-gradient":""}}},"product_brand":[],"product_cat":[59,126,27],"product_tag":[],"class_list":{"0":"post-2521","1":"product","2":"type-product","3":"status-publish","4":"has-post-thumbnail","6":"product_cat-elektrifiering-2","7":"product_cat-solcellsbrytare","8":"product_cat-elektrifiering","9":"desktop-align-left","10":"tablet-align-left","11":"mobile-align-left","13":"first","14":"instock","15":"shipping-taxable","16":"product-type-simple"},"acf":[],"aioseo_notices":[],"yoast_head":"<!-- This site is optimized with the Yoast SEO plugin v26.4 - https:\/\/yoast.com\/wordpress\/plugins\/seo\/ -->\n<title>Solcellsbrytare -<\/title>\n<meta name=\"robots\" content=\"index, follow, max-snippet:-1, max-image-preview:large, max-video-preview:-1\" \/>\n<link rel=\"canonical\" href=\"https:\/\/eltecno.se\/?product=solcellsbrytare\" \/>\n<meta property=\"og:locale\" content=\"sv_SE\" \/>\n<meta property=\"og:type\" content=\"article\" \/>\n<meta property=\"og:title\" content=\"Solcellsbrytare -\" \/>\n<meta property=\"og:description\" content=\"Eltecnos kapslade brytare i Magnelis-kapsling (korrossionsklass C5) \u00e4r utformade f\u00f6r st\u00f6rsta flexibilitet samt enkelt och snabbt montage ute p\u00e5 plats. Solcellsbrytare placeras mellan konvertern och elcentralen p\u00e5 st\u00f6rre anl\u00e4ggningar. Kapslingen \u00e4r robust i IP55 klass och passar b\u00e5de utomhus och inomhus. Konstruktionen \u00e4r genomt\u00e4nkt och bidrar till maximerat utrymme i kapslingen, med tillg\u00e4nglighet b\u00e5de uppifr\u00e5n och nedifr\u00e5n. Alla tillbeh\u00f6r s\u00e5som kabelmuffar, aluminiumanslutningar, kondensplugg, upph\u00e4ng mm. ing\u00e5r och levereras med produkten. Alla instruktioner och montageanvisningar finns tillg\u00e4ngliga via QR-kod. Brytaren \u00e4r 3-polig och godk\u00e4nd enl. IEC 60947-3 samt har dubbla brytst\u00e4llen. Brytarna finns i utf\u00f6rande p\u00e5 250 Ampere (110kW) eller 160 Ampere (110kW). Hj\u00e4lpkontakt med v\u00e4xlande kontakt finns 173kM som tillbeh\u00f6r.  \u00d6verl\u00e4gset skydd i tuffa milj\u00f6er. Magnelis\u00ae \u00e4r den enda metallbel\u00e4ggningen f\u00f6r st\u00e5l med 3% magnesium och det \u00e4r just tillsatsen av magnesium med denna halt i legeringen som \u00e4r hemligheten. Den noggrant utpr\u00f6vade magnesiumhalten i legeringen \u00f6kar korrosionsmotst\u00e5ndet radikalt vid j\u00e4mf\u00f6relser med andra rostskyddsbehandlingar. Magnelis\u00ae kan i m\u00e5nga fall ers\u00e4tta eftergalvaniserade detaljer, samt i vissa fall \u00e4ven rostfria applikationer. Magnelis\u00ae \u00e4r testad och godk\u00e4nd av RISE (fd SITAC). Godk\u00e4nt enligt korrosivitetsklass C5.  Ladda ned produktblad h\u00e4r  Vill ni veta mer om denna produkt? Ta en titt i v\u00e5rt produktblad eller kontakta oss s\u00e5 hj\u00e4lper vi er.\" \/>\n<meta property=\"og:url\" content=\"https:\/\/eltecno.se\/?product=solcellsbrytare\" \/>\n<meta property=\"article:publisher\" content=\"https:\/\/www.linkedin.com\/company\/eltecno-ab\/?viewAsMember=true\" \/>\n<meta property=\"article:modified_time\" content=\"2025-12-19T08:49:39+00:00\" \/>\n<meta property=\"og:image\" content=\"https:\/\/eltecno.se\/wp-content\/uploads\/2023\/10\/SCB-Press-1024x1024.png\" \/>\n\t<meta property=\"og:image:width\" content=\"1024\" \/>\n\t<meta property=\"og:image:height\" content=\"1024\" \/>\n\t<meta property=\"og:image:type\" content=\"image\/png\" \/>\n<meta name=\"twitter:card\" content=\"summary_large_image\" \/>\n<meta name=\"twitter:label1\" content=\"Ber\u00e4knad l\u00e4stid\" \/>\n\t<meta name=\"twitter:data1\" content=\"1 minut\" \/>\n<script type=\"application\/ld+json\" class=\"yoast-schema-graph\">{\"@context\":\"https:\/\/schema.org\",\"@graph\":[{\"@type\":\"WebPage\",\"@id\":\"https:\/\/eltecno.se\/?product=solcellsbrytare\",\"url\":\"https:\/\/eltecno.se\/?product=solcellsbrytare\",\"name\":\"Solcellsbrytare -\",\"isPartOf\":{\"@id\":\"https:\/\/eltecno.se\/#website\"},\"primaryImageOfPage\":{\"@id\":\"https:\/\/eltecno.se\/?product=solcellsbrytare#primaryimage\"},\"image\":{\"@id\":\"https:\/\/eltecno.se\/?product=solcellsbrytare#primaryimage\"},\"thumbnailUrl\":\"https:\/\/eltecno.se\/wp-content\/uploads\/2023\/10\/SCB-Press.png\",\"datePublished\":\"2023-11-10T11:02:01+00:00\",\"dateModified\":\"2025-12-19T08:49:39+00:00\",\"breadcrumb\":{\"@id\":\"https:\/\/eltecno.se\/?product=solcellsbrytare#breadcrumb\"},\"inLanguage\":\"sv-SE\",\"potentialAction\":[{\"@type\":\"ReadAction\",\"target\":[\"https:\/\/eltecno.se\/?product=solcellsbrytare\"]}]},{\"@type\":\"ImageObject\",\"inLanguage\":\"sv-SE\",\"@id\":\"https:\/\/eltecno.se\/?product=solcellsbrytare#primaryimage\",\"url\":\"https:\/\/eltecno.se\/wp-content\/uploads\/2023\/10\/SCB-Press.png\",\"contentUrl\":\"https:\/\/eltecno.se\/wp-content\/uploads\/2023\/10\/SCB-Press.png\",\"width\":2160,\"height\":2160},{\"@type\":\"BreadcrumbList\",\"@id\":\"https:\/\/eltecno.se\/?product=solcellsbrytare#breadcrumb\",\"itemListElement\":[{\"@type\":\"ListItem\",\"position\":1,\"name\":\"Hem\",\"item\":\"https:\/\/eltecno.se\/\"},{\"@type\":\"ListItem\",\"position\":2,\"name\":\"Produkter\",\"item\":\"https:\/\/eltecno.se\/alla-produkter\/\"},{\"@type\":\"ListItem\",\"position\":3,\"name\":\"Solcellsbrytare\"}]},{\"@type\":\"WebSite\",\"@id\":\"https:\/\/eltecno.se\/#website\",\"url\":\"https:\/\/eltecno.se\/\",\"name\":\"Eltecno\",\"description\":\"N\u00e4r du vill vara i fas med livet\",\"publisher\":{\"@id\":\"https:\/\/eltecno.se\/#organization\"},\"potentialAction\":[{\"@type\":\"SearchAction\",\"target\":{\"@type\":\"EntryPoint\",\"urlTemplate\":\"https:\/\/eltecno.se\/?s={search_term_string}\"},\"query-input\":{\"@type\":\"PropertyValueSpecification\",\"valueRequired\":true,\"valueName\":\"search_term_string\"}}],\"inLanguage\":\"sv-SE\"},{\"@type\":\"Organization\",\"@id\":\"https:\/\/eltecno.se\/#organization\",\"name\":\"Eltecno\",\"url\":\"https:\/\/eltecno.se\/\",\"logo\":{\"@type\":\"ImageObject\",\"inLanguage\":\"sv-SE\",\"@id\":\"https:\/\/eltecno.se\/#\/schema\/logo\/image\/\",\"url\":\"https:\/\/eltecno.se\/wp-content\/uploads\/2025\/11\/cropped-Eltecno-logotyp-liggande.png\",\"contentUrl\":\"https:\/\/eltecno.se\/wp-content\/uploads\/2025\/11\/cropped-Eltecno-logotyp-liggande.png\",\"width\":1494,\"height\":316,\"caption\":\"Eltecno\"},\"image\":{\"@id\":\"https:\/\/eltecno.se\/#\/schema\/logo\/image\/\"},\"sameAs\":[\"https:\/\/www.linkedin.com\/company\/eltecno-ab\/?viewAsMember=true\"]}]}<\/script>\n<!-- \/ Yoast SEO plugin. -->","yoast_head_json":{"title":"Solcellsbrytare -","robots":{"index":"index","follow":"follow","max-snippet":"max-snippet:-1","max-image-preview":"max-image-preview:large","max-video-preview":"max-video-preview:-1"},"canonical":"https:\/\/eltecno.se\/?product=solcellsbrytare","og_locale":"sv_SE","og_type":"article","og_title":"Solcellsbrytare -","og_description":"Eltecnos kapslade brytare i Magnelis-kapsling (korrossionsklass C5) \u00e4r utformade f\u00f6r st\u00f6rsta flexibilitet samt enkelt och snabbt montage ute p\u00e5 plats. Solcellsbrytare placeras mellan konvertern och elcentralen p\u00e5 st\u00f6rre anl\u00e4ggningar. Kapslingen \u00e4r robust i IP55 klass och passar b\u00e5de utomhus och inomhus. Konstruktionen \u00e4r genomt\u00e4nkt och bidrar till maximerat utrymme i kapslingen, med tillg\u00e4nglighet b\u00e5de uppifr\u00e5n och nedifr\u00e5n. Alla tillbeh\u00f6r s\u00e5som kabelmuffar, aluminiumanslutningar, kondensplugg, upph\u00e4ng mm. ing\u00e5r och levereras med produkten. Alla instruktioner och montageanvisningar finns tillg\u00e4ngliga via QR-kod. Brytaren \u00e4r 3-polig och godk\u00e4nd enl. IEC 60947-3 samt har dubbla brytst\u00e4llen. Brytarna finns i utf\u00f6rande p\u00e5 250 Ampere (110kW) eller 160 Ampere (110kW). Hj\u00e4lpkontakt med v\u00e4xlande kontakt finns 173kM som tillbeh\u00f6r.  \u00d6verl\u00e4gset skydd i tuffa milj\u00f6er. Magnelis\u00ae \u00e4r den enda metallbel\u00e4ggningen f\u00f6r st\u00e5l med 3% magnesium och det \u00e4r just tillsatsen av magnesium med denna halt i legeringen som \u00e4r hemligheten. Den noggrant utpr\u00f6vade magnesiumhalten i legeringen \u00f6kar korrosionsmotst\u00e5ndet radikalt vid j\u00e4mf\u00f6relser med andra rostskyddsbehandlingar. Magnelis\u00ae kan i m\u00e5nga fall ers\u00e4tta eftergalvaniserade detaljer, samt i vissa fall \u00e4ven rostfria applikationer. Magnelis\u00ae \u00e4r testad och godk\u00e4nd av RISE (fd SITAC). Godk\u00e4nt enligt korrosivitetsklass C5.  Ladda ned produktblad h\u00e4r  Vill ni veta mer om denna produkt? Ta en titt i v\u00e5rt produktblad eller kontakta oss s\u00e5 hj\u00e4lper vi er.","og_url":"https:\/\/eltecno.se\/?product=solcellsbrytare","article_publisher":"https:\/\/www.linkedin.com\/company\/eltecno-ab\/?viewAsMember=true","article_modified_time":"2025-12-19T08:49:39+00:00","og_image":[{"width":1024,"height":1024,"url":"https:\/\/eltecno.se\/wp-content\/uploads\/2023\/10\/SCB-Press-1024x1024.png","type":"image\/png"}],"twitter_card":"summary_large_image","twitter_misc":{"Ber\u00e4knad l\u00e4stid":"1 minut"},"schema":{"@context":"https:\/\/schema.org","@graph":[{"@type":"WebPage","@id":"https:\/\/eltecno.se\/?product=solcellsbrytare","url":"https:\/\/eltecno.se\/?product=solcellsbrytare","name":"Solcellsbrytare -","isPartOf":{"@id":"https:\/\/eltecno.se\/#website"},"primaryImageOfPage":{"@id":"https:\/\/eltecno.se\/?product=solcellsbrytare#primaryimage"},"image":{"@id":"https:\/\/eltecno.se\/?product=solcellsbrytare#primaryimage"},"thumbnailUrl":"https:\/\/eltecno.se\/wp-content\/uploads\/2023\/10\/SCB-Press.png","datePublished":"2023-11-10T11:02:01+00:00","dateModified":"2025-12-19T08:49:39+00:00","breadcrumb":{"@id":"https:\/\/eltecno.se\/?product=solcellsbrytare#breadcrumb"},"inLanguage":"sv-SE","potentialAction":[{"@type":"ReadAction","target":["https:\/\/eltecno.se\/?product=solcellsbrytare"]}]},{"@type":"ImageObject","inLanguage":"sv-SE","@id":"https:\/\/eltecno.se\/?product=solcellsbrytare#primaryimage","url":"https:\/\/eltecno.se\/wp-content\/uploads\/2023\/10\/SCB-Press.png","contentUrl":"https:\/\/eltecno.se\/wp-content\/uploads\/2023\/10\/SCB-Press.png","width":2160,"height":2160},{"@type":"BreadcrumbList","@id":"https:\/\/eltecno.se\/?product=solcellsbrytare#breadcrumb","itemListElement":[{"@type":"ListItem","position":1,"name":"Hem","item":"https:\/\/eltecno.se\/"},{"@type":"ListItem","position":2,"name":"Produkter","item":"https:\/\/eltecno.se\/alla-produkter\/"},{"@type":"ListItem","position":3,"name":"Solcellsbrytare"}]},{"@type":"WebSite","@id":"https:\/\/eltecno.se\/#website","url":"https:\/\/eltecno.se\/","name":"Eltecno","description":"N\u00e4r du vill vara i fas med livet","publisher":{"@id":"https:\/\/eltecno.se\/#organization"},"potentialAction":[{"@type":"SearchAction","target":{"@type":"EntryPoint","urlTemplate":"https:\/\/eltecno.se\/?s={search_term_string}"},"query-input":{"@type":"PropertyValueSpecification","valueRequired":true,"valueName":"search_term_string"}}],"inLanguage":"sv-SE"},{"@type":"Organization","@id":"https:\/\/eltecno.se\/#organization","name":"Eltecno","url":"https:\/\/eltecno.se\/","logo":{"@type":"ImageObject","inLanguage":"sv-SE","@id":"https:\/\/eltecno.se\/#\/schema\/logo\/image\/","url":"https:\/\/eltecno.se\/wp-content\/uploads\/2025\/11\/cropped-Eltecno-logotyp-liggande.png","contentUrl":"https:\/\/eltecno.se\/wp-content\/uploads\/2025\/11\/cropped-Eltecno-logotyp-liggande.png","width":1494,"height":316,"caption":"Eltecno"},"image":{"@id":"https:\/\/eltecno.se\/#\/schema\/logo\/image\/"},"sameAs":["https:\/\/www.linkedin.com\/company\/eltecno-ab\/?viewAsMember=true"]}]}},"_links":{"self":[{"href":"https:\/\/eltecno.se\/index.php?rest_route=\/wp\/v2\/product\/2521","targetHints":{"allow":["GET"]}}],"collection":[{"href":"https:\/\/eltecno.se\/index.php?rest_route=\/wp\/v2\/product"}],"about":[{"href":"https:\/\/eltecno.se\/index.php?rest_route=\/wp\/v2\/types\/product"}],"wp:featuredmedia":[{"embeddable":true,"href":"https:\/\/eltecno.se\/index.php?rest_route=\/wp\/v2\/media\/2536"}],"wp:attachment":[{"href":"https:\/\/eltecno.se\/index.php?rest_route=%2Fwp%2Fv2%2Fmedia&parent=2521"}],"wp:term":[{"taxonomy":"product_brand","embeddable":true,"href":"https:\/\/eltecno.se\/index.php?rest_route=%2Fwp%2Fv2%2Fproduct_brand&post=2521"},{"taxonomy":"product_cat","embeddable":true,"href":"https:\/\/eltecno.se\/index.php?rest_route=%2Fwp%2Fv2%2Fproduct_cat&post=2521"},{"taxonomy":"product_tag","embeddable":true,"href":"https:\/\/eltecno.se\/index.php?rest_route=%2Fwp%2Fv2%2Fproduct_tag&post=2521"}],"curies":[{"name":"wp","href":"https:\/\/api.w.org\/{rel}","templated":true}]}}