{"id":3446,"date":"2024-11-07T11:39:54","date_gmt":"2024-11-07T10:39:54","guid":{"rendered":"https:\/\/eltecno.se\/?post_type=product&#038;p=3446"},"modified":"2025-10-25T11:07:55","modified_gmt":"2025-10-25T09:07:55","slug":"fasskenor-dvargbrytare-jordfelsbrytare","status":"publish","type":"product","link":"https:\/\/eltecno.se\/?product=fasskenor-dvargbrytare-jordfelsbrytare","title":{"rendered":"Linjeskenor: minibrytare, jordfelsbrytare"},"content":{"rendered":"","protected":false},"excerpt":{"rendered":"<p>Eltecnos linjeskenor \u00e4r tillverkade p\u00e5 bed\u00f6mning av \u00f6verensst\u00e4mmelse enligt SS-EN ISO\/IEC 17021-1:2015. Enligt standard VDE 0660, Teil\/part\/\u00a7 500 DIN EN 60 439-1; 1994. Uppfyller CE m\u00e4rkning enligt LVD 2014\/35\/EU. Linjeskenorna \u00e4r tillverkade i kvalitativ koppar med ber\u00f6ringssydd samt \u00e4ndskydd. Linjeskenan kan f\u00e5s 4 poligt utf\u00f6rande upp till 25 poligt utf\u00f6rande. Linjeskena finns \u00e4ven i 1 meters l\u00e4ngd. Samlingsskenan klarar upp till 30kA. Samlingsskenor finns f\u00f6r 1, 2 samt 3 linjer, det finns \u00e4ven med nollanslutning i 1, 2 samt 3-linjigt utf\u00f6rande. Linjeskenor finns med och utan beteckning f\u00f6r linjer samt neutralanslutning.<\/p>\n<p><a href=\"https:\/\/eltecno.se\/wp-content\/uploads\/2025\/10\/Linjeskenor-minibrytare-jordfelsbrytare.pdf\">Ladda ned produktblad h\u00e4r<\/a><\/p>\n<p>Vill ni veta mer om denna produkt?<br \/>\nTa en titt i v\u00e5rt produktblad eller kontakta oss s\u00e5 hj\u00e4lper vi er.<\/p>\n","protected":false},"featured_media":3423,"template":"","meta":{"_acf_changed":false,"om_disable_all_campaigns":false,"_monsterinsights_skip_tracking":false,"_monsterinsights_sitenote_active":false,"_monsterinsights_sitenote_note":"","_monsterinsights_sitenote_category":0,"site-sidebar-layout":"default","site-content-layout":"","ast-site-content-layout":"default","site-content-style":"default","site-sidebar-style":"default","ast-global-header-display":"","ast-banner-title-visibility":"","ast-main-header-display":"","ast-hfb-above-header-display":"","ast-hfb-below-header-display":"","ast-hfb-mobile-header-display":"","site-post-title":"","ast-breadcrumbs-content":"","ast-featured-img":"","footer-sml-layout":"","theme-transparent-header-meta":"default","adv-header-id-meta":"","stick-header-meta":"","header-above-stick-meta":"","header-main-stick-meta":"","header-below-stick-meta":"","astra-migrate-meta-layouts":"set","ast-page-background-enabled":"default","ast-page-background-meta":{"desktop":{"background-color":"var(--ast-global-color-5)","background-image":"","background-repeat":"repeat","background-position":"center center","background-size":"auto","background-attachment":"scroll","background-type":"","background-media":"","overlay-type":"","overlay-color":"","overlay-opacity":"","overlay-gradient":""},"tablet":{"background-color":"","background-image":"","background-repeat":"repeat","background-position":"center center","background-size":"auto","background-attachment":"scroll","background-type":"","background-media":"","overlay-type":"","overlay-color":"","overlay-opacity":"","overlay-gradient":""},"mobile":{"background-color":"","background-image":"","background-repeat":"repeat","background-position":"center center","background-size":"auto","background-attachment":"scroll","background-type":"","background-media":"","overlay-type":"","overlay-color":"","overlay-opacity":"","overlay-gradient":""}},"ast-content-background-meta":{"desktop":{"background-color":"var(--ast-global-color-4)","background-image":"","background-repeat":"repeat","background-position":"center center","background-size":"auto","background-attachment":"scroll","background-type":"","background-media":"","overlay-type":"","overlay-color":"","overlay-opacity":"","overlay-gradient":""},"tablet":{"background-color":"var(--ast-global-color-4)","background-image":"","background-repeat":"repeat","background-position":"center center","background-size":"auto","background-attachment":"scroll","background-type":"","background-media":"","overlay-type":"","overlay-color":"","overlay-opacity":"","overlay-gradient":""},"mobile":{"background-color":"var(--ast-global-color-4)","background-image":"","background-repeat":"repeat","background-position":"center center","background-size":"auto","background-attachment":"scroll","background-type":"","background-media":"","overlay-type":"","overlay-color":"","overlay-opacity":"","overlay-gradient":""}}},"product_brand":[],"product_cat":[119,61],"product_tag":[],"class_list":{"0":"post-3446","1":"product","2":"type-product","3":"status-publish","4":"has-post-thumbnail","6":"product_cat-fasskenor","7":"product_cat-vara-komponenter","8":"desktop-align-left","9":"tablet-align-left","10":"mobile-align-left","12":"first","13":"instock","14":"shipping-taxable","15":"product-type-simple"},"acf":[],"aioseo_notices":[],"yoast_head":"<!-- This site is optimized with the Yoast SEO plugin v26.4 - https:\/\/yoast.com\/wordpress\/plugins\/seo\/ -->\n<title>Linjeskenor: minibrytare, jordfelsbrytare -<\/title>\n<meta name=\"robots\" content=\"index, follow, max-snippet:-1, max-image-preview:large, max-video-preview:-1\" \/>\n<link rel=\"canonical\" href=\"https:\/\/eltecno.se\/?product=fasskenor-dvargbrytare-jordfelsbrytare\" \/>\n<meta property=\"og:locale\" content=\"sv_SE\" \/>\n<meta property=\"og:type\" content=\"article\" \/>\n<meta property=\"og:title\" content=\"Linjeskenor: minibrytare, jordfelsbrytare -\" \/>\n<meta property=\"og:description\" content=\"Eltecnos linjeskenor \u00e4r tillverkade p\u00e5 bed\u00f6mning av \u00f6verensst\u00e4mmelse enligt SS-EN ISO\/IEC 17021-1:2015. Enligt standard VDE 0660, Teil\/part\/\u00a7 500 DIN EN 60 439-1; 1994. Uppfyller CE m\u00e4rkning enligt LVD 2014\/35\/EU. Linjeskenorna \u00e4r tillverkade i kvalitativ koppar med ber\u00f6ringssydd samt \u00e4ndskydd. Linjeskenan kan f\u00e5s 4 poligt utf\u00f6rande upp till 25 poligt utf\u00f6rande. Linjeskena finns \u00e4ven i 1 meters l\u00e4ngd. Samlingsskenan klarar upp till 30kA. Samlingsskenor finns f\u00f6r 1, 2 samt 3 linjer, det finns \u00e4ven med nollanslutning i 1, 2 samt 3-linjigt utf\u00f6rande. Linjeskenor finns med och utan beteckning f\u00f6r linjer samt neutralanslutning.  Ladda ned produktblad h\u00e4r  Vill ni veta mer om denna produkt? Ta en titt i v\u00e5rt produktblad eller kontakta oss s\u00e5 hj\u00e4lper vi er.\" \/>\n<meta property=\"og:url\" content=\"https:\/\/eltecno.se\/?product=fasskenor-dvargbrytare-jordfelsbrytare\" \/>\n<meta property=\"article:publisher\" content=\"https:\/\/www.linkedin.com\/company\/eltecno-ab\/?viewAsMember=true\" \/>\n<meta property=\"article:modified_time\" content=\"2025-10-25T09:07:55+00:00\" \/>\n<meta property=\"og:image\" content=\"https:\/\/eltecno.se\/wp-content\/uploads\/2024\/11\/Fasskena-stor-bild-1024x853.png\" \/>\n\t<meta property=\"og:image:width\" content=\"1024\" \/>\n\t<meta property=\"og:image:height\" content=\"853\" \/>\n\t<meta property=\"og:image:type\" content=\"image\/png\" \/>\n<meta name=\"twitter:card\" content=\"summary_large_image\" \/>\n<script type=\"application\/ld+json\" class=\"yoast-schema-graph\">{\"@context\":\"https:\/\/schema.org\",\"@graph\":[{\"@type\":\"WebPage\",\"@id\":\"https:\/\/eltecno.se\/?product=fasskenor-dvargbrytare-jordfelsbrytare\",\"url\":\"https:\/\/eltecno.se\/?product=fasskenor-dvargbrytare-jordfelsbrytare\",\"name\":\"Linjeskenor: minibrytare, jordfelsbrytare -\",\"isPartOf\":{\"@id\":\"https:\/\/eltecno.se\/#website\"},\"primaryImageOfPage\":{\"@id\":\"https:\/\/eltecno.se\/?product=fasskenor-dvargbrytare-jordfelsbrytare#primaryimage\"},\"image\":{\"@id\":\"https:\/\/eltecno.se\/?product=fasskenor-dvargbrytare-jordfelsbrytare#primaryimage\"},\"thumbnailUrl\":\"https:\/\/eltecno.se\/wp-content\/uploads\/2024\/11\/Fasskena-stor-bild.png\",\"datePublished\":\"2024-11-07T10:39:54+00:00\",\"dateModified\":\"2025-10-25T09:07:55+00:00\",\"breadcrumb\":{\"@id\":\"https:\/\/eltecno.se\/?product=fasskenor-dvargbrytare-jordfelsbrytare#breadcrumb\"},\"inLanguage\":\"sv-SE\",\"potentialAction\":[{\"@type\":\"ReadAction\",\"target\":[\"https:\/\/eltecno.se\/?product=fasskenor-dvargbrytare-jordfelsbrytare\"]}]},{\"@type\":\"ImageObject\",\"inLanguage\":\"sv-SE\",\"@id\":\"https:\/\/eltecno.se\/?product=fasskenor-dvargbrytare-jordfelsbrytare#primaryimage\",\"url\":\"https:\/\/eltecno.se\/wp-content\/uploads\/2024\/11\/Fasskena-stor-bild.png\",\"contentUrl\":\"https:\/\/eltecno.se\/wp-content\/uploads\/2024\/11\/Fasskena-stor-bild.png\",\"width\":1200,\"height\":1000,\"caption\":\"Linjeskena\"},{\"@type\":\"BreadcrumbList\",\"@id\":\"https:\/\/eltecno.se\/?product=fasskenor-dvargbrytare-jordfelsbrytare#breadcrumb\",\"itemListElement\":[{\"@type\":\"ListItem\",\"position\":1,\"name\":\"Hem\",\"item\":\"https:\/\/eltecno.se\/\"},{\"@type\":\"ListItem\",\"position\":2,\"name\":\"Produkter\",\"item\":\"https:\/\/eltecno.se\/alla-produkter\/\"},{\"@type\":\"ListItem\",\"position\":3,\"name\":\"Linjeskenor: minibrytare, jordfelsbrytare\"}]},{\"@type\":\"WebSite\",\"@id\":\"https:\/\/eltecno.se\/#website\",\"url\":\"https:\/\/eltecno.se\/\",\"name\":\"Eltecno\",\"description\":\"N\u00e4r du vill vara i fas med livet\",\"publisher\":{\"@id\":\"https:\/\/eltecno.se\/#organization\"},\"potentialAction\":[{\"@type\":\"SearchAction\",\"target\":{\"@type\":\"EntryPoint\",\"urlTemplate\":\"https:\/\/eltecno.se\/?s={search_term_string}\"},\"query-input\":{\"@type\":\"PropertyValueSpecification\",\"valueRequired\":true,\"valueName\":\"search_term_string\"}}],\"inLanguage\":\"sv-SE\"},{\"@type\":\"Organization\",\"@id\":\"https:\/\/eltecno.se\/#organization\",\"name\":\"Eltecno\",\"url\":\"https:\/\/eltecno.se\/\",\"logo\":{\"@type\":\"ImageObject\",\"inLanguage\":\"sv-SE\",\"@id\":\"https:\/\/eltecno.se\/#\/schema\/logo\/image\/\",\"url\":\"https:\/\/eltecno.se\/wp-content\/uploads\/2025\/11\/cropped-Eltecno-logotyp-liggande.png\",\"contentUrl\":\"https:\/\/eltecno.se\/wp-content\/uploads\/2025\/11\/cropped-Eltecno-logotyp-liggande.png\",\"width\":1494,\"height\":316,\"caption\":\"Eltecno\"},\"image\":{\"@id\":\"https:\/\/eltecno.se\/#\/schema\/logo\/image\/\"},\"sameAs\":[\"https:\/\/www.linkedin.com\/company\/eltecno-ab\/?viewAsMember=true\"]}]}<\/script>\n<!-- \/ Yoast SEO plugin. -->","yoast_head_json":{"title":"Linjeskenor: minibrytare, jordfelsbrytare -","robots":{"index":"index","follow":"follow","max-snippet":"max-snippet:-1","max-image-preview":"max-image-preview:large","max-video-preview":"max-video-preview:-1"},"canonical":"https:\/\/eltecno.se\/?product=fasskenor-dvargbrytare-jordfelsbrytare","og_locale":"sv_SE","og_type":"article","og_title":"Linjeskenor: minibrytare, jordfelsbrytare -","og_description":"Eltecnos linjeskenor \u00e4r tillverkade p\u00e5 bed\u00f6mning av \u00f6verensst\u00e4mmelse enligt SS-EN ISO\/IEC 17021-1:2015. Enligt standard VDE 0660, Teil\/part\/\u00a7 500 DIN EN 60 439-1; 1994. Uppfyller CE m\u00e4rkning enligt LVD 2014\/35\/EU. Linjeskenorna \u00e4r tillverkade i kvalitativ koppar med ber\u00f6ringssydd samt \u00e4ndskydd. Linjeskenan kan f\u00e5s 4 poligt utf\u00f6rande upp till 25 poligt utf\u00f6rande. Linjeskena finns \u00e4ven i 1 meters l\u00e4ngd. Samlingsskenan klarar upp till 30kA. Samlingsskenor finns f\u00f6r 1, 2 samt 3 linjer, det finns \u00e4ven med nollanslutning i 1, 2 samt 3-linjigt utf\u00f6rande. Linjeskenor finns med och utan beteckning f\u00f6r linjer samt neutralanslutning.  Ladda ned produktblad h\u00e4r  Vill ni veta mer om denna produkt? Ta en titt i v\u00e5rt produktblad eller kontakta oss s\u00e5 hj\u00e4lper vi er.","og_url":"https:\/\/eltecno.se\/?product=fasskenor-dvargbrytare-jordfelsbrytare","article_publisher":"https:\/\/www.linkedin.com\/company\/eltecno-ab\/?viewAsMember=true","article_modified_time":"2025-10-25T09:07:55+00:00","og_image":[{"width":1024,"height":853,"url":"https:\/\/eltecno.se\/wp-content\/uploads\/2024\/11\/Fasskena-stor-bild-1024x853.png","type":"image\/png"}],"twitter_card":"summary_large_image","schema":{"@context":"https:\/\/schema.org","@graph":[{"@type":"WebPage","@id":"https:\/\/eltecno.se\/?product=fasskenor-dvargbrytare-jordfelsbrytare","url":"https:\/\/eltecno.se\/?product=fasskenor-dvargbrytare-jordfelsbrytare","name":"Linjeskenor: minibrytare, jordfelsbrytare -","isPartOf":{"@id":"https:\/\/eltecno.se\/#website"},"primaryImageOfPage":{"@id":"https:\/\/eltecno.se\/?product=fasskenor-dvargbrytare-jordfelsbrytare#primaryimage"},"image":{"@id":"https:\/\/eltecno.se\/?product=fasskenor-dvargbrytare-jordfelsbrytare#primaryimage"},"thumbnailUrl":"https:\/\/eltecno.se\/wp-content\/uploads\/2024\/11\/Fasskena-stor-bild.png","datePublished":"2024-11-07T10:39:54+00:00","dateModified":"2025-10-25T09:07:55+00:00","breadcrumb":{"@id":"https:\/\/eltecno.se\/?product=fasskenor-dvargbrytare-jordfelsbrytare#breadcrumb"},"inLanguage":"sv-SE","potentialAction":[{"@type":"ReadAction","target":["https:\/\/eltecno.se\/?product=fasskenor-dvargbrytare-jordfelsbrytare"]}]},{"@type":"ImageObject","inLanguage":"sv-SE","@id":"https:\/\/eltecno.se\/?product=fasskenor-dvargbrytare-jordfelsbrytare#primaryimage","url":"https:\/\/eltecno.se\/wp-content\/uploads\/2024\/11\/Fasskena-stor-bild.png","contentUrl":"https:\/\/eltecno.se\/wp-content\/uploads\/2024\/11\/Fasskena-stor-bild.png","width":1200,"height":1000,"caption":"Linjeskena"},{"@type":"BreadcrumbList","@id":"https:\/\/eltecno.se\/?product=fasskenor-dvargbrytare-jordfelsbrytare#breadcrumb","itemListElement":[{"@type":"ListItem","position":1,"name":"Hem","item":"https:\/\/eltecno.se\/"},{"@type":"ListItem","position":2,"name":"Produkter","item":"https:\/\/eltecno.se\/alla-produkter\/"},{"@type":"ListItem","position":3,"name":"Linjeskenor: minibrytare, jordfelsbrytare"}]},{"@type":"WebSite","@id":"https:\/\/eltecno.se\/#website","url":"https:\/\/eltecno.se\/","name":"Eltecno","description":"N\u00e4r du vill vara i fas med livet","publisher":{"@id":"https:\/\/eltecno.se\/#organization"},"potentialAction":[{"@type":"SearchAction","target":{"@type":"EntryPoint","urlTemplate":"https:\/\/eltecno.se\/?s={search_term_string}"},"query-input":{"@type":"PropertyValueSpecification","valueRequired":true,"valueName":"search_term_string"}}],"inLanguage":"sv-SE"},{"@type":"Organization","@id":"https:\/\/eltecno.se\/#organization","name":"Eltecno","url":"https:\/\/eltecno.se\/","logo":{"@type":"ImageObject","inLanguage":"sv-SE","@id":"https:\/\/eltecno.se\/#\/schema\/logo\/image\/","url":"https:\/\/eltecno.se\/wp-content\/uploads\/2025\/11\/cropped-Eltecno-logotyp-liggande.png","contentUrl":"https:\/\/eltecno.se\/wp-content\/uploads\/2025\/11\/cropped-Eltecno-logotyp-liggande.png","width":1494,"height":316,"caption":"Eltecno"},"image":{"@id":"https:\/\/eltecno.se\/#\/schema\/logo\/image\/"},"sameAs":["https:\/\/www.linkedin.com\/company\/eltecno-ab\/?viewAsMember=true"]}]}},"_links":{"self":[{"href":"https:\/\/eltecno.se\/index.php?rest_route=\/wp\/v2\/product\/3446","targetHints":{"allow":["GET"]}}],"collection":[{"href":"https:\/\/eltecno.se\/index.php?rest_route=\/wp\/v2\/product"}],"about":[{"href":"https:\/\/eltecno.se\/index.php?rest_route=\/wp\/v2\/types\/product"}],"wp:featuredmedia":[{"embeddable":true,"href":"https:\/\/eltecno.se\/index.php?rest_route=\/wp\/v2\/media\/3423"}],"wp:attachment":[{"href":"https:\/\/eltecno.se\/index.php?rest_route=%2Fwp%2Fv2%2Fmedia&parent=3446"}],"wp:term":[{"taxonomy":"product_brand","embeddable":true,"href":"https:\/\/eltecno.se\/index.php?rest_route=%2Fwp%2Fv2%2Fproduct_brand&post=3446"},{"taxonomy":"product_cat","embeddable":true,"href":"https:\/\/eltecno.se\/index.php?rest_route=%2Fwp%2Fv2%2Fproduct_cat&post=3446"},{"taxonomy":"product_tag","embeddable":true,"href":"https:\/\/eltecno.se\/index.php?rest_route=%2Fwp%2Fv2%2Fproduct_tag&post=3446"}],"curies":[{"name":"wp","href":"https:\/\/api.w.org\/{rel}","templated":true}]}}