{"id":725,"date":"2022-03-08T09:08:46","date_gmt":"2022-03-08T08:08:46","guid":{"rendered":"https:\/\/eltecno.se\/?post_type=product&#038;p=725"},"modified":"2025-10-24T10:46:38","modified_gmt":"2025-10-24T08:46:38","slug":"pnc-3-17-infalld","status":"publish","type":"product","link":"https:\/\/eltecno.se\/?product=pnc-3-17-infalld","title":{"rendered":"PNC 3-17, INF\u00c4LLD"},"content":{"rendered":"","protected":false},"excerpt":{"rendered":"<p>I n\u00e4ra samarbete med Sveriges fr\u00e4msta installat\u00f6rer har vi utvecklat en helt unik el- &amp; n\u00e4tverkscentral. Eltecnos nya Power &amp; Network Cabinet \u00e4r en patenterad och m\u00f6nsterskyddad l\u00f6sning som uppfyller en modern centrals alla tekniska f\u00f6rdelar samtidigt som den sparar dyrbar montage och installationstid, b\u00e5de f\u00f6r dig som installat\u00f6r och f\u00f6r din uppdragsgivare; ett prioriterat krav fr\u00e5n v\u00e5ra professionella samarbetspartner. Nu har succ\u00e9produkten f\u00e5tt en uppdatering fullpackad med nya innovationer som kommer underl\u00e4tta arbetet f\u00f6r installat\u00f6ren\u00a0och\u00a0h\u00f6ja kvalitetsniv\u00e5n ytterligare. Vi kan ocks\u00e5 stolt meddela att vi \u00e4r f\u00f6rst i v\u00e4rlden med att\u00a0anv\u00e4nda ett WiFi-f\u00f6nster i centralens rygg, vilket \u00f6kar\u00a0WiFi-genomsl\u00e4ppet med 30% p\u00e5 baksidan av centralen vid ex montage i en innerv\u00e4gg.<br \/>\n<a href=\"https:\/\/eltecno.se\/wp-content\/uploads\/2025\/10\/PNC-3-17-INFALLD-Artikelnr-PNC-3-17-Infalld.pdf\">Ladda ned produktblad h\u00e4r<\/a><\/p>\n<p>Vill ni veta mer om denna produkt?<br \/>\nTa en titt i v\u00e5rt produktblad eller kontakta oss s\u00e5 hj\u00e4lper vi er.<\/p>\n<p>&nbsp;<\/p>\n","protected":false},"featured_media":848,"template":"","meta":{"_acf_changed":false,"om_disable_all_campaigns":false,"_monsterinsights_skip_tracking":false,"_monsterinsights_sitenote_active":false,"_monsterinsights_sitenote_note":"","_monsterinsights_sitenote_category":0,"site-sidebar-layout":"default","site-content-layout":"","ast-site-content-layout":"default","site-content-style":"default","site-sidebar-style":"default","ast-global-header-display":"","ast-banner-title-visibility":"","ast-main-header-display":"","ast-hfb-above-header-display":"","ast-hfb-below-header-display":"","ast-hfb-mobile-header-display":"","site-post-title":"","ast-breadcrumbs-content":"","ast-featured-img":"","footer-sml-layout":"","theme-transparent-header-meta":"default","adv-header-id-meta":"","stick-header-meta":"","header-above-stick-meta":"","header-main-stick-meta":"","header-below-stick-meta":"","astra-migrate-meta-layouts":"set","ast-page-background-enabled":"default","ast-page-background-meta":{"desktop":{"background-color":"var(--ast-global-color-5)","background-image":"","background-repeat":"repeat","background-position":"center center","background-size":"auto","background-attachment":"scroll","background-type":"","background-media":"","overlay-type":"","overlay-color":"","overlay-opacity":"","overlay-gradient":""},"tablet":{"background-color":"","background-image":"","background-repeat":"repeat","background-position":"center center","background-size":"auto","background-attachment":"scroll","background-type":"","background-media":"","overlay-type":"","overlay-color":"","overlay-opacity":"","overlay-gradient":""},"mobile":{"background-color":"","background-image":"","background-repeat":"repeat","background-position":"center center","background-size":"auto","background-attachment":"scroll","background-type":"","background-media":"","overlay-type":"","overlay-color":"","overlay-opacity":"","overlay-gradient":""}},"ast-content-background-meta":{"desktop":{"background-color":"var(--ast-global-color-4)","background-image":"","background-repeat":"repeat","background-position":"center center","background-size":"auto","background-attachment":"scroll","background-type":"","background-media":"","overlay-type":"","overlay-color":"","overlay-opacity":"","overlay-gradient":""},"tablet":{"background-color":"var(--ast-global-color-4)","background-image":"","background-repeat":"repeat","background-position":"center center","background-size":"auto","background-attachment":"scroll","background-type":"","background-media":"","overlay-type":"","overlay-color":"","overlay-opacity":"","overlay-gradient":""},"mobile":{"background-color":"var(--ast-global-color-4)","background-image":"","background-repeat":"repeat","background-position":"center center","background-size":"auto","background-attachment":"scroll","background-type":"","background-media":"","overlay-type":"","overlay-color":"","overlay-opacity":"","overlay-gradient":""}}},"product_brand":[],"product_cat":[112,19],"product_tag":[],"class_list":{"0":"post-725","1":"product","2":"type-product","3":"status-publish","4":"has-post-thumbnail","6":"product_cat-pnc","7":"product_cat-lagenhetscentraler","8":"desktop-align-left","9":"tablet-align-left","10":"mobile-align-left","12":"first","13":"instock","14":"shipping-taxable","15":"product-type-simple"},"acf":[],"aioseo_notices":[],"yoast_head":"<!-- This site is optimized with the Yoast SEO plugin v26.4 - https:\/\/yoast.com\/wordpress\/plugins\/seo\/ -->\n<title>PNC 3-17, INF\u00c4LLD -<\/title>\n<meta name=\"robots\" content=\"index, follow, max-snippet:-1, max-image-preview:large, max-video-preview:-1\" \/>\n<link rel=\"canonical\" href=\"https:\/\/eltecno.se\/?product=pnc-3-17-infalld\" \/>\n<meta property=\"og:locale\" content=\"sv_SE\" \/>\n<meta property=\"og:type\" content=\"article\" \/>\n<meta property=\"og:title\" content=\"PNC 3-17, INF\u00c4LLD -\" \/>\n<meta property=\"og:description\" content=\"I n\u00e4ra samarbete med Sveriges fr\u00e4msta installat\u00f6rer har vi utvecklat en helt unik el- &amp; n\u00e4tverkscentral. Eltecnos nya Power &amp; Network Cabinet \u00e4r en patenterad och m\u00f6nsterskyddad l\u00f6sning som uppfyller en modern centrals alla tekniska f\u00f6rdelar samtidigt som den sparar dyrbar montage och installationstid, b\u00e5de f\u00f6r dig som installat\u00f6r och f\u00f6r din uppdragsgivare; ett prioriterat krav fr\u00e5n v\u00e5ra professionella samarbetspartner. Nu har succ\u00e9produkten f\u00e5tt en uppdatering fullpackad med nya innovationer som kommer underl\u00e4tta arbetet f\u00f6r installat\u00f6ren\u00a0och\u00a0h\u00f6ja kvalitetsniv\u00e5n ytterligare. Vi kan ocks\u00e5 stolt meddela att vi \u00e4r f\u00f6rst i v\u00e4rlden med att\u00a0anv\u00e4nda ett WiFi-f\u00f6nster i centralens rygg, vilket \u00f6kar\u00a0WiFi-genomsl\u00e4ppet med 30% p\u00e5 baksidan av centralen vid ex montage i en innerv\u00e4gg. Ladda ned produktblad h\u00e4r  Vill ni veta mer om denna produkt? Ta en titt i v\u00e5rt produktblad eller kontakta oss s\u00e5 hj\u00e4lper vi er.  &nbsp;\" \/>\n<meta property=\"og:url\" content=\"https:\/\/eltecno.se\/?product=pnc-3-17-infalld\" \/>\n<meta property=\"article:publisher\" content=\"https:\/\/www.linkedin.com\/company\/eltecno-ab\/?viewAsMember=true\" \/>\n<meta property=\"article:modified_time\" content=\"2025-10-24T08:46:38+00:00\" \/>\n<meta property=\"og:image\" content=\"https:\/\/eltecno.se\/wp-content\/uploads\/2022\/03\/pnc-3-17-open-scaled.jpg\" \/>\n\t<meta property=\"og:image:width\" content=\"1920\" \/>\n\t<meta property=\"og:image:height\" content=\"2560\" \/>\n\t<meta property=\"og:image:type\" content=\"image\/jpeg\" \/>\n<meta name=\"twitter:card\" content=\"summary_large_image\" \/>\n<script type=\"application\/ld+json\" class=\"yoast-schema-graph\">{\"@context\":\"https:\/\/schema.org\",\"@graph\":[{\"@type\":\"WebPage\",\"@id\":\"https:\/\/eltecno.se\/?product=pnc-3-17-infalld\",\"url\":\"https:\/\/eltecno.se\/?product=pnc-3-17-infalld\",\"name\":\"PNC 3-17, INF\u00c4LLD -\",\"isPartOf\":{\"@id\":\"https:\/\/eltecno.se\/#website\"},\"primaryImageOfPage\":{\"@id\":\"https:\/\/eltecno.se\/?product=pnc-3-17-infalld#primaryimage\"},\"image\":{\"@id\":\"https:\/\/eltecno.se\/?product=pnc-3-17-infalld#primaryimage\"},\"thumbnailUrl\":\"https:\/\/eltecno.se\/wp-content\/uploads\/2022\/03\/pnc-3-17-open-scaled.jpg\",\"datePublished\":\"2022-03-08T08:08:46+00:00\",\"dateModified\":\"2025-10-24T08:46:38+00:00\",\"breadcrumb\":{\"@id\":\"https:\/\/eltecno.se\/?product=pnc-3-17-infalld#breadcrumb\"},\"inLanguage\":\"sv-SE\",\"potentialAction\":[{\"@type\":\"ReadAction\",\"target\":[\"https:\/\/eltecno.se\/?product=pnc-3-17-infalld\"]}]},{\"@type\":\"ImageObject\",\"inLanguage\":\"sv-SE\",\"@id\":\"https:\/\/eltecno.se\/?product=pnc-3-17-infalld#primaryimage\",\"url\":\"https:\/\/eltecno.se\/wp-content\/uploads\/2022\/03\/pnc-3-17-open-scaled.jpg\",\"contentUrl\":\"https:\/\/eltecno.se\/wp-content\/uploads\/2022\/03\/pnc-3-17-open-scaled.jpg\",\"width\":1920,\"height\":2560},{\"@type\":\"BreadcrumbList\",\"@id\":\"https:\/\/eltecno.se\/?product=pnc-3-17-infalld#breadcrumb\",\"itemListElement\":[{\"@type\":\"ListItem\",\"position\":1,\"name\":\"Hem\",\"item\":\"https:\/\/eltecno.se\/\"},{\"@type\":\"ListItem\",\"position\":2,\"name\":\"Produkter\",\"item\":\"https:\/\/eltecno.se\/alla-produkter\/\"},{\"@type\":\"ListItem\",\"position\":3,\"name\":\"PNC 3-17, INF\u00c4LLD\"}]},{\"@type\":\"WebSite\",\"@id\":\"https:\/\/eltecno.se\/#website\",\"url\":\"https:\/\/eltecno.se\/\",\"name\":\"Eltecno\",\"description\":\"N\u00e4r du vill vara i fas med livet\",\"publisher\":{\"@id\":\"https:\/\/eltecno.se\/#organization\"},\"potentialAction\":[{\"@type\":\"SearchAction\",\"target\":{\"@type\":\"EntryPoint\",\"urlTemplate\":\"https:\/\/eltecno.se\/?s={search_term_string}\"},\"query-input\":{\"@type\":\"PropertyValueSpecification\",\"valueRequired\":true,\"valueName\":\"search_term_string\"}}],\"inLanguage\":\"sv-SE\"},{\"@type\":\"Organization\",\"@id\":\"https:\/\/eltecno.se\/#organization\",\"name\":\"Eltecno\",\"url\":\"https:\/\/eltecno.se\/\",\"logo\":{\"@type\":\"ImageObject\",\"inLanguage\":\"sv-SE\",\"@id\":\"https:\/\/eltecno.se\/#\/schema\/logo\/image\/\",\"url\":\"https:\/\/eltecno.se\/wp-content\/uploads\/2025\/11\/cropped-Eltecno-logotyp-liggande.png\",\"contentUrl\":\"https:\/\/eltecno.se\/wp-content\/uploads\/2025\/11\/cropped-Eltecno-logotyp-liggande.png\",\"width\":1494,\"height\":316,\"caption\":\"Eltecno\"},\"image\":{\"@id\":\"https:\/\/eltecno.se\/#\/schema\/logo\/image\/\"},\"sameAs\":[\"https:\/\/www.linkedin.com\/company\/eltecno-ab\/?viewAsMember=true\"]}]}<\/script>\n<!-- \/ Yoast SEO plugin. -->","yoast_head_json":{"title":"PNC 3-17, INF\u00c4LLD -","robots":{"index":"index","follow":"follow","max-snippet":"max-snippet:-1","max-image-preview":"max-image-preview:large","max-video-preview":"max-video-preview:-1"},"canonical":"https:\/\/eltecno.se\/?product=pnc-3-17-infalld","og_locale":"sv_SE","og_type":"article","og_title":"PNC 3-17, INF\u00c4LLD -","og_description":"I n\u00e4ra samarbete med Sveriges fr\u00e4msta installat\u00f6rer har vi utvecklat en helt unik el- &amp; n\u00e4tverkscentral. Eltecnos nya Power &amp; Network Cabinet \u00e4r en patenterad och m\u00f6nsterskyddad l\u00f6sning som uppfyller en modern centrals alla tekniska f\u00f6rdelar samtidigt som den sparar dyrbar montage och installationstid, b\u00e5de f\u00f6r dig som installat\u00f6r och f\u00f6r din uppdragsgivare; ett prioriterat krav fr\u00e5n v\u00e5ra professionella samarbetspartner. Nu har succ\u00e9produkten f\u00e5tt en uppdatering fullpackad med nya innovationer som kommer underl\u00e4tta arbetet f\u00f6r installat\u00f6ren\u00a0och\u00a0h\u00f6ja kvalitetsniv\u00e5n ytterligare. Vi kan ocks\u00e5 stolt meddela att vi \u00e4r f\u00f6rst i v\u00e4rlden med att\u00a0anv\u00e4nda ett WiFi-f\u00f6nster i centralens rygg, vilket \u00f6kar\u00a0WiFi-genomsl\u00e4ppet med 30% p\u00e5 baksidan av centralen vid ex montage i en innerv\u00e4gg. Ladda ned produktblad h\u00e4r  Vill ni veta mer om denna produkt? Ta en titt i v\u00e5rt produktblad eller kontakta oss s\u00e5 hj\u00e4lper vi er.  &nbsp;","og_url":"https:\/\/eltecno.se\/?product=pnc-3-17-infalld","article_publisher":"https:\/\/www.linkedin.com\/company\/eltecno-ab\/?viewAsMember=true","article_modified_time":"2025-10-24T08:46:38+00:00","og_image":[{"width":1920,"height":2560,"url":"https:\/\/eltecno.se\/wp-content\/uploads\/2022\/03\/pnc-3-17-open-scaled.jpg","type":"image\/jpeg"}],"twitter_card":"summary_large_image","schema":{"@context":"https:\/\/schema.org","@graph":[{"@type":"WebPage","@id":"https:\/\/eltecno.se\/?product=pnc-3-17-infalld","url":"https:\/\/eltecno.se\/?product=pnc-3-17-infalld","name":"PNC 3-17, INF\u00c4LLD -","isPartOf":{"@id":"https:\/\/eltecno.se\/#website"},"primaryImageOfPage":{"@id":"https:\/\/eltecno.se\/?product=pnc-3-17-infalld#primaryimage"},"image":{"@id":"https:\/\/eltecno.se\/?product=pnc-3-17-infalld#primaryimage"},"thumbnailUrl":"https:\/\/eltecno.se\/wp-content\/uploads\/2022\/03\/pnc-3-17-open-scaled.jpg","datePublished":"2022-03-08T08:08:46+00:00","dateModified":"2025-10-24T08:46:38+00:00","breadcrumb":{"@id":"https:\/\/eltecno.se\/?product=pnc-3-17-infalld#breadcrumb"},"inLanguage":"sv-SE","potentialAction":[{"@type":"ReadAction","target":["https:\/\/eltecno.se\/?product=pnc-3-17-infalld"]}]},{"@type":"ImageObject","inLanguage":"sv-SE","@id":"https:\/\/eltecno.se\/?product=pnc-3-17-infalld#primaryimage","url":"https:\/\/eltecno.se\/wp-content\/uploads\/2022\/03\/pnc-3-17-open-scaled.jpg","contentUrl":"https:\/\/eltecno.se\/wp-content\/uploads\/2022\/03\/pnc-3-17-open-scaled.jpg","width":1920,"height":2560},{"@type":"BreadcrumbList","@id":"https:\/\/eltecno.se\/?product=pnc-3-17-infalld#breadcrumb","itemListElement":[{"@type":"ListItem","position":1,"name":"Hem","item":"https:\/\/eltecno.se\/"},{"@type":"ListItem","position":2,"name":"Produkter","item":"https:\/\/eltecno.se\/alla-produkter\/"},{"@type":"ListItem","position":3,"name":"PNC 3-17, INF\u00c4LLD"}]},{"@type":"WebSite","@id":"https:\/\/eltecno.se\/#website","url":"https:\/\/eltecno.se\/","name":"Eltecno","description":"N\u00e4r du vill vara i fas med livet","publisher":{"@id":"https:\/\/eltecno.se\/#organization"},"potentialAction":[{"@type":"SearchAction","target":{"@type":"EntryPoint","urlTemplate":"https:\/\/eltecno.se\/?s={search_term_string}"},"query-input":{"@type":"PropertyValueSpecification","valueRequired":true,"valueName":"search_term_string"}}],"inLanguage":"sv-SE"},{"@type":"Organization","@id":"https:\/\/eltecno.se\/#organization","name":"Eltecno","url":"https:\/\/eltecno.se\/","logo":{"@type":"ImageObject","inLanguage":"sv-SE","@id":"https:\/\/eltecno.se\/#\/schema\/logo\/image\/","url":"https:\/\/eltecno.se\/wp-content\/uploads\/2025\/11\/cropped-Eltecno-logotyp-liggande.png","contentUrl":"https:\/\/eltecno.se\/wp-content\/uploads\/2025\/11\/cropped-Eltecno-logotyp-liggande.png","width":1494,"height":316,"caption":"Eltecno"},"image":{"@id":"https:\/\/eltecno.se\/#\/schema\/logo\/image\/"},"sameAs":["https:\/\/www.linkedin.com\/company\/eltecno-ab\/?viewAsMember=true"]}]}},"_links":{"self":[{"href":"https:\/\/eltecno.se\/index.php?rest_route=\/wp\/v2\/product\/725","targetHints":{"allow":["GET"]}}],"collection":[{"href":"https:\/\/eltecno.se\/index.php?rest_route=\/wp\/v2\/product"}],"about":[{"href":"https:\/\/eltecno.se\/index.php?rest_route=\/wp\/v2\/types\/product"}],"wp:featuredmedia":[{"embeddable":true,"href":"https:\/\/eltecno.se\/index.php?rest_route=\/wp\/v2\/media\/848"}],"wp:attachment":[{"href":"https:\/\/eltecno.se\/index.php?rest_route=%2Fwp%2Fv2%2Fmedia&parent=725"}],"wp:term":[{"taxonomy":"product_brand","embeddable":true,"href":"https:\/\/eltecno.se\/index.php?rest_route=%2Fwp%2Fv2%2Fproduct_brand&post=725"},{"taxonomy":"product_cat","embeddable":true,"href":"https:\/\/eltecno.se\/index.php?rest_route=%2Fwp%2Fv2%2Fproduct_cat&post=725"},{"taxonomy":"product_tag","embeddable":true,"href":"https:\/\/eltecno.se\/index.php?rest_route=%2Fwp%2Fv2%2Fproduct_tag&post=725"}],"curies":[{"name":"wp","href":"https:\/\/api.w.org\/{rel}","templated":true}]}}