{"id":729,"date":"2022-03-08T11:03:04","date_gmt":"2022-03-08T10:03:04","guid":{"rendered":"https:\/\/eltecno.se\/?post_type=product&#038;p=729"},"modified":"2026-01-29T07:38:41","modified_gmt":"2026-01-29T06:38:41","slug":"rotcentral-1-17-valternativ1-17-h-utanpaliggande-eltecno","status":"publish","type":"product","link":"https:\/\/eltecno.se\/?product=rotcentral-1-17-valternativ1-17-h-utanpaliggande-eltecno","title":{"rendered":"Rotcentral 1-17-V, Alternativ  1-17-H, UTANP\u00c5LIGGANDE &#8211; Eltecno"},"content":{"rendered":"","protected":false},"excerpt":{"rendered":"<p>I n\u00e4ra samarbete med Sveriges fr\u00e4msta installat\u00f6rer har vi utvecklat en helt ny rotcentral. Eltecnos nya Rotcentral levereras med en f\u00f6rmonterad m\u00e4tartavla f\u00f6r en snabb och smidig installation. Du kan v\u00e4lja att f\u00e5 dessa levererade med m\u00e4tartavlan p\u00e5 h\u00f6ger eller v\u00e4nster sida.<br \/>\n<a href=\"https:\/\/eltecno.se\/wp-content\/uploads\/2025\/10\/Rotcentral-1-17-V-Alternativ-1-17-H-UTANPALIGGANDE-\u2013-Eltecno-Artikelnr-ROT-17-V-alternativ-1-17-H.pdf\">Ladda ned produktblad h\u00e4r<\/a><\/p>\n<p>Vill ni veta mer om denna produkt?<br \/>\nTa en titt i v\u00e5rt produktblad eller kontakta oss s\u00e5 hj\u00e4lper vi er.<\/p>\n","protected":false},"featured_media":853,"template":"","meta":{"_acf_changed":false,"om_disable_all_campaigns":false,"_monsterinsights_skip_tracking":false,"_monsterinsights_sitenote_active":false,"_monsterinsights_sitenote_note":"","_monsterinsights_sitenote_category":0,"site-sidebar-layout":"default","site-content-layout":"","ast-site-content-layout":"default","site-content-style":"default","site-sidebar-style":"default","ast-global-header-display":"","ast-banner-title-visibility":"","ast-main-header-display":"","ast-hfb-above-header-display":"","ast-hfb-below-header-display":"","ast-hfb-mobile-header-display":"","site-post-title":"","ast-breadcrumbs-content":"","ast-featured-img":"","footer-sml-layout":"","theme-transparent-header-meta":"default","adv-header-id-meta":"","stick-header-meta":"","header-above-stick-meta":"","header-main-stick-meta":"","header-below-stick-meta":"","astra-migrate-meta-layouts":"set","ast-page-background-enabled":"default","ast-page-background-meta":{"desktop":{"background-color":"var(--ast-global-color-5)","background-image":"","background-repeat":"repeat","background-position":"center center","background-size":"auto","background-attachment":"scroll","background-type":"","background-media":"","overlay-type":"","overlay-color":"","overlay-opacity":"","overlay-gradient":""},"tablet":{"background-color":"","background-image":"","background-repeat":"repeat","background-position":"center center","background-size":"auto","background-attachment":"scroll","background-type":"","background-media":"","overlay-type":"","overlay-color":"","overlay-opacity":"","overlay-gradient":""},"mobile":{"background-color":"","background-image":"","background-repeat":"repeat","background-position":"center center","background-size":"auto","background-attachment":"scroll","background-type":"","background-media":"","overlay-type":"","overlay-color":"","overlay-opacity":"","overlay-gradient":""}},"ast-content-background-meta":{"desktop":{"background-color":"var(--ast-global-color-4)","background-image":"","background-repeat":"repeat","background-position":"center center","background-size":"auto","background-attachment":"scroll","background-type":"","background-media":"","overlay-type":"","overlay-color":"","overlay-opacity":"","overlay-gradient":""},"tablet":{"background-color":"var(--ast-global-color-4)","background-image":"","background-repeat":"repeat","background-position":"center center","background-size":"auto","background-attachment":"scroll","background-type":"","background-media":"","overlay-type":"","overlay-color":"","overlay-opacity":"","overlay-gradient":""},"mobile":{"background-color":"var(--ast-global-color-4)","background-image":"","background-repeat":"repeat","background-position":"center center","background-size":"auto","background-attachment":"scroll","background-type":"","background-media":"","overlay-type":"","overlay-color":"","overlay-opacity":"","overlay-gradient":""}}},"product_brand":[],"product_cat":[19,29],"product_tag":[],"class_list":{"0":"post-729","1":"product","2":"type-product","3":"status-publish","4":"has-post-thumbnail","6":"product_cat-lagenhetscentraler","7":"product_cat-rotcentral","8":"desktop-align-left","9":"tablet-align-left","10":"mobile-align-left","12":"first","13":"instock","14":"shipping-taxable","15":"product-type-simple"},"acf":[],"aioseo_notices":[],"yoast_head":"<!-- This site is optimized with the Yoast SEO plugin v26.4 - https:\/\/yoast.com\/wordpress\/plugins\/seo\/ -->\n<title>Rotcentral 1-17-V, Alternativ 1-17-H, UTANP\u00c5LIGGANDE - Eltecno -<\/title>\n<meta name=\"robots\" content=\"index, follow, max-snippet:-1, max-image-preview:large, max-video-preview:-1\" \/>\n<link rel=\"canonical\" href=\"https:\/\/eltecno.se\/?product=rotcentral-1-17-valternativ1-17-h-utanpaliggande-eltecno\" \/>\n<meta property=\"og:locale\" content=\"sv_SE\" \/>\n<meta property=\"og:type\" content=\"article\" \/>\n<meta property=\"og:title\" content=\"Rotcentral 1-17-V, Alternativ 1-17-H, UTANP\u00c5LIGGANDE - Eltecno -\" \/>\n<meta property=\"og:description\" content=\"I n\u00e4ra samarbete med Sveriges fr\u00e4msta installat\u00f6rer har vi utvecklat en helt ny rotcentral. Eltecnos nya Rotcentral levereras med en f\u00f6rmonterad m\u00e4tartavla f\u00f6r en snabb och smidig installation. Du kan v\u00e4lja att f\u00e5 dessa levererade med m\u00e4tartavlan p\u00e5 h\u00f6ger eller v\u00e4nster sida. Ladda ned produktblad h\u00e4r  Vill ni veta mer om denna produkt? Ta en titt i v\u00e5rt produktblad eller kontakta oss s\u00e5 hj\u00e4lper vi er.\" \/>\n<meta property=\"og:url\" content=\"https:\/\/eltecno.se\/?product=rotcentral-1-17-valternativ1-17-h-utanpaliggande-eltecno\" \/>\n<meta property=\"article:publisher\" content=\"https:\/\/www.linkedin.com\/company\/eltecno-ab\/?viewAsMember=true\" \/>\n<meta property=\"article:modified_time\" content=\"2026-01-29T06:38:41+00:00\" \/>\n<meta property=\"og:image\" content=\"https:\/\/eltecno.se\/wp-content\/uploads\/2022\/03\/rotcentral-v2.jpg\" \/>\n\t<meta property=\"og:image:width\" content=\"1272\" \/>\n\t<meta property=\"og:image:height\" content=\"792\" \/>\n\t<meta property=\"og:image:type\" content=\"image\/jpeg\" \/>\n<meta name=\"twitter:card\" content=\"summary_large_image\" \/>\n<meta name=\"twitter:label1\" content=\"Ber\u00e4knad l\u00e4stid\" \/>\n\t<meta name=\"twitter:data1\" content=\"1 minut\" \/>\n<script type=\"application\/ld+json\" class=\"yoast-schema-graph\">{\"@context\":\"https:\/\/schema.org\",\"@graph\":[{\"@type\":\"WebPage\",\"@id\":\"https:\/\/eltecno.se\/?product=rotcentral-1-17-valternativ1-17-h-utanpaliggande-eltecno\",\"url\":\"https:\/\/eltecno.se\/?product=rotcentral-1-17-valternativ1-17-h-utanpaliggande-eltecno\",\"name\":\"Rotcentral 1-17-V, Alternativ 1-17-H, UTANP\u00c5LIGGANDE - Eltecno -\",\"isPartOf\":{\"@id\":\"https:\/\/eltecno.se\/#website\"},\"primaryImageOfPage\":{\"@id\":\"https:\/\/eltecno.se\/?product=rotcentral-1-17-valternativ1-17-h-utanpaliggande-eltecno#primaryimage\"},\"image\":{\"@id\":\"https:\/\/eltecno.se\/?product=rotcentral-1-17-valternativ1-17-h-utanpaliggande-eltecno#primaryimage\"},\"thumbnailUrl\":\"https:\/\/eltecno.se\/wp-content\/uploads\/2022\/03\/rotcentral-v2.jpg\",\"datePublished\":\"2022-03-08T10:03:04+00:00\",\"dateModified\":\"2026-01-29T06:38:41+00:00\",\"breadcrumb\":{\"@id\":\"https:\/\/eltecno.se\/?product=rotcentral-1-17-valternativ1-17-h-utanpaliggande-eltecno#breadcrumb\"},\"inLanguage\":\"sv-SE\",\"potentialAction\":[{\"@type\":\"ReadAction\",\"target\":[\"https:\/\/eltecno.se\/?product=rotcentral-1-17-valternativ1-17-h-utanpaliggande-eltecno\"]}]},{\"@type\":\"ImageObject\",\"inLanguage\":\"sv-SE\",\"@id\":\"https:\/\/eltecno.se\/?product=rotcentral-1-17-valternativ1-17-h-utanpaliggande-eltecno#primaryimage\",\"url\":\"https:\/\/eltecno.se\/wp-content\/uploads\/2022\/03\/rotcentral-v2.jpg\",\"contentUrl\":\"https:\/\/eltecno.se\/wp-content\/uploads\/2022\/03\/rotcentral-v2.jpg\",\"width\":1272,\"height\":792},{\"@type\":\"BreadcrumbList\",\"@id\":\"https:\/\/eltecno.se\/?product=rotcentral-1-17-valternativ1-17-h-utanpaliggande-eltecno#breadcrumb\",\"itemListElement\":[{\"@type\":\"ListItem\",\"position\":1,\"name\":\"Hem\",\"item\":\"https:\/\/eltecno.se\/\"},{\"@type\":\"ListItem\",\"position\":2,\"name\":\"Produkter\",\"item\":\"https:\/\/eltecno.se\/alla-produkter\/\"},{\"@type\":\"ListItem\",\"position\":3,\"name\":\"Rotcentral 1-17-V, Alternativ 1-17-H, UTANP\u00c5LIGGANDE &#8211; Eltecno\"}]},{\"@type\":\"WebSite\",\"@id\":\"https:\/\/eltecno.se\/#website\",\"url\":\"https:\/\/eltecno.se\/\",\"name\":\"Eltecno\",\"description\":\"N\u00e4r du vill vara i fas med livet\",\"publisher\":{\"@id\":\"https:\/\/eltecno.se\/#organization\"},\"potentialAction\":[{\"@type\":\"SearchAction\",\"target\":{\"@type\":\"EntryPoint\",\"urlTemplate\":\"https:\/\/eltecno.se\/?s={search_term_string}\"},\"query-input\":{\"@type\":\"PropertyValueSpecification\",\"valueRequired\":true,\"valueName\":\"search_term_string\"}}],\"inLanguage\":\"sv-SE\"},{\"@type\":\"Organization\",\"@id\":\"https:\/\/eltecno.se\/#organization\",\"name\":\"Eltecno\",\"url\":\"https:\/\/eltecno.se\/\",\"logo\":{\"@type\":\"ImageObject\",\"inLanguage\":\"sv-SE\",\"@id\":\"https:\/\/eltecno.se\/#\/schema\/logo\/image\/\",\"url\":\"https:\/\/eltecno.se\/wp-content\/uploads\/2025\/11\/cropped-Eltecno-logotyp-liggande.png\",\"contentUrl\":\"https:\/\/eltecno.se\/wp-content\/uploads\/2025\/11\/cropped-Eltecno-logotyp-liggande.png\",\"width\":1494,\"height\":316,\"caption\":\"Eltecno\"},\"image\":{\"@id\":\"https:\/\/eltecno.se\/#\/schema\/logo\/image\/\"},\"sameAs\":[\"https:\/\/www.linkedin.com\/company\/eltecno-ab\/?viewAsMember=true\"]}]}<\/script>\n<!-- \/ Yoast SEO plugin. -->","yoast_head_json":{"title":"Rotcentral 1-17-V, Alternativ 1-17-H, UTANP\u00c5LIGGANDE - Eltecno -","robots":{"index":"index","follow":"follow","max-snippet":"max-snippet:-1","max-image-preview":"max-image-preview:large","max-video-preview":"max-video-preview:-1"},"canonical":"https:\/\/eltecno.se\/?product=rotcentral-1-17-valternativ1-17-h-utanpaliggande-eltecno","og_locale":"sv_SE","og_type":"article","og_title":"Rotcentral 1-17-V, Alternativ 1-17-H, UTANP\u00c5LIGGANDE - Eltecno -","og_description":"I n\u00e4ra samarbete med Sveriges fr\u00e4msta installat\u00f6rer har vi utvecklat en helt ny rotcentral. Eltecnos nya Rotcentral levereras med en f\u00f6rmonterad m\u00e4tartavla f\u00f6r en snabb och smidig installation. Du kan v\u00e4lja att f\u00e5 dessa levererade med m\u00e4tartavlan p\u00e5 h\u00f6ger eller v\u00e4nster sida. Ladda ned produktblad h\u00e4r  Vill ni veta mer om denna produkt? Ta en titt i v\u00e5rt produktblad eller kontakta oss s\u00e5 hj\u00e4lper vi er.","og_url":"https:\/\/eltecno.se\/?product=rotcentral-1-17-valternativ1-17-h-utanpaliggande-eltecno","article_publisher":"https:\/\/www.linkedin.com\/company\/eltecno-ab\/?viewAsMember=true","article_modified_time":"2026-01-29T06:38:41+00:00","og_image":[{"width":1272,"height":792,"url":"https:\/\/eltecno.se\/wp-content\/uploads\/2022\/03\/rotcentral-v2.jpg","type":"image\/jpeg"}],"twitter_card":"summary_large_image","twitter_misc":{"Ber\u00e4knad l\u00e4stid":"1 minut"},"schema":{"@context":"https:\/\/schema.org","@graph":[{"@type":"WebPage","@id":"https:\/\/eltecno.se\/?product=rotcentral-1-17-valternativ1-17-h-utanpaliggande-eltecno","url":"https:\/\/eltecno.se\/?product=rotcentral-1-17-valternativ1-17-h-utanpaliggande-eltecno","name":"Rotcentral 1-17-V, Alternativ 1-17-H, UTANP\u00c5LIGGANDE - Eltecno -","isPartOf":{"@id":"https:\/\/eltecno.se\/#website"},"primaryImageOfPage":{"@id":"https:\/\/eltecno.se\/?product=rotcentral-1-17-valternativ1-17-h-utanpaliggande-eltecno#primaryimage"},"image":{"@id":"https:\/\/eltecno.se\/?product=rotcentral-1-17-valternativ1-17-h-utanpaliggande-eltecno#primaryimage"},"thumbnailUrl":"https:\/\/eltecno.se\/wp-content\/uploads\/2022\/03\/rotcentral-v2.jpg","datePublished":"2022-03-08T10:03:04+00:00","dateModified":"2026-01-29T06:38:41+00:00","breadcrumb":{"@id":"https:\/\/eltecno.se\/?product=rotcentral-1-17-valternativ1-17-h-utanpaliggande-eltecno#breadcrumb"},"inLanguage":"sv-SE","potentialAction":[{"@type":"ReadAction","target":["https:\/\/eltecno.se\/?product=rotcentral-1-17-valternativ1-17-h-utanpaliggande-eltecno"]}]},{"@type":"ImageObject","inLanguage":"sv-SE","@id":"https:\/\/eltecno.se\/?product=rotcentral-1-17-valternativ1-17-h-utanpaliggande-eltecno#primaryimage","url":"https:\/\/eltecno.se\/wp-content\/uploads\/2022\/03\/rotcentral-v2.jpg","contentUrl":"https:\/\/eltecno.se\/wp-content\/uploads\/2022\/03\/rotcentral-v2.jpg","width":1272,"height":792},{"@type":"BreadcrumbList","@id":"https:\/\/eltecno.se\/?product=rotcentral-1-17-valternativ1-17-h-utanpaliggande-eltecno#breadcrumb","itemListElement":[{"@type":"ListItem","position":1,"name":"Hem","item":"https:\/\/eltecno.se\/"},{"@type":"ListItem","position":2,"name":"Produkter","item":"https:\/\/eltecno.se\/alla-produkter\/"},{"@type":"ListItem","position":3,"name":"Rotcentral 1-17-V, Alternativ 1-17-H, UTANP\u00c5LIGGANDE &#8211; Eltecno"}]},{"@type":"WebSite","@id":"https:\/\/eltecno.se\/#website","url":"https:\/\/eltecno.se\/","name":"Eltecno","description":"N\u00e4r du vill vara i fas med livet","publisher":{"@id":"https:\/\/eltecno.se\/#organization"},"potentialAction":[{"@type":"SearchAction","target":{"@type":"EntryPoint","urlTemplate":"https:\/\/eltecno.se\/?s={search_term_string}"},"query-input":{"@type":"PropertyValueSpecification","valueRequired":true,"valueName":"search_term_string"}}],"inLanguage":"sv-SE"},{"@type":"Organization","@id":"https:\/\/eltecno.se\/#organization","name":"Eltecno","url":"https:\/\/eltecno.se\/","logo":{"@type":"ImageObject","inLanguage":"sv-SE","@id":"https:\/\/eltecno.se\/#\/schema\/logo\/image\/","url":"https:\/\/eltecno.se\/wp-content\/uploads\/2025\/11\/cropped-Eltecno-logotyp-liggande.png","contentUrl":"https:\/\/eltecno.se\/wp-content\/uploads\/2025\/11\/cropped-Eltecno-logotyp-liggande.png","width":1494,"height":316,"caption":"Eltecno"},"image":{"@id":"https:\/\/eltecno.se\/#\/schema\/logo\/image\/"},"sameAs":["https:\/\/www.linkedin.com\/company\/eltecno-ab\/?viewAsMember=true"]}]}},"_links":{"self":[{"href":"https:\/\/eltecno.se\/index.php?rest_route=\/wp\/v2\/product\/729","targetHints":{"allow":["GET"]}}],"collection":[{"href":"https:\/\/eltecno.se\/index.php?rest_route=\/wp\/v2\/product"}],"about":[{"href":"https:\/\/eltecno.se\/index.php?rest_route=\/wp\/v2\/types\/product"}],"wp:featuredmedia":[{"embeddable":true,"href":"https:\/\/eltecno.se\/index.php?rest_route=\/wp\/v2\/media\/853"}],"wp:attachment":[{"href":"https:\/\/eltecno.se\/index.php?rest_route=%2Fwp%2Fv2%2Fmedia&parent=729"}],"wp:term":[{"taxonomy":"product_brand","embeddable":true,"href":"https:\/\/eltecno.se\/index.php?rest_route=%2Fwp%2Fv2%2Fproduct_brand&post=729"},{"taxonomy":"product_cat","embeddable":true,"href":"https:\/\/eltecno.se\/index.php?rest_route=%2Fwp%2Fv2%2Fproduct_cat&post=729"},{"taxonomy":"product_tag","embeddable":true,"href":"https:\/\/eltecno.se\/index.php?rest_route=%2Fwp%2Fv2%2Fproduct_tag&post=729"}],"curies":[{"name":"wp","href":"https:\/\/api.w.org\/{rel}","templated":true}]}}