{"id":745,"date":"2022-03-08T09:23:08","date_gmt":"2022-03-08T08:23:08","guid":{"rendered":"https:\/\/eltecno.se\/?post_type=product&#038;p=745"},"modified":"2025-10-24T10:56:27","modified_gmt":"2025-10-24T08:56:27","slug":"vinox-2-18-ki-infalld","status":"publish","type":"product","link":"https:\/\/eltecno.se\/?product=vinox-2-18-ki-infalld","title":{"rendered":"VINOX 2-18-KI, INF\u00c4LLD"},"content":{"rendered":"","protected":false},"excerpt":{"rendered":"<p data-start=\"220\" data-end=\"441\">VINOX \u00e4r utvecklad f\u00f6r att m\u00f6ta marknadens h\u00f6gsta krav p\u00e5 effektivitet, tidsbesparing och smart installation. Serien bygger p\u00e5 ett banbrytande och patenterat koncept f\u00f6r hantering av inf\u00e4llningsl\u00e5dor till normcentraler. Den innovativa l\u00f6sningen inneb\u00e4r att inf\u00e4llningsl\u00e5dan levereras som en vikbar platta, vilket drastiskt minskar tids\u00e5tg\u00e5ng vid montage, f\u00f6renklar transport och lagring samt reducerar milj\u00f6p\u00e5verkan. Dessutom \u00e4r l\u00e5dan extra grund, vilket g\u00f6r det m\u00f6jligt att dra kablage bakom ryggen \u00e4ven vid 70 mm regel. Resultatet \u00e4r en smartare, snabbare och mer h\u00e5llbar installation fr\u00e5n start till m\u00e5l. V\u00e5r enkla och prisv\u00e4rda medicentral. Inf\u00e4lld elcentral 2&#215;18 moduler. Finns i flera olika storlekar och varianter. D\u00f6rr erbjuds \u00e4ven som tillbeh\u00f6r.<br \/>\n<a href=\"https:\/\/eltecno.se\/wp-content\/uploads\/2025\/10\/VINOX-2-18-KI-INFALLD-Artikelnr-VNX-2-18-KI.pdf\">Ladda ned produktblad h\u00e4r<\/a><\/p>\n<p data-start=\"220\" data-end=\"441\">Vill ni veta mer om denna produkt?<br \/>\nTa en titt i v\u00e5rt produktblad eller kontakta oss s\u00e5 hj\u00e4lper vi er.<\/p>\n","protected":false},"featured_media":2009,"template":"","meta":{"_acf_changed":false,"om_disable_all_campaigns":false,"_monsterinsights_skip_tracking":false,"_monsterinsights_sitenote_active":false,"_monsterinsights_sitenote_note":"","_monsterinsights_sitenote_category":0,"site-sidebar-layout":"default","site-content-layout":"","ast-site-content-layout":"default","site-content-style":"default","site-sidebar-style":"default","ast-global-header-display":"","ast-banner-title-visibility":"","ast-main-header-display":"","ast-hfb-above-header-display":"","ast-hfb-below-header-display":"","ast-hfb-mobile-header-display":"","site-post-title":"","ast-breadcrumbs-content":"","ast-featured-img":"","footer-sml-layout":"","theme-transparent-header-meta":"default","adv-header-id-meta":"","stick-header-meta":"","header-above-stick-meta":"","header-main-stick-meta":"","header-below-stick-meta":"","astra-migrate-meta-layouts":"set","ast-page-background-enabled":"default","ast-page-background-meta":{"desktop":{"background-color":"var(--ast-global-color-5)","background-image":"","background-repeat":"repeat","background-position":"center center","background-size":"auto","background-attachment":"scroll","background-type":"","background-media":"","overlay-type":"","overlay-color":"","overlay-opacity":"","overlay-gradient":""},"tablet":{"background-color":"","background-image":"","background-repeat":"repeat","background-position":"center center","background-size":"auto","background-attachment":"scroll","background-type":"","background-media":"","overlay-type":"","overlay-color":"","overlay-opacity":"","overlay-gradient":""},"mobile":{"background-color":"","background-image":"","background-repeat":"repeat","background-position":"center center","background-size":"auto","background-attachment":"scroll","background-type":"","background-media":"","overlay-type":"","overlay-color":"","overlay-opacity":"","overlay-gradient":""}},"ast-content-background-meta":{"desktop":{"background-color":"var(--ast-global-color-4)","background-image":"","background-repeat":"repeat","background-position":"center center","background-size":"auto","background-attachment":"scroll","background-type":"","background-media":"","overlay-type":"","overlay-color":"","overlay-opacity":"","overlay-gradient":""},"tablet":{"background-color":"var(--ast-global-color-4)","background-image":"","background-repeat":"repeat","background-position":"center center","background-size":"auto","background-attachment":"scroll","background-type":"","background-media":"","overlay-type":"","overlay-color":"","overlay-opacity":"","overlay-gradient":""},"mobile":{"background-color":"var(--ast-global-color-4)","background-image":"","background-repeat":"repeat","background-position":"center center","background-size":"auto","background-attachment":"scroll","background-type":"","background-media":"","overlay-type":"","overlay-color":"","overlay-opacity":"","overlay-gradient":""}}},"product_brand":[],"product_cat":[114,19],"product_tag":[],"class_list":{"0":"post-745","1":"product","2":"type-product","3":"status-publish","4":"has-post-thumbnail","6":"product_cat-vinox","7":"product_cat-lagenhetscentraler","8":"desktop-align-left","9":"tablet-align-left","10":"mobile-align-left","12":"first","13":"instock","14":"shipping-taxable","15":"product-type-simple"},"acf":[],"aioseo_notices":[],"yoast_head":"<!-- This site is optimized with the Yoast SEO plugin v26.4 - https:\/\/yoast.com\/wordpress\/plugins\/seo\/ -->\n<title>VINOX 2-18-KI, INF\u00c4LLD -<\/title>\n<meta name=\"robots\" content=\"index, follow, max-snippet:-1, max-image-preview:large, max-video-preview:-1\" \/>\n<link rel=\"canonical\" href=\"https:\/\/eltecno.se\/?product=vinox-2-18-ki-infalld\" \/>\n<meta property=\"og:locale\" content=\"sv_SE\" \/>\n<meta property=\"og:type\" content=\"article\" \/>\n<meta property=\"og:title\" content=\"VINOX 2-18-KI, INF\u00c4LLD -\" \/>\n<meta property=\"og:description\" content=\"VINOX \u00e4r utvecklad f\u00f6r att m\u00f6ta marknadens h\u00f6gsta krav p\u00e5 effektivitet, tidsbesparing och smart installation. Serien bygger p\u00e5 ett banbrytande och patenterat koncept f\u00f6r hantering av inf\u00e4llningsl\u00e5dor till normcentraler. Den innovativa l\u00f6sningen inneb\u00e4r att inf\u00e4llningsl\u00e5dan levereras som en vikbar platta, vilket drastiskt minskar tids\u00e5tg\u00e5ng vid montage, f\u00f6renklar transport och lagring samt reducerar milj\u00f6p\u00e5verkan. Dessutom \u00e4r l\u00e5dan extra grund, vilket g\u00f6r det m\u00f6jligt att dra kablage bakom ryggen \u00e4ven vid 70 mm regel. Resultatet \u00e4r en smartare, snabbare och mer h\u00e5llbar installation fr\u00e5n start till m\u00e5l. V\u00e5r enkla och prisv\u00e4rda medicentral. Inf\u00e4lld elcentral 2x18 moduler. Finns i flera olika storlekar och varianter. D\u00f6rr erbjuds \u00e4ven som tillbeh\u00f6r. Ladda ned produktblad h\u00e4r Vill ni veta mer om denna produkt? Ta en titt i v\u00e5rt produktblad eller kontakta oss s\u00e5 hj\u00e4lper vi er.\" \/>\n<meta property=\"og:url\" content=\"https:\/\/eltecno.se\/?product=vinox-2-18-ki-infalld\" \/>\n<meta property=\"article:publisher\" content=\"https:\/\/www.linkedin.com\/company\/eltecno-ab\/?viewAsMember=true\" \/>\n<meta property=\"article:modified_time\" content=\"2025-10-24T08:56:27+00:00\" \/>\n<meta property=\"og:image\" content=\"https:\/\/eltecno.se\/wp-content\/uploads\/2023\/01\/VNX-2-18-INF-A001.jpg\" \/>\n\t<meta property=\"og:image:width\" content=\"2048\" \/>\n\t<meta property=\"og:image:height\" content=\"2048\" \/>\n\t<meta property=\"og:image:type\" content=\"image\/jpeg\" \/>\n<meta name=\"twitter:card\" content=\"summary_large_image\" \/>\n<script type=\"application\/ld+json\" class=\"yoast-schema-graph\">{\"@context\":\"https:\/\/schema.org\",\"@graph\":[{\"@type\":\"WebPage\",\"@id\":\"https:\/\/eltecno.se\/?product=vinox-2-18-ki-infalld\",\"url\":\"https:\/\/eltecno.se\/?product=vinox-2-18-ki-infalld\",\"name\":\"VINOX 2-18-KI, INF\u00c4LLD -\",\"isPartOf\":{\"@id\":\"https:\/\/eltecno.se\/#website\"},\"primaryImageOfPage\":{\"@id\":\"https:\/\/eltecno.se\/?product=vinox-2-18-ki-infalld#primaryimage\"},\"image\":{\"@id\":\"https:\/\/eltecno.se\/?product=vinox-2-18-ki-infalld#primaryimage\"},\"thumbnailUrl\":\"https:\/\/eltecno.se\/wp-content\/uploads\/2023\/01\/VNX-2-18-INF-A001.jpg\",\"datePublished\":\"2022-03-08T08:23:08+00:00\",\"dateModified\":\"2025-10-24T08:56:27+00:00\",\"breadcrumb\":{\"@id\":\"https:\/\/eltecno.se\/?product=vinox-2-18-ki-infalld#breadcrumb\"},\"inLanguage\":\"sv-SE\",\"potentialAction\":[{\"@type\":\"ReadAction\",\"target\":[\"https:\/\/eltecno.se\/?product=vinox-2-18-ki-infalld\"]}]},{\"@type\":\"ImageObject\",\"inLanguage\":\"sv-SE\",\"@id\":\"https:\/\/eltecno.se\/?product=vinox-2-18-ki-infalld#primaryimage\",\"url\":\"https:\/\/eltecno.se\/wp-content\/uploads\/2023\/01\/VNX-2-18-INF-A001.jpg\",\"contentUrl\":\"https:\/\/eltecno.se\/wp-content\/uploads\/2023\/01\/VNX-2-18-INF-A001.jpg\",\"width\":2048,\"height\":2048},{\"@type\":\"BreadcrumbList\",\"@id\":\"https:\/\/eltecno.se\/?product=vinox-2-18-ki-infalld#breadcrumb\",\"itemListElement\":[{\"@type\":\"ListItem\",\"position\":1,\"name\":\"Hem\",\"item\":\"https:\/\/eltecno.se\/\"},{\"@type\":\"ListItem\",\"position\":2,\"name\":\"Produkter\",\"item\":\"https:\/\/eltecno.se\/alla-produkter\/\"},{\"@type\":\"ListItem\",\"position\":3,\"name\":\"VINOX 2-18-KI, INF\u00c4LLD\"}]},{\"@type\":\"WebSite\",\"@id\":\"https:\/\/eltecno.se\/#website\",\"url\":\"https:\/\/eltecno.se\/\",\"name\":\"Eltecno\",\"description\":\"N\u00e4r du vill vara i fas med livet\",\"publisher\":{\"@id\":\"https:\/\/eltecno.se\/#organization\"},\"potentialAction\":[{\"@type\":\"SearchAction\",\"target\":{\"@type\":\"EntryPoint\",\"urlTemplate\":\"https:\/\/eltecno.se\/?s={search_term_string}\"},\"query-input\":{\"@type\":\"PropertyValueSpecification\",\"valueRequired\":true,\"valueName\":\"search_term_string\"}}],\"inLanguage\":\"sv-SE\"},{\"@type\":\"Organization\",\"@id\":\"https:\/\/eltecno.se\/#organization\",\"name\":\"Eltecno\",\"url\":\"https:\/\/eltecno.se\/\",\"logo\":{\"@type\":\"ImageObject\",\"inLanguage\":\"sv-SE\",\"@id\":\"https:\/\/eltecno.se\/#\/schema\/logo\/image\/\",\"url\":\"https:\/\/eltecno.se\/wp-content\/uploads\/2025\/11\/cropped-Eltecno-logotyp-liggande.png\",\"contentUrl\":\"https:\/\/eltecno.se\/wp-content\/uploads\/2025\/11\/cropped-Eltecno-logotyp-liggande.png\",\"width\":1494,\"height\":316,\"caption\":\"Eltecno\"},\"image\":{\"@id\":\"https:\/\/eltecno.se\/#\/schema\/logo\/image\/\"},\"sameAs\":[\"https:\/\/www.linkedin.com\/company\/eltecno-ab\/?viewAsMember=true\"]}]}<\/script>\n<!-- \/ Yoast SEO plugin. -->","yoast_head_json":{"title":"VINOX 2-18-KI, INF\u00c4LLD -","robots":{"index":"index","follow":"follow","max-snippet":"max-snippet:-1","max-image-preview":"max-image-preview:large","max-video-preview":"max-video-preview:-1"},"canonical":"https:\/\/eltecno.se\/?product=vinox-2-18-ki-infalld","og_locale":"sv_SE","og_type":"article","og_title":"VINOX 2-18-KI, INF\u00c4LLD -","og_description":"VINOX \u00e4r utvecklad f\u00f6r att m\u00f6ta marknadens h\u00f6gsta krav p\u00e5 effektivitet, tidsbesparing och smart installation. Serien bygger p\u00e5 ett banbrytande och patenterat koncept f\u00f6r hantering av inf\u00e4llningsl\u00e5dor till normcentraler. Den innovativa l\u00f6sningen inneb\u00e4r att inf\u00e4llningsl\u00e5dan levereras som en vikbar platta, vilket drastiskt minskar tids\u00e5tg\u00e5ng vid montage, f\u00f6renklar transport och lagring samt reducerar milj\u00f6p\u00e5verkan. Dessutom \u00e4r l\u00e5dan extra grund, vilket g\u00f6r det m\u00f6jligt att dra kablage bakom ryggen \u00e4ven vid 70 mm regel. Resultatet \u00e4r en smartare, snabbare och mer h\u00e5llbar installation fr\u00e5n start till m\u00e5l. V\u00e5r enkla och prisv\u00e4rda medicentral. Inf\u00e4lld elcentral 2x18 moduler. Finns i flera olika storlekar och varianter. D\u00f6rr erbjuds \u00e4ven som tillbeh\u00f6r. Ladda ned produktblad h\u00e4r Vill ni veta mer om denna produkt? Ta en titt i v\u00e5rt produktblad eller kontakta oss s\u00e5 hj\u00e4lper vi er.","og_url":"https:\/\/eltecno.se\/?product=vinox-2-18-ki-infalld","article_publisher":"https:\/\/www.linkedin.com\/company\/eltecno-ab\/?viewAsMember=true","article_modified_time":"2025-10-24T08:56:27+00:00","og_image":[{"width":2048,"height":2048,"url":"https:\/\/eltecno.se\/wp-content\/uploads\/2023\/01\/VNX-2-18-INF-A001.jpg","type":"image\/jpeg"}],"twitter_card":"summary_large_image","schema":{"@context":"https:\/\/schema.org","@graph":[{"@type":"WebPage","@id":"https:\/\/eltecno.se\/?product=vinox-2-18-ki-infalld","url":"https:\/\/eltecno.se\/?product=vinox-2-18-ki-infalld","name":"VINOX 2-18-KI, INF\u00c4LLD -","isPartOf":{"@id":"https:\/\/eltecno.se\/#website"},"primaryImageOfPage":{"@id":"https:\/\/eltecno.se\/?product=vinox-2-18-ki-infalld#primaryimage"},"image":{"@id":"https:\/\/eltecno.se\/?product=vinox-2-18-ki-infalld#primaryimage"},"thumbnailUrl":"https:\/\/eltecno.se\/wp-content\/uploads\/2023\/01\/VNX-2-18-INF-A001.jpg","datePublished":"2022-03-08T08:23:08+00:00","dateModified":"2025-10-24T08:56:27+00:00","breadcrumb":{"@id":"https:\/\/eltecno.se\/?product=vinox-2-18-ki-infalld#breadcrumb"},"inLanguage":"sv-SE","potentialAction":[{"@type":"ReadAction","target":["https:\/\/eltecno.se\/?product=vinox-2-18-ki-infalld"]}]},{"@type":"ImageObject","inLanguage":"sv-SE","@id":"https:\/\/eltecno.se\/?product=vinox-2-18-ki-infalld#primaryimage","url":"https:\/\/eltecno.se\/wp-content\/uploads\/2023\/01\/VNX-2-18-INF-A001.jpg","contentUrl":"https:\/\/eltecno.se\/wp-content\/uploads\/2023\/01\/VNX-2-18-INF-A001.jpg","width":2048,"height":2048},{"@type":"BreadcrumbList","@id":"https:\/\/eltecno.se\/?product=vinox-2-18-ki-infalld#breadcrumb","itemListElement":[{"@type":"ListItem","position":1,"name":"Hem","item":"https:\/\/eltecno.se\/"},{"@type":"ListItem","position":2,"name":"Produkter","item":"https:\/\/eltecno.se\/alla-produkter\/"},{"@type":"ListItem","position":3,"name":"VINOX 2-18-KI, INF\u00c4LLD"}]},{"@type":"WebSite","@id":"https:\/\/eltecno.se\/#website","url":"https:\/\/eltecno.se\/","name":"Eltecno","description":"N\u00e4r du vill vara i fas med livet","publisher":{"@id":"https:\/\/eltecno.se\/#organization"},"potentialAction":[{"@type":"SearchAction","target":{"@type":"EntryPoint","urlTemplate":"https:\/\/eltecno.se\/?s={search_term_string}"},"query-input":{"@type":"PropertyValueSpecification","valueRequired":true,"valueName":"search_term_string"}}],"inLanguage":"sv-SE"},{"@type":"Organization","@id":"https:\/\/eltecno.se\/#organization","name":"Eltecno","url":"https:\/\/eltecno.se\/","logo":{"@type":"ImageObject","inLanguage":"sv-SE","@id":"https:\/\/eltecno.se\/#\/schema\/logo\/image\/","url":"https:\/\/eltecno.se\/wp-content\/uploads\/2025\/11\/cropped-Eltecno-logotyp-liggande.png","contentUrl":"https:\/\/eltecno.se\/wp-content\/uploads\/2025\/11\/cropped-Eltecno-logotyp-liggande.png","width":1494,"height":316,"caption":"Eltecno"},"image":{"@id":"https:\/\/eltecno.se\/#\/schema\/logo\/image\/"},"sameAs":["https:\/\/www.linkedin.com\/company\/eltecno-ab\/?viewAsMember=true"]}]}},"_links":{"self":[{"href":"https:\/\/eltecno.se\/index.php?rest_route=\/wp\/v2\/product\/745","targetHints":{"allow":["GET"]}}],"collection":[{"href":"https:\/\/eltecno.se\/index.php?rest_route=\/wp\/v2\/product"}],"about":[{"href":"https:\/\/eltecno.se\/index.php?rest_route=\/wp\/v2\/types\/product"}],"wp:featuredmedia":[{"embeddable":true,"href":"https:\/\/eltecno.se\/index.php?rest_route=\/wp\/v2\/media\/2009"}],"wp:attachment":[{"href":"https:\/\/eltecno.se\/index.php?rest_route=%2Fwp%2Fv2%2Fmedia&parent=745"}],"wp:term":[{"taxonomy":"product_brand","embeddable":true,"href":"https:\/\/eltecno.se\/index.php?rest_route=%2Fwp%2Fv2%2Fproduct_brand&post=745"},{"taxonomy":"product_cat","embeddable":true,"href":"https:\/\/eltecno.se\/index.php?rest_route=%2Fwp%2Fv2%2Fproduct_cat&post=745"},{"taxonomy":"product_tag","embeddable":true,"href":"https:\/\/eltecno.se\/index.php?rest_route=%2Fwp%2Fv2%2Fproduct_tag&post=745"}],"curies":[{"name":"wp","href":"https:\/\/api.w.org\/{rel}","templated":true}]}}