{"id":764,"date":"2022-03-08T11:52:19","date_gmt":"2022-03-08T10:52:19","guid":{"rendered":"https:\/\/eltecno.se\/?post_type=product&#038;p=764"},"modified":"2025-11-21T14:14:38","modified_gmt":"2025-11-21T13:14:38","slug":"mss-maxiflex","status":"publish","type":"product","link":"https:\/\/eltecno.se\/?product=mss-maxiflex","title":{"rendered":"MSS MaxiFlex"},"content":{"rendered":"<p>&nbsp;<\/p>\n<p>&nbsp;<\/p>\n","protected":false},"excerpt":{"rendered":"<p>Eltecnos nya Marksk\u00e5p MSS MaxiFlex \u00e4r en nyutveckling p\u00e5 v\u00e5rt tidigare marksk\u00e5p. F\u00f6r\u00e4ndringen p\u00e5 MSS Maxiflex ger maximal flexibilitet och ny teknisk h\u00f6jd p\u00e5 en redan bra produkt. Eltecnos nya Marksk\u00e5p \u00e4r utvecklad i n\u00e4ra samarbete med kunder och konsulter f\u00f6r att m\u00f6ta de \u00f6nskem\u00e5l som marknaden efterfr\u00e5gar. MSS MaxiFlex har \u00e4ven f\u00e5tt h\u00f6gsta betyg i Sunda Hus samt testats av SEMKO Intertek. Vi har m\u00f6jlighet att bygga upp till 2500 Ampere med skensystem fr\u00e5n ledande m\u00e4rke. enl EN 61439-5<\/p>\n<p>* K-v\u00e4rde 99<br \/>\n* Max temp 125 \u00b0C<\/p>\n<h4>Standard 60-system<\/h4>\n<p>V\u00e5rt MSS MaxiFlex marksk\u00e5p \u00e4r konstruerat f\u00f6r maximal flexibilitet. Inte bara flexibilitet vad g\u00e4ller kapslingen och alla dess f\u00f6rdelar som underl\u00e4ttar ert arbete, utan \u00e4ven sammans\u00e4ttningen av m\u00f6jliga komponenter som kan monteras. Kapslingen \u00e4r utformad efter ett standardiserat 60-system, som bygger p\u00e5 ett 60mm kopparskensystem f\u00f6r belastning upp till 800 Ampere. D\u00e4rmed har vi m\u00f6jlighet att montera de ledande komponenttillverkarnas fulla sortiment best\u00e5ende av: s\u00e4kringslastbrytare, s\u00e4kringslastfr\u00e5nskiljare, g\u00e4ngs\u00e4kringar, effektbrytare, huvudbrytare, str\u00f6mtrafofack samt mycket mer. Flexibiliteten i de tekniska l\u00f6sningarna g\u00f6r att den totala l\u00f6sningen kan fullt ut m\u00e4ta sig med de ledande fabrikaten p\u00e5 marknaden.<\/p>\n<h4>Magnelis &#8211; \u00d6verl\u00e4gset skydd i tuffa milj\u00f6er<\/h4>\n<p>Magnelis\u00ae \u00e4r den enda metallbel\u00e4ggningen f\u00f6r st\u00e5l med 3% magnesium och det \u00e4r just tillsatsen av magnesium med denna halt i legeringen som \u00e4r hemligheten. Den noggrant utpr\u00f6vade magnesiumhalten i legeringen \u00f6kar korrosionsmotst\u00e5ndet radikalt vid j\u00e4mf\u00f6relser med andra rostskyddsbehandlingar. \u00d6verl\u00e4gset skydd i tuffa milj\u00f6er Magnelis\u00ae ger ett oslagbart skydd i tuffa, starkt alkaliska milj\u00f6er eller i milj\u00f6er som inneh\u00e5ller klorid och ammoniak. Olika korrosionstester visar att just tillsatsen av 3% magnesium ger betydligt b\u00e4ttre korrosionsmotst\u00e5nd j\u00e4mf\u00f6rt med andra bel\u00e4ggningar med l\u00e4gre magnesiumhalt. Magnelis\u00ae kan i de flesta fall ers\u00e4tta eftergalvaniserade detaljer, samt i m\u00e5nga fall \u00e4ven rostfria applikationer.<\/p>\n<p><strong><a href=\"https:\/\/eltecno.se\/wp-content\/uploads\/2022\/03\/mss-maxiflex-data.pdf\">Ladda ned produktblad h\u00e4r<\/a><\/strong><\/p>\n<p>Vill ni veta mer om denna produkt?<br \/>\nTa en titt i v\u00e5rt produktblad eller kontakta oss s\u00e5 hj\u00e4lper vi er.<\/p>\n","protected":false},"featured_media":835,"template":"","meta":{"_acf_changed":false,"om_disable_all_campaigns":false,"_monsterinsights_skip_tracking":false,"_monsterinsights_sitenote_active":false,"_monsterinsights_sitenote_note":"","_monsterinsights_sitenote_category":0,"site-sidebar-layout":"default","site-content-layout":"","ast-site-content-layout":"default","site-content-style":"default","site-sidebar-style":"default","ast-global-header-display":"","ast-banner-title-visibility":"","ast-main-header-display":"","ast-hfb-above-header-display":"","ast-hfb-below-header-display":"","ast-hfb-mobile-header-display":"","site-post-title":"","ast-breadcrumbs-content":"","ast-featured-img":"","footer-sml-layout":"","theme-transparent-header-meta":"default","adv-header-id-meta":"","stick-header-meta":"","header-above-stick-meta":"","header-main-stick-meta":"","header-below-stick-meta":"","astra-migrate-meta-layouts":"set","ast-page-background-enabled":"default","ast-page-background-meta":{"desktop":{"background-color":"var(--ast-global-color-5)","background-image":"","background-repeat":"repeat","background-position":"center center","background-size":"auto","background-attachment":"scroll","background-type":"","background-media":"","overlay-type":"","overlay-color":"","overlay-opacity":"","overlay-gradient":""},"tablet":{"background-color":"","background-image":"","background-repeat":"repeat","background-position":"center center","background-size":"auto","background-attachment":"scroll","background-type":"","background-media":"","overlay-type":"","overlay-color":"","overlay-opacity":"","overlay-gradient":""},"mobile":{"background-color":"","background-image":"","background-repeat":"repeat","background-position":"center center","background-size":"auto","background-attachment":"scroll","background-type":"","background-media":"","overlay-type":"","overlay-color":"","overlay-opacity":"","overlay-gradient":""}},"ast-content-background-meta":{"desktop":{"background-color":"var(--ast-global-color-4)","background-image":"","background-repeat":"repeat","background-position":"center center","background-size":"auto","background-attachment":"scroll","background-type":"","background-media":"","overlay-type":"","overlay-color":"","overlay-opacity":"","overlay-gradient":""},"tablet":{"background-color":"var(--ast-global-color-4)","background-image":"","background-repeat":"repeat","background-position":"center center","background-size":"auto","background-attachment":"scroll","background-type":"","background-media":"","overlay-type":"","overlay-color":"","overlay-opacity":"","overlay-gradient":""},"mobile":{"background-color":"var(--ast-global-color-4)","background-image":"","background-repeat":"repeat","background-position":"center center","background-size":"auto","background-attachment":"scroll","background-type":"","background-media":"","overlay-type":"","overlay-color":"","overlay-opacity":"","overlay-gradient":""}}},"product_brand":[],"product_cat":[22],"product_tag":[],"class_list":{"0":"post-764","1":"product","2":"type-product","3":"status-publish","4":"has-post-thumbnail","6":"product_cat-markskap","7":"desktop-align-left","8":"tablet-align-left","9":"mobile-align-left","11":"first","12":"instock","13":"shipping-taxable","14":"product-type-simple"},"acf":[],"aioseo_notices":[],"yoast_head":"<!-- This site is optimized with the Yoast SEO plugin v26.4 - https:\/\/yoast.com\/wordpress\/plugins\/seo\/ -->\n<title>MSS MaxiFlex -<\/title>\n<meta name=\"robots\" content=\"index, follow, max-snippet:-1, max-image-preview:large, max-video-preview:-1\" \/>\n<link rel=\"canonical\" href=\"https:\/\/eltecno.se\/?product=mss-maxiflex\" \/>\n<meta property=\"og:locale\" content=\"sv_SE\" \/>\n<meta property=\"og:type\" content=\"article\" \/>\n<meta property=\"og:title\" content=\"MSS MaxiFlex -\" \/>\n<meta property=\"og:description\" content=\"Eltecnos nya Marksk\u00e5p MSS MaxiFlex \u00e4r en nyutveckling p\u00e5 v\u00e5rt tidigare marksk\u00e5p. F\u00f6r\u00e4ndringen p\u00e5 MSS Maxiflex ger maximal flexibilitet och ny teknisk h\u00f6jd p\u00e5 en redan bra produkt. Eltecnos nya Marksk\u00e5p \u00e4r utvecklad i n\u00e4ra samarbete med kunder och konsulter f\u00f6r att m\u00f6ta de \u00f6nskem\u00e5l som marknaden efterfr\u00e5gar. MSS MaxiFlex har \u00e4ven f\u00e5tt h\u00f6gsta betyg i Sunda Hus samt testats av SEMKO Intertek. Vi har m\u00f6jlighet att bygga upp till 2500 Ampere med skensystem fr\u00e5n ledande m\u00e4rke. enl EN 61439-5  * K-v\u00e4rde 99 * Max temp 125 \u00b0C Standard 60-system V\u00e5rt MSS MaxiFlex marksk\u00e5p \u00e4r konstruerat f\u00f6r maximal flexibilitet. Inte bara flexibilitet vad g\u00e4ller kapslingen och alla dess f\u00f6rdelar som underl\u00e4ttar ert arbete, utan \u00e4ven sammans\u00e4ttningen av m\u00f6jliga komponenter som kan monteras. Kapslingen \u00e4r utformad efter ett standardiserat 60-system, som bygger p\u00e5 ett 60mm kopparskensystem f\u00f6r belastning upp till 800 Ampere. D\u00e4rmed har vi m\u00f6jlighet att montera de ledande komponenttillverkarnas fulla sortiment best\u00e5ende av: s\u00e4kringslastbrytare, s\u00e4kringslastfr\u00e5nskiljare, g\u00e4ngs\u00e4kringar, effektbrytare, huvudbrytare, str\u00f6mtrafofack samt mycket mer. Flexibiliteten i de tekniska l\u00f6sningarna g\u00f6r att den totala l\u00f6sningen kan fullt ut m\u00e4ta sig med de ledande fabrikaten p\u00e5 marknaden. Magnelis - \u00d6verl\u00e4gset skydd i tuffa milj\u00f6er Magnelis\u00ae \u00e4r den enda metallbel\u00e4ggningen f\u00f6r st\u00e5l med 3% magnesium och det \u00e4r just tillsatsen av magnesium med denna halt i legeringen som \u00e4r hemligheten. Den noggrant utpr\u00f6vade magnesiumhalten i legeringen \u00f6kar korrosionsmotst\u00e5ndet radikalt vid j\u00e4mf\u00f6relser med andra rostskyddsbehandlingar. \u00d6verl\u00e4gset skydd i tuffa milj\u00f6er Magnelis\u00ae ger ett oslagbart skydd i tuffa, starkt alkaliska milj\u00f6er eller i milj\u00f6er som inneh\u00e5ller klorid och ammoniak. Olika korrosionstester visar att just tillsatsen av 3% magnesium ger betydligt b\u00e4ttre korrosionsmotst\u00e5nd j\u00e4mf\u00f6rt med andra bel\u00e4ggningar med l\u00e4gre magnesiumhalt. Magnelis\u00ae kan i de flesta fall ers\u00e4tta eftergalvaniserade detaljer, samt i m\u00e5nga fall \u00e4ven rostfria applikationer.  Ladda ned produktblad h\u00e4r  Vill ni veta mer om denna produkt? Ta en titt i v\u00e5rt produktblad eller kontakta oss s\u00e5 hj\u00e4lper vi er.\" \/>\n<meta property=\"og:url\" content=\"https:\/\/eltecno.se\/?product=mss-maxiflex\" \/>\n<meta property=\"article:publisher\" content=\"https:\/\/www.linkedin.com\/company\/eltecno-ab\/?viewAsMember=true\" \/>\n<meta property=\"article:modified_time\" content=\"2025-11-21T13:14:38+00:00\" \/>\n<meta property=\"og:image\" content=\"https:\/\/eltecno.se\/wp-content\/uploads\/2022\/03\/maxiflex.jpg\" \/>\n\t<meta property=\"og:image:width\" content=\"2000\" \/>\n\t<meta property=\"og:image:height\" content=\"1153\" \/>\n\t<meta property=\"og:image:type\" content=\"image\/jpeg\" \/>\n<meta name=\"twitter:card\" content=\"summary_large_image\" \/>\n<meta name=\"twitter:label1\" content=\"Ber\u00e4knad l\u00e4stid\" \/>\n\t<meta name=\"twitter:data1\" content=\"1 minut\" \/>\n<script type=\"application\/ld+json\" class=\"yoast-schema-graph\">{\"@context\":\"https:\/\/schema.org\",\"@graph\":[{\"@type\":\"WebPage\",\"@id\":\"https:\/\/eltecno.se\/?product=mss-maxiflex\",\"url\":\"https:\/\/eltecno.se\/?product=mss-maxiflex\",\"name\":\"MSS MaxiFlex -\",\"isPartOf\":{\"@id\":\"https:\/\/eltecno.se\/#website\"},\"primaryImageOfPage\":{\"@id\":\"https:\/\/eltecno.se\/?product=mss-maxiflex#primaryimage\"},\"image\":{\"@id\":\"https:\/\/eltecno.se\/?product=mss-maxiflex#primaryimage\"},\"thumbnailUrl\":\"https:\/\/eltecno.se\/wp-content\/uploads\/2022\/03\/maxiflex.jpg\",\"datePublished\":\"2022-03-08T10:52:19+00:00\",\"dateModified\":\"2025-11-21T13:14:38+00:00\",\"breadcrumb\":{\"@id\":\"https:\/\/eltecno.se\/?product=mss-maxiflex#breadcrumb\"},\"inLanguage\":\"sv-SE\",\"potentialAction\":[{\"@type\":\"ReadAction\",\"target\":[\"https:\/\/eltecno.se\/?product=mss-maxiflex\"]}]},{\"@type\":\"ImageObject\",\"inLanguage\":\"sv-SE\",\"@id\":\"https:\/\/eltecno.se\/?product=mss-maxiflex#primaryimage\",\"url\":\"https:\/\/eltecno.se\/wp-content\/uploads\/2022\/03\/maxiflex.jpg\",\"contentUrl\":\"https:\/\/eltecno.se\/wp-content\/uploads\/2022\/03\/maxiflex.jpg\",\"width\":2000,\"height\":1153},{\"@type\":\"BreadcrumbList\",\"@id\":\"https:\/\/eltecno.se\/?product=mss-maxiflex#breadcrumb\",\"itemListElement\":[{\"@type\":\"ListItem\",\"position\":1,\"name\":\"Hem\",\"item\":\"https:\/\/eltecno.se\/\"},{\"@type\":\"ListItem\",\"position\":2,\"name\":\"Produkter\",\"item\":\"https:\/\/eltecno.se\/alla-produkter\/\"},{\"@type\":\"ListItem\",\"position\":3,\"name\":\"MSS MaxiFlex\"}]},{\"@type\":\"WebSite\",\"@id\":\"https:\/\/eltecno.se\/#website\",\"url\":\"https:\/\/eltecno.se\/\",\"name\":\"Eltecno\",\"description\":\"N\u00e4r du vill vara i fas med livet\",\"publisher\":{\"@id\":\"https:\/\/eltecno.se\/#organization\"},\"potentialAction\":[{\"@type\":\"SearchAction\",\"target\":{\"@type\":\"EntryPoint\",\"urlTemplate\":\"https:\/\/eltecno.se\/?s={search_term_string}\"},\"query-input\":{\"@type\":\"PropertyValueSpecification\",\"valueRequired\":true,\"valueName\":\"search_term_string\"}}],\"inLanguage\":\"sv-SE\"},{\"@type\":\"Organization\",\"@id\":\"https:\/\/eltecno.se\/#organization\",\"name\":\"Eltecno\",\"url\":\"https:\/\/eltecno.se\/\",\"logo\":{\"@type\":\"ImageObject\",\"inLanguage\":\"sv-SE\",\"@id\":\"https:\/\/eltecno.se\/#\/schema\/logo\/image\/\",\"url\":\"https:\/\/eltecno.se\/wp-content\/uploads\/2025\/11\/cropped-Eltecno-logotyp-liggande.png\",\"contentUrl\":\"https:\/\/eltecno.se\/wp-content\/uploads\/2025\/11\/cropped-Eltecno-logotyp-liggande.png\",\"width\":1494,\"height\":316,\"caption\":\"Eltecno\"},\"image\":{\"@id\":\"https:\/\/eltecno.se\/#\/schema\/logo\/image\/\"},\"sameAs\":[\"https:\/\/www.linkedin.com\/company\/eltecno-ab\/?viewAsMember=true\"]}]}<\/script>\n<!-- \/ Yoast SEO plugin. -->","yoast_head_json":{"title":"MSS MaxiFlex -","robots":{"index":"index","follow":"follow","max-snippet":"max-snippet:-1","max-image-preview":"max-image-preview:large","max-video-preview":"max-video-preview:-1"},"canonical":"https:\/\/eltecno.se\/?product=mss-maxiflex","og_locale":"sv_SE","og_type":"article","og_title":"MSS MaxiFlex -","og_description":"Eltecnos nya Marksk\u00e5p MSS MaxiFlex \u00e4r en nyutveckling p\u00e5 v\u00e5rt tidigare marksk\u00e5p. F\u00f6r\u00e4ndringen p\u00e5 MSS Maxiflex ger maximal flexibilitet och ny teknisk h\u00f6jd p\u00e5 en redan bra produkt. Eltecnos nya Marksk\u00e5p \u00e4r utvecklad i n\u00e4ra samarbete med kunder och konsulter f\u00f6r att m\u00f6ta de \u00f6nskem\u00e5l som marknaden efterfr\u00e5gar. MSS MaxiFlex har \u00e4ven f\u00e5tt h\u00f6gsta betyg i Sunda Hus samt testats av SEMKO Intertek. Vi har m\u00f6jlighet att bygga upp till 2500 Ampere med skensystem fr\u00e5n ledande m\u00e4rke. enl EN 61439-5  * K-v\u00e4rde 99 * Max temp 125 \u00b0C Standard 60-system V\u00e5rt MSS MaxiFlex marksk\u00e5p \u00e4r konstruerat f\u00f6r maximal flexibilitet. Inte bara flexibilitet vad g\u00e4ller kapslingen och alla dess f\u00f6rdelar som underl\u00e4ttar ert arbete, utan \u00e4ven sammans\u00e4ttningen av m\u00f6jliga komponenter som kan monteras. Kapslingen \u00e4r utformad efter ett standardiserat 60-system, som bygger p\u00e5 ett 60mm kopparskensystem f\u00f6r belastning upp till 800 Ampere. D\u00e4rmed har vi m\u00f6jlighet att montera de ledande komponenttillverkarnas fulla sortiment best\u00e5ende av: s\u00e4kringslastbrytare, s\u00e4kringslastfr\u00e5nskiljare, g\u00e4ngs\u00e4kringar, effektbrytare, huvudbrytare, str\u00f6mtrafofack samt mycket mer. Flexibiliteten i de tekniska l\u00f6sningarna g\u00f6r att den totala l\u00f6sningen kan fullt ut m\u00e4ta sig med de ledande fabrikaten p\u00e5 marknaden. Magnelis - \u00d6verl\u00e4gset skydd i tuffa milj\u00f6er Magnelis\u00ae \u00e4r den enda metallbel\u00e4ggningen f\u00f6r st\u00e5l med 3% magnesium och det \u00e4r just tillsatsen av magnesium med denna halt i legeringen som \u00e4r hemligheten. Den noggrant utpr\u00f6vade magnesiumhalten i legeringen \u00f6kar korrosionsmotst\u00e5ndet radikalt vid j\u00e4mf\u00f6relser med andra rostskyddsbehandlingar. \u00d6verl\u00e4gset skydd i tuffa milj\u00f6er Magnelis\u00ae ger ett oslagbart skydd i tuffa, starkt alkaliska milj\u00f6er eller i milj\u00f6er som inneh\u00e5ller klorid och ammoniak. Olika korrosionstester visar att just tillsatsen av 3% magnesium ger betydligt b\u00e4ttre korrosionsmotst\u00e5nd j\u00e4mf\u00f6rt med andra bel\u00e4ggningar med l\u00e4gre magnesiumhalt. Magnelis\u00ae kan i de flesta fall ers\u00e4tta eftergalvaniserade detaljer, samt i m\u00e5nga fall \u00e4ven rostfria applikationer.  Ladda ned produktblad h\u00e4r  Vill ni veta mer om denna produkt? Ta en titt i v\u00e5rt produktblad eller kontakta oss s\u00e5 hj\u00e4lper vi er.","og_url":"https:\/\/eltecno.se\/?product=mss-maxiflex","article_publisher":"https:\/\/www.linkedin.com\/company\/eltecno-ab\/?viewAsMember=true","article_modified_time":"2025-11-21T13:14:38+00:00","og_image":[{"width":2000,"height":1153,"url":"https:\/\/eltecno.se\/wp-content\/uploads\/2022\/03\/maxiflex.jpg","type":"image\/jpeg"}],"twitter_card":"summary_large_image","twitter_misc":{"Ber\u00e4knad l\u00e4stid":"1 minut"},"schema":{"@context":"https:\/\/schema.org","@graph":[{"@type":"WebPage","@id":"https:\/\/eltecno.se\/?product=mss-maxiflex","url":"https:\/\/eltecno.se\/?product=mss-maxiflex","name":"MSS MaxiFlex -","isPartOf":{"@id":"https:\/\/eltecno.se\/#website"},"primaryImageOfPage":{"@id":"https:\/\/eltecno.se\/?product=mss-maxiflex#primaryimage"},"image":{"@id":"https:\/\/eltecno.se\/?product=mss-maxiflex#primaryimage"},"thumbnailUrl":"https:\/\/eltecno.se\/wp-content\/uploads\/2022\/03\/maxiflex.jpg","datePublished":"2022-03-08T10:52:19+00:00","dateModified":"2025-11-21T13:14:38+00:00","breadcrumb":{"@id":"https:\/\/eltecno.se\/?product=mss-maxiflex#breadcrumb"},"inLanguage":"sv-SE","potentialAction":[{"@type":"ReadAction","target":["https:\/\/eltecno.se\/?product=mss-maxiflex"]}]},{"@type":"ImageObject","inLanguage":"sv-SE","@id":"https:\/\/eltecno.se\/?product=mss-maxiflex#primaryimage","url":"https:\/\/eltecno.se\/wp-content\/uploads\/2022\/03\/maxiflex.jpg","contentUrl":"https:\/\/eltecno.se\/wp-content\/uploads\/2022\/03\/maxiflex.jpg","width":2000,"height":1153},{"@type":"BreadcrumbList","@id":"https:\/\/eltecno.se\/?product=mss-maxiflex#breadcrumb","itemListElement":[{"@type":"ListItem","position":1,"name":"Hem","item":"https:\/\/eltecno.se\/"},{"@type":"ListItem","position":2,"name":"Produkter","item":"https:\/\/eltecno.se\/alla-produkter\/"},{"@type":"ListItem","position":3,"name":"MSS MaxiFlex"}]},{"@type":"WebSite","@id":"https:\/\/eltecno.se\/#website","url":"https:\/\/eltecno.se\/","name":"Eltecno","description":"N\u00e4r du vill vara i fas med livet","publisher":{"@id":"https:\/\/eltecno.se\/#organization"},"potentialAction":[{"@type":"SearchAction","target":{"@type":"EntryPoint","urlTemplate":"https:\/\/eltecno.se\/?s={search_term_string}"},"query-input":{"@type":"PropertyValueSpecification","valueRequired":true,"valueName":"search_term_string"}}],"inLanguage":"sv-SE"},{"@type":"Organization","@id":"https:\/\/eltecno.se\/#organization","name":"Eltecno","url":"https:\/\/eltecno.se\/","logo":{"@type":"ImageObject","inLanguage":"sv-SE","@id":"https:\/\/eltecno.se\/#\/schema\/logo\/image\/","url":"https:\/\/eltecno.se\/wp-content\/uploads\/2025\/11\/cropped-Eltecno-logotyp-liggande.png","contentUrl":"https:\/\/eltecno.se\/wp-content\/uploads\/2025\/11\/cropped-Eltecno-logotyp-liggande.png","width":1494,"height":316,"caption":"Eltecno"},"image":{"@id":"https:\/\/eltecno.se\/#\/schema\/logo\/image\/"},"sameAs":["https:\/\/www.linkedin.com\/company\/eltecno-ab\/?viewAsMember=true"]}]}},"_links":{"self":[{"href":"https:\/\/eltecno.se\/index.php?rest_route=\/wp\/v2\/product\/764","targetHints":{"allow":["GET"]}}],"collection":[{"href":"https:\/\/eltecno.se\/index.php?rest_route=\/wp\/v2\/product"}],"about":[{"href":"https:\/\/eltecno.se\/index.php?rest_route=\/wp\/v2\/types\/product"}],"wp:featuredmedia":[{"embeddable":true,"href":"https:\/\/eltecno.se\/index.php?rest_route=\/wp\/v2\/media\/835"}],"wp:attachment":[{"href":"https:\/\/eltecno.se\/index.php?rest_route=%2Fwp%2Fv2%2Fmedia&parent=764"}],"wp:term":[{"taxonomy":"product_brand","embeddable":true,"href":"https:\/\/eltecno.se\/index.php?rest_route=%2Fwp%2Fv2%2Fproduct_brand&post=764"},{"taxonomy":"product_cat","embeddable":true,"href":"https:\/\/eltecno.se\/index.php?rest_route=%2Fwp%2Fv2%2Fproduct_cat&post=764"},{"taxonomy":"product_tag","embeddable":true,"href":"https:\/\/eltecno.se\/index.php?rest_route=%2Fwp%2Fv2%2Fproduct_tag&post=764"}],"curies":[{"name":"wp","href":"https:\/\/api.w.org\/{rel}","templated":true}]}}