{"id":767,"date":"2022-03-08T11:53:54","date_gmt":"2022-03-08T10:53:54","guid":{"rendered":"https:\/\/eltecno.se\/?post_type=product&#038;p=767"},"modified":"2025-10-24T11:11:35","modified_gmt":"2025-10-24T09:11:35","slug":"belysningscentral-16a","status":"publish","type":"product","link":"https:\/\/eltecno.se\/?product=belysningscentral-16a","title":{"rendered":"BELYSNINGSCENTRAL 16A"},"content":{"rendered":"","protected":false},"excerpt":{"rendered":"<p>V\u00e5ra belysningscentraler \u00e4r med l\u00e4ttanv\u00e4nda programmerbara ur samt \u00e4r enkla att underh\u00e5lla och kontrollera. Den perfekta tillf\u00e4lliga l\u00f6sningen som kan anv\u00e4ndas f\u00f6r belysningar p\u00e5 tex. byggarbetsplatser, evenemang, marknader, konserter. Speciellt utsatta delar som handtag och skyddslock finns \u00e4ven som tillbeh\u00f6r.<\/p>\n<p><a href=\"https:\/\/eltecno.se\/wp-content\/uploads\/2025\/10\/BELYSNINGSCENTRAL-16A-Artikelnr-UCBLP16-00-00104-10-001.pdf\">Ladda ned produktblad h\u00e4r<\/a><\/p>\n<p>Vill ni veta mer om denna produkt?<br \/>\nTa en titt i v\u00e5rt produktblad eller kontakta oss s\u00e5 hj\u00e4lper vi er.<\/p>\n","protected":false},"featured_media":883,"template":"","meta":{"_acf_changed":false,"om_disable_all_campaigns":false,"_monsterinsights_skip_tracking":false,"_monsterinsights_sitenote_active":false,"_monsterinsights_sitenote_note":"","_monsterinsights_sitenote_category":0,"site-sidebar-layout":"default","site-content-layout":"","ast-site-content-layout":"default","site-content-style":"default","site-sidebar-style":"default","ast-global-header-display":"","ast-banner-title-visibility":"","ast-main-header-display":"","ast-hfb-above-header-display":"","ast-hfb-below-header-display":"","ast-hfb-mobile-header-display":"","site-post-title":"","ast-breadcrumbs-content":"","ast-featured-img":"","footer-sml-layout":"","theme-transparent-header-meta":"default","adv-header-id-meta":"","stick-header-meta":"","header-above-stick-meta":"","header-main-stick-meta":"","header-below-stick-meta":"","astra-migrate-meta-layouts":"set","ast-page-background-enabled":"default","ast-page-background-meta":{"desktop":{"background-color":"var(--ast-global-color-5)","background-image":"","background-repeat":"repeat","background-position":"center center","background-size":"auto","background-attachment":"scroll","background-type":"","background-media":"","overlay-type":"","overlay-color":"","overlay-opacity":"","overlay-gradient":""},"tablet":{"background-color":"","background-image":"","background-repeat":"repeat","background-position":"center center","background-size":"auto","background-attachment":"scroll","background-type":"","background-media":"","overlay-type":"","overlay-color":"","overlay-opacity":"","overlay-gradient":""},"mobile":{"background-color":"","background-image":"","background-repeat":"repeat","background-position":"center center","background-size":"auto","background-attachment":"scroll","background-type":"","background-media":"","overlay-type":"","overlay-color":"","overlay-opacity":"","overlay-gradient":""}},"ast-content-background-meta":{"desktop":{"background-color":"var(--ast-global-color-4)","background-image":"","background-repeat":"repeat","background-position":"center center","background-size":"auto","background-attachment":"scroll","background-type":"","background-media":"","overlay-type":"","overlay-color":"","overlay-opacity":"","overlay-gradient":""},"tablet":{"background-color":"var(--ast-global-color-4)","background-image":"","background-repeat":"repeat","background-position":"center center","background-size":"auto","background-attachment":"scroll","background-type":"","background-media":"","overlay-type":"","overlay-color":"","overlay-opacity":"","overlay-gradient":""},"mobile":{"background-color":"var(--ast-global-color-4)","background-image":"","background-repeat":"repeat","background-position":"center center","background-size":"auto","background-attachment":"scroll","background-type":"","background-media":"","overlay-type":"","overlay-color":"","overlay-opacity":"","overlay-gradient":""}}},"product_brand":[],"product_cat":[25,36],"product_tag":[],"class_list":{"0":"post-767","1":"product","2":"type-product","3":"status-publish","4":"has-post-thumbnail","6":"product_cat-tillfallig-el","7":"product_cat-belysningcentraler","8":"desktop-align-left","9":"tablet-align-left","10":"mobile-align-left","12":"first","13":"instock","14":"shipping-taxable","15":"product-type-simple"},"acf":[],"aioseo_notices":[],"yoast_head":"<!-- This site is optimized with the Yoast SEO plugin v26.4 - https:\/\/yoast.com\/wordpress\/plugins\/seo\/ -->\n<title>BELYSNINGSCENTRAL 16A -<\/title>\n<meta name=\"robots\" content=\"index, follow, max-snippet:-1, max-image-preview:large, max-video-preview:-1\" \/>\n<link rel=\"canonical\" href=\"https:\/\/eltecno.se\/?product=belysningscentral-16a\" \/>\n<meta property=\"og:locale\" content=\"sv_SE\" \/>\n<meta property=\"og:type\" content=\"article\" \/>\n<meta property=\"og:title\" content=\"BELYSNINGSCENTRAL 16A -\" \/>\n<meta property=\"og:description\" content=\"V\u00e5ra belysningscentraler \u00e4r med l\u00e4ttanv\u00e4nda programmerbara ur samt \u00e4r enkla att underh\u00e5lla och kontrollera. Den perfekta tillf\u00e4lliga l\u00f6sningen som kan anv\u00e4ndas f\u00f6r belysningar p\u00e5 tex. byggarbetsplatser, evenemang, marknader, konserter. Speciellt utsatta delar som handtag och skyddslock finns \u00e4ven som tillbeh\u00f6r.  Ladda ned produktblad h\u00e4r  Vill ni veta mer om denna produkt? Ta en titt i v\u00e5rt produktblad eller kontakta oss s\u00e5 hj\u00e4lper vi er.\" \/>\n<meta property=\"og:url\" content=\"https:\/\/eltecno.se\/?product=belysningscentral-16a\" \/>\n<meta property=\"article:publisher\" content=\"https:\/\/www.linkedin.com\/company\/eltecno-ab\/?viewAsMember=true\" \/>\n<meta property=\"article:modified_time\" content=\"2025-10-24T09:11:35+00:00\" \/>\n<meta property=\"og:image\" content=\"https:\/\/eltecno.se\/wp-content\/uploads\/2022\/03\/98bl16-2.jpeg\" \/>\n\t<meta property=\"og:image:width\" content=\"1024\" \/>\n\t<meta property=\"og:image:height\" content=\"768\" \/>\n\t<meta property=\"og:image:type\" content=\"image\/jpeg\" \/>\n<meta name=\"twitter:card\" content=\"summary_large_image\" \/>\n<script type=\"application\/ld+json\" class=\"yoast-schema-graph\">{\"@context\":\"https:\/\/schema.org\",\"@graph\":[{\"@type\":\"WebPage\",\"@id\":\"https:\/\/eltecno.se\/?product=belysningscentral-16a\",\"url\":\"https:\/\/eltecno.se\/?product=belysningscentral-16a\",\"name\":\"BELYSNINGSCENTRAL 16A -\",\"isPartOf\":{\"@id\":\"https:\/\/eltecno.se\/#website\"},\"primaryImageOfPage\":{\"@id\":\"https:\/\/eltecno.se\/?product=belysningscentral-16a#primaryimage\"},\"image\":{\"@id\":\"https:\/\/eltecno.se\/?product=belysningscentral-16a#primaryimage\"},\"thumbnailUrl\":\"https:\/\/eltecno.se\/wp-content\/uploads\/2022\/03\/98bl16-2.jpeg\",\"datePublished\":\"2022-03-08T10:53:54+00:00\",\"dateModified\":\"2025-10-24T09:11:35+00:00\",\"breadcrumb\":{\"@id\":\"https:\/\/eltecno.se\/?product=belysningscentral-16a#breadcrumb\"},\"inLanguage\":\"sv-SE\",\"potentialAction\":[{\"@type\":\"ReadAction\",\"target\":[\"https:\/\/eltecno.se\/?product=belysningscentral-16a\"]}]},{\"@type\":\"ImageObject\",\"inLanguage\":\"sv-SE\",\"@id\":\"https:\/\/eltecno.se\/?product=belysningscentral-16a#primaryimage\",\"url\":\"https:\/\/eltecno.se\/wp-content\/uploads\/2022\/03\/98bl16-2.jpeg\",\"contentUrl\":\"https:\/\/eltecno.se\/wp-content\/uploads\/2022\/03\/98bl16-2.jpeg\",\"width\":1024,\"height\":768},{\"@type\":\"BreadcrumbList\",\"@id\":\"https:\/\/eltecno.se\/?product=belysningscentral-16a#breadcrumb\",\"itemListElement\":[{\"@type\":\"ListItem\",\"position\":1,\"name\":\"Hem\",\"item\":\"https:\/\/eltecno.se\/\"},{\"@type\":\"ListItem\",\"position\":2,\"name\":\"Produkter\",\"item\":\"https:\/\/eltecno.se\/alla-produkter\/\"},{\"@type\":\"ListItem\",\"position\":3,\"name\":\"BELYSNINGSCENTRAL 16A\"}]},{\"@type\":\"WebSite\",\"@id\":\"https:\/\/eltecno.se\/#website\",\"url\":\"https:\/\/eltecno.se\/\",\"name\":\"Eltecno\",\"description\":\"N\u00e4r du vill vara i fas med livet\",\"publisher\":{\"@id\":\"https:\/\/eltecno.se\/#organization\"},\"potentialAction\":[{\"@type\":\"SearchAction\",\"target\":{\"@type\":\"EntryPoint\",\"urlTemplate\":\"https:\/\/eltecno.se\/?s={search_term_string}\"},\"query-input\":{\"@type\":\"PropertyValueSpecification\",\"valueRequired\":true,\"valueName\":\"search_term_string\"}}],\"inLanguage\":\"sv-SE\"},{\"@type\":\"Organization\",\"@id\":\"https:\/\/eltecno.se\/#organization\",\"name\":\"Eltecno\",\"url\":\"https:\/\/eltecno.se\/\",\"logo\":{\"@type\":\"ImageObject\",\"inLanguage\":\"sv-SE\",\"@id\":\"https:\/\/eltecno.se\/#\/schema\/logo\/image\/\",\"url\":\"https:\/\/eltecno.se\/wp-content\/uploads\/2025\/11\/cropped-Eltecno-logotyp-liggande.png\",\"contentUrl\":\"https:\/\/eltecno.se\/wp-content\/uploads\/2025\/11\/cropped-Eltecno-logotyp-liggande.png\",\"width\":1494,\"height\":316,\"caption\":\"Eltecno\"},\"image\":{\"@id\":\"https:\/\/eltecno.se\/#\/schema\/logo\/image\/\"},\"sameAs\":[\"https:\/\/www.linkedin.com\/company\/eltecno-ab\/?viewAsMember=true\"]}]}<\/script>\n<!-- \/ Yoast SEO plugin. -->","yoast_head_json":{"title":"BELYSNINGSCENTRAL 16A -","robots":{"index":"index","follow":"follow","max-snippet":"max-snippet:-1","max-image-preview":"max-image-preview:large","max-video-preview":"max-video-preview:-1"},"canonical":"https:\/\/eltecno.se\/?product=belysningscentral-16a","og_locale":"sv_SE","og_type":"article","og_title":"BELYSNINGSCENTRAL 16A -","og_description":"V\u00e5ra belysningscentraler \u00e4r med l\u00e4ttanv\u00e4nda programmerbara ur samt \u00e4r enkla att underh\u00e5lla och kontrollera. Den perfekta tillf\u00e4lliga l\u00f6sningen som kan anv\u00e4ndas f\u00f6r belysningar p\u00e5 tex. byggarbetsplatser, evenemang, marknader, konserter. Speciellt utsatta delar som handtag och skyddslock finns \u00e4ven som tillbeh\u00f6r.  Ladda ned produktblad h\u00e4r  Vill ni veta mer om denna produkt? Ta en titt i v\u00e5rt produktblad eller kontakta oss s\u00e5 hj\u00e4lper vi er.","og_url":"https:\/\/eltecno.se\/?product=belysningscentral-16a","article_publisher":"https:\/\/www.linkedin.com\/company\/eltecno-ab\/?viewAsMember=true","article_modified_time":"2025-10-24T09:11:35+00:00","og_image":[{"width":1024,"height":768,"url":"https:\/\/eltecno.se\/wp-content\/uploads\/2022\/03\/98bl16-2.jpeg","type":"image\/jpeg"}],"twitter_card":"summary_large_image","schema":{"@context":"https:\/\/schema.org","@graph":[{"@type":"WebPage","@id":"https:\/\/eltecno.se\/?product=belysningscentral-16a","url":"https:\/\/eltecno.se\/?product=belysningscentral-16a","name":"BELYSNINGSCENTRAL 16A -","isPartOf":{"@id":"https:\/\/eltecno.se\/#website"},"primaryImageOfPage":{"@id":"https:\/\/eltecno.se\/?product=belysningscentral-16a#primaryimage"},"image":{"@id":"https:\/\/eltecno.se\/?product=belysningscentral-16a#primaryimage"},"thumbnailUrl":"https:\/\/eltecno.se\/wp-content\/uploads\/2022\/03\/98bl16-2.jpeg","datePublished":"2022-03-08T10:53:54+00:00","dateModified":"2025-10-24T09:11:35+00:00","breadcrumb":{"@id":"https:\/\/eltecno.se\/?product=belysningscentral-16a#breadcrumb"},"inLanguage":"sv-SE","potentialAction":[{"@type":"ReadAction","target":["https:\/\/eltecno.se\/?product=belysningscentral-16a"]}]},{"@type":"ImageObject","inLanguage":"sv-SE","@id":"https:\/\/eltecno.se\/?product=belysningscentral-16a#primaryimage","url":"https:\/\/eltecno.se\/wp-content\/uploads\/2022\/03\/98bl16-2.jpeg","contentUrl":"https:\/\/eltecno.se\/wp-content\/uploads\/2022\/03\/98bl16-2.jpeg","width":1024,"height":768},{"@type":"BreadcrumbList","@id":"https:\/\/eltecno.se\/?product=belysningscentral-16a#breadcrumb","itemListElement":[{"@type":"ListItem","position":1,"name":"Hem","item":"https:\/\/eltecno.se\/"},{"@type":"ListItem","position":2,"name":"Produkter","item":"https:\/\/eltecno.se\/alla-produkter\/"},{"@type":"ListItem","position":3,"name":"BELYSNINGSCENTRAL 16A"}]},{"@type":"WebSite","@id":"https:\/\/eltecno.se\/#website","url":"https:\/\/eltecno.se\/","name":"Eltecno","description":"N\u00e4r du vill vara i fas med livet","publisher":{"@id":"https:\/\/eltecno.se\/#organization"},"potentialAction":[{"@type":"SearchAction","target":{"@type":"EntryPoint","urlTemplate":"https:\/\/eltecno.se\/?s={search_term_string}"},"query-input":{"@type":"PropertyValueSpecification","valueRequired":true,"valueName":"search_term_string"}}],"inLanguage":"sv-SE"},{"@type":"Organization","@id":"https:\/\/eltecno.se\/#organization","name":"Eltecno","url":"https:\/\/eltecno.se\/","logo":{"@type":"ImageObject","inLanguage":"sv-SE","@id":"https:\/\/eltecno.se\/#\/schema\/logo\/image\/","url":"https:\/\/eltecno.se\/wp-content\/uploads\/2025\/11\/cropped-Eltecno-logotyp-liggande.png","contentUrl":"https:\/\/eltecno.se\/wp-content\/uploads\/2025\/11\/cropped-Eltecno-logotyp-liggande.png","width":1494,"height":316,"caption":"Eltecno"},"image":{"@id":"https:\/\/eltecno.se\/#\/schema\/logo\/image\/"},"sameAs":["https:\/\/www.linkedin.com\/company\/eltecno-ab\/?viewAsMember=true"]}]}},"_links":{"self":[{"href":"https:\/\/eltecno.se\/index.php?rest_route=\/wp\/v2\/product\/767","targetHints":{"allow":["GET"]}}],"collection":[{"href":"https:\/\/eltecno.se\/index.php?rest_route=\/wp\/v2\/product"}],"about":[{"href":"https:\/\/eltecno.se\/index.php?rest_route=\/wp\/v2\/types\/product"}],"wp:featuredmedia":[{"embeddable":true,"href":"https:\/\/eltecno.se\/index.php?rest_route=\/wp\/v2\/media\/883"}],"wp:attachment":[{"href":"https:\/\/eltecno.se\/index.php?rest_route=%2Fwp%2Fv2%2Fmedia&parent=767"}],"wp:term":[{"taxonomy":"product_brand","embeddable":true,"href":"https:\/\/eltecno.se\/index.php?rest_route=%2Fwp%2Fv2%2Fproduct_brand&post=767"},{"taxonomy":"product_cat","embeddable":true,"href":"https:\/\/eltecno.se\/index.php?rest_route=%2Fwp%2Fv2%2Fproduct_cat&post=767"},{"taxonomy":"product_tag","embeddable":true,"href":"https:\/\/eltecno.se\/index.php?rest_route=%2Fwp%2Fv2%2Fproduct_tag&post=767"}],"curies":[{"name":"wp","href":"https:\/\/api.w.org\/{rel}","templated":true}]}}